{"id":919,"date":"2024-04-02T11:34:18","date_gmt":"2024-04-02T09:34:18","guid":{"rendered":"https:\/\/www.gavahabitatge.cat\/?page_id=919"},"modified":"2025-01-09T11:21:34","modified_gmt":"2025-01-09T10:21:34","slug":"oficina-tecnica-de-rehabilitacion","status":"publish","type":"page","link":"https:\/\/www.gavahabitatge.cat\/es\/vivienda-en-gava\/oficina-tecnica-de-rehabilitacion\/","title":{"rendered":"Oficina T\u00e9cnica de Rehabilitaci\u00f3n (OPR)"},"content":{"rendered":"<p>La Oficina Local de Rehabilitaci\u00f3n de Gav\u00e0 es un servicio a trav\u00e9s del cual se realizan actuaciones en materia de rehabilitaci\u00f3n y desde d\u00f3nde se da respuesta a las necesidades de los habitantes, con el objetivo de erradicar la vulnerabilidad residencial.<\/p>\n<p><strong>La Oficina Local de Rehabilitaci\u00f3n realiza las siguientes funciones de \u00e1mbito informativo y atenci\u00f3n ciudadana:<\/strong><\/p>\n<ul>\n<li>Ofrece informaci\u00f3n y atenci\u00f3n ciudadana en materias relacionadas con la gesti\u00f3n de ayudas a la rehabilitaci\u00f3n de edificios de uso residencial y de viviendas.<\/li>\n<li>Asesoramiento a la propiedad sobre el procedimiento de realizaci\u00f3n y obtenci\u00f3n de la Inspecci\u00f3n T\u00e9cnica de los Edificios y certificado de aptitud, de la certificaci\u00f3n de eficiencia energ\u00e9tica y c\u00e9dulas de habitabilidad.<\/li>\n<li>Ofrece informaci\u00f3n respecto energ\u00edas renovables y ayudas que subvencionan actuaciones de implantaci\u00f3n de estas.<\/li>\n<\/ul>\n<p>El Plan Local de Vivienda de Gav\u00e0 incluye la identificaci\u00f3n de \u00e1reas de entornos vulnerables y la necesidad de intervenir en las edificaciones para corregir las patolog\u00edas existentes y mejorar la eficiencia energ\u00e9tica. Estas \u00e1reas est\u00e1n vinculadas a la falta de accesibilidad, el nivel de renta de la propiedad y el envejecimiento de los residentes, entre otros.<\/p>\n<p>El objetivo es facilitar la ejecuci\u00f3n de actuaciones de rehabilitaci\u00f3n, regeneraci\u00f3n urbana y erradicar la infravivienda acorde con las necesidades de cada comunidad. Este mecanismo ofrece acompa\u00f1amiento comunitario en la toma de decisiones y soporte en la tramitaci\u00f3n de ayudas, as\u00ed como congelar el precio del alquiler durante un per\u00edodo para evitar la expulsi\u00f3n de las personas residentes una vez hecha la rehabilitaci\u00f3n.<\/p>\n<p>&nbsp;<\/p>\n<h3>\u00bfA qui\u00e9n va dirigido?<\/h3>\n<p>Va dirigido a propietarios y ocupantes de inmuebles y viviendas, con prioridad los incluidos en \u00e1reas de conservaci\u00f3n y rehabilitaci\u00f3n detalladas a continuaci\u00f3n, y las construcciones con fecha anterior al 1980.<\/p>\n<ul>\n<li>Can Tintorer<\/li>\n<li>Can Pere Bori<\/li>\n<li>Can Tries<\/li>\n<li>\u00c0ngela Roca<\/li>\n<li>Can Serra Ballet<\/li>\n<li>Ausi\u00e0s Marc<\/li>\n<li>La Rambla \u2013 Barceloneta<\/li>\n<li>Centre<\/li>\n<li>Torre Lluch<\/li>\n<li>Les Colomeres<\/li>\n<li>Santa Teresa<\/li>\n<li>Diagonal<\/li>\n<li>B\u00f2biles<\/li>\n<li>Ca n\u2019Espin\u00f3s<\/li>\n<li>Les Ferreres<\/li>\n<\/ul>\n<p>&nbsp;<\/p>\n<h4>Para obtener m\u00e1s informaci\u00f3n, preferiblemente se puede dirigir a Gav\u00e0 Habitatge, mediante el siguiente correo electr\u00f3nico <strong><a href=\"mailto:gavahabitatge@gava.cat\">gavahabitatge@gava.cat<\/a><\/strong> o el tel\u00e9fono 932639660.<\/h4>\n","protected":false},"excerpt":{"rendered":"<p>La Oficina Local de Rehabilitaci\u00f3n de Gav\u00e0 es un servicio <a href=\"https:\/\/www.gavahabitatge.cat\/es\/vivienda-en-gava\/oficina-tecnica-de-rehabilitacion\/\"><\/p>\n<div id=\"ves-hi\">Llegir m\u00e9s<\/div>\n<p><\/a><\/p>\n","protected":false},"author":1,"featured_media":858,"parent":886,"menu_order":0,"comment_status":"closed","ping_status":"closed","template":"100-width.php","meta":{"_acf_changed":false,"footnotes":""},"class_list":["post-919","page","type-page","status-publish","has-post-thumbnail","hentry"],"acf":[],"_links":{"self":[{"href":"https:\/\/www.gavahabitatge.cat\/es\/wp-json\/wp\/v2\/pages\/919","targetHints":{"allow":["GET"]}}],"collection":[{"href":"https:\/\/www.gavahabitatge.cat\/es\/wp-json\/wp\/v2\/pages"}],"about":[{"href":"https:\/\/www.gavahabitatge.cat\/es\/wp-json\/wp\/v2\/types\/page"}],"author":[{"embeddable":true,"href":"https:\/\/www.gavahabitatge.cat\/es\/wp-json\/wp\/v2\/users\/1"}],"replies":[{"embeddable":true,"href":"https:\/\/www.gavahabitatge.cat\/es\/wp-json\/wp\/v2\/comments?post=919"}],"version-history":[{"count":0,"href":"https:\/\/www.gavahabitatge.cat\/es\/wp-json\/wp\/v2\/pages\/919\/revisions"}],"up":[{"embeddable":true,"href":"https:\/\/www.gavahabitatge.cat\/es\/wp-json\/wp\/v2\/pages\/886"}],"wp:featuredmedia":[{"embeddable":true,"href":"https:\/\/www.gavahabitatge.cat\/es\/wp-json\/wp\/v2\/media\/858"}],"wp:attachment":[{"href":"https:\/\/www.gavahabitatge.cat\/es\/wp-json\/wp\/v2\/media?parent=919"}],"curies":[{"name":"wp","href":"https:\/\/api.w.org\/{rel}","templated":true}]}}