{"id":886,"date":"2024-04-02T11:33:20","date_gmt":"2024-04-02T09:33:20","guid":{"rendered":"https:\/\/www.gavahabitatge.cat\/?page_id=886"},"modified":"2025-01-09T12:06:40","modified_gmt":"2025-01-09T11:06:40","slug":"vivienda-en-gava","status":"publish","type":"page","link":"https:\/\/www.gavahabitatge.cat\/es\/vivienda-en-gava\/","title":{"rendered":"Vivienda en Gav\u00e1"},"content":{"rendered":"<h2>Plan Local de la Vivienda de Gav\u00e1, 2021-2027<\/h2>\n<p>El Pleno del Ayuntamiento, en la sesi\u00f3n ordinaria del 29 de abril de 2021, aprob\u00f3 incialmente el \u00abPla Local d&#8217;Habitatge de Gav\u00e0, 2021-2027\u00bb y no habiendo recibido alegaciones ni reclamaciones durante el per\u00edodo de exposici\u00f3n p\u00fablica, queda aprobado definitivamente.<\/p>\n<ul>\n<li><a href=\"https:\/\/www.gavaciutat.cat\/documents\/20142\/71466\/Certificat+AD+PLH-Gava.pdf\/5c815b98-4116-33c3-9eeb-13a787966ce2\" target=\"_blank\" rel=\"noopener\">Certificado\u00a0de falta de alegaciones<\/a><\/li>\n<li><a href=\"https:\/\/www.gavaciutat.cat\/documents\/20142\/71458\/Certificat_acord+AI+PLH.pdf\/546bbd1b-f273-387a-bc5a-f721d641cd72\" target=\"_blank\" rel=\"noopener\">Certificado\u00a0del acuerdo del Pleno<\/a><\/li>\n<li><a href=\"https:\/\/www.gavaciutat.cat\/documents\/20142\/71466\/1853714+DOGC+cast.pdf+AI+PLH.pdf\/04d4dbe2-5f56-906f-7085-e8d6f7f05a8d\" target=\"_blank\" rel=\"noopener\">Publicaci\u00f3n anuncio en el DOGC<\/a><\/li>\n<li><a href=\"https:\/\/www.gavaciutat.cat\/documents\/20142\/71458\/PLHGav%C3%A0_An%C3%A0lisi-diagnosi-pla+acci%C3%B3.pdf\/63f42d9d-870f-b27b-fc7c-80d3be2c40d9\" target=\"_blank\" rel=\"noopener\">Documento del Pla Local d&#8217;habitatge de Gav\u00e0 2021-2027 (analisis, diagnosis y\u00a0plan de acci\u00f3n)<\/a><\/li>\n<li><a href=\"https:\/\/www.gavaciutat.cat\/documents\/20142\/71458\/PLHGava_ANNEXOS.pdf\/657c8769-717a-1711-7421-c3e78e27e5fd\" target=\"_blank\" rel=\"noopener\">Anexos<\/a><\/li>\n<li><a href=\"https:\/\/www.gavaciutat.cat\/documents\/20142\/71458\/PLHGav%C3%A0_S%C3%ADntesi.pdf\/5185aaac-53ef-30db-ac28-ece7d573e15a\" target=\"_blank\" rel=\"noopener\">Documento de s\u00edntesis<\/a><\/li>\n<\/ul>\n","protected":false},"excerpt":{"rendered":"<p>Plan Local de la Vivienda de Gav\u00e1, 2021-2027 El Pleno <a href=\"https:\/\/www.gavahabitatge.cat\/es\/vivienda-en-gava\/\"><\/p>\n<div id=\"ves-hi\">Llegir m\u00e9s<\/div>\n<p><\/a><\/p>\n","protected":false},"author":1,"featured_media":1566,"parent":0,"menu_order":0,"comment_status":"closed","ping_status":"closed","template":"100-width.php","meta":{"_acf_changed":false,"footnotes":""},"class_list":["post-886","page","type-page","status-publish","has-post-thumbnail","hentry"],"acf":[],"_links":{"self":[{"href":"https:\/\/www.gavahabitatge.cat\/es\/wp-json\/wp\/v2\/pages\/886","targetHints":{"allow":["GET"]}}],"collection":[{"href":"https:\/\/www.gavahabitatge.cat\/es\/wp-json\/wp\/v2\/pages"}],"about":[{"href":"https:\/\/www.gavahabitatge.cat\/es\/wp-json\/wp\/v2\/types\/page"}],"author":[{"embeddable":true,"href":"https:\/\/www.gavahabitatge.cat\/es\/wp-json\/wp\/v2\/users\/1"}],"replies":[{"embeddable":true,"href":"https:\/\/www.gavahabitatge.cat\/es\/wp-json\/wp\/v2\/comments?post=886"}],"version-history":[{"count":0,"href":"https:\/\/www.gavahabitatge.cat\/es\/wp-json\/wp\/v2\/pages\/886\/revisions"}],"wp:featuredmedia":[{"embeddable":true,"href":"https:\/\/www.gavahabitatge.cat\/es\/wp-json\/wp\/v2\/media\/1566"}],"wp:attachment":[{"href":"https:\/\/www.gavahabitatge.cat\/es\/wp-json\/wp\/v2\/media?parent=886"}],"curies":[{"name":"wp","href":"https:\/\/api.w.org\/{rel}","templated":true}]}}