{"id":861,"date":"2024-04-02T11:33:44","date_gmt":"2024-04-02T09:33:44","guid":{"rendered":"https:\/\/www.gavahabitatge.cat\/?page_id=861"},"modified":"2025-01-24T16:17:39","modified_gmt":"2025-01-24T15:17:39","slug":"plan-local-de-vivienda-de-gava","status":"publish","type":"page","link":"https:\/\/www.gavahabitatge.cat\/es\/vivienda-en-gava\/plan-local-de-vivienda-de-gava\/","title":{"rendered":"Plan Local de Vivienda de Gav\u00e1"},"content":{"rendered":"<p>Tanto la situaci\u00f3n actual como las previsiones a medio plazo demuestran que es <strong>imprescindible abordar unas pol\u00edticas de vivienda<\/strong> valientes e innovadoras. Y esta es una de nuestras prioridades.<\/p>\n<p>Poner <strong>vivienda de calidad y asequible<\/strong> a disposici\u00f3n de los j\u00f3venes, de las familias que eligen Gav\u00e0 para desarrollar su proyecto vital, de las personas que quieren cambiar o mejorar su espacio de residencia.<\/p>\n<p>Actuar sobre el parque de vivienda actual, garantizando su <strong>conservaci\u00f3n<\/strong>, su <strong>confortabilidad<\/strong> y, evidentemente, su <strong>accesibilidad.<\/strong><\/p>\n<p><strong>Proteger a las personas residentes<\/strong> y dedicar todos los esfuerzos necesarios para que nadie pierda su hogar.<\/p>\n<p>Estos son nuestros <strong>retos<\/strong>. Porque somos plenamente conscientes de que, preservando este derecho fundamental, haremos de <strong>Gav\u00e0 una ciudad m\u00e1s cohesionada socialmente<\/strong> y donde todos y todas disfrutemos de las mismas oportunidades.<\/p>\n<p>&nbsp;<\/p>\n<h3>\u00bfPor qu\u00e9 un Plan Local de Vivienda?<\/h3>\n<p>Son muchas y muy importantes las razones:<\/p>\n<ul>\n<li><strong>4.000 solicitudes<\/strong> recibidas en la <strong>Oficina Local de la Vivienda<\/strong> para acceder a una vivienda de protecci\u00f3n oficial.<\/li>\n<li><strong>Disponibilidad de suelo<\/strong> muy <strong>amplia y preparada<\/strong> para atender las nuevas necesidades.\n<ul>\n<li>Concentrada en Poniente, Espai Roca y Llevant Mar.<\/li>\n<li>El PLH contempla un potencial de cerca de <strong>2.300 viviendas en 6 a\u00f1os, el 40% de las cuales de protecci\u00f3n oficial.<\/strong><\/li>\n<\/ul>\n<\/li>\n<\/ul>\n<p><img decoding=\"async\" class=\"lazyload alignnone size-full wp-image-890\" src=\"https:\/\/www.gavahabitatge.cat\/wp-content\/uploads\/2025\/01\/DADES-NOUS-HABITATGES_CAST.png\" data-orig-src=\"https:\/\/www.gavahabitatge.cat\/wp-content\/uploads\/2025\/01\/DADES-NOUS-HABITATGES_CAST.png\" alt=\"\" width=\"800\" height=\"235\" srcset=\"data:image\/svg+xml,%3Csvg%20xmlns%3D%27http%3A%2F%2Fwww.w3.org%2F2000%2Fsvg%27%20width%3D%27800%27%20height%3D%27235%27%20viewBox%3D%270%200%20800%20235%27%3E%3Crect%20width%3D%27800%27%20height%3D%27235%27%20fill-opacity%3D%220%22%2F%3E%3C%2Fsvg%3E\" data-srcset=\"https:\/\/www.gavahabitatge.cat\/wp-content\/uploads\/2025\/01\/DADES-NOUS-HABITATGES_CAST-200x59.png 200w, https:\/\/www.gavahabitatge.cat\/wp-content\/uploads\/2025\/01\/DADES-NOUS-HABITATGES_CAST-300x88.png 300w, https:\/\/www.gavahabitatge.cat\/wp-content\/uploads\/2025\/01\/DADES-NOUS-HABITATGES_CAST-400x118.png 400w, https:\/\/www.gavahabitatge.cat\/wp-content\/uploads\/2025\/01\/DADES-NOUS-HABITATGES_CAST-600x176.png 600w, https:\/\/www.gavahabitatge.cat\/wp-content\/uploads\/2025\/01\/DADES-NOUS-HABITATGES_CAST-768x226.png 768w, https:\/\/www.gavahabitatge.cat\/wp-content\/uploads\/2025\/01\/DADES-NOUS-HABITATGES_CAST.png 800w\" data-sizes=\"auto\" data-orig-sizes=\"(max-width: 800px) 100vw, 800px\" \/><\/p>\n<ul>\n<li><strong>Parque poco envejecido<\/strong>, aunque <strong>el 43% de las viviendas necesitan intervenciones<\/strong> de adecuaci\u00f3n y mejora (accesibilidad y confort t\u00e9rmico).<\/li>\n<li><strong>El 65% de las viviendas no son accesibles<\/strong> para personas con movilidad reducida, problema que afecta al 66% de edificios con tres plantas o m\u00e1s.<\/li>\n<li><strong>Es necesario establecer mecanismos con la Generalitat para evitar desahucios.<\/strong> Mayor disciplina municipal vinculada a la vivienda vac\u00eda, el mal uso de la vivienda p\u00fablica o posibles acosos inmobiliarios<strong>.<\/strong><\/li>\n<li><strong>Limitaci\u00f3n de los pisos tur\u00edsticos:<\/strong> un plan especial urban\u00edstico los regula y limita su presencia al 5% de cada manzana.<\/li>\n<li><strong>Reforzar recursos destinados a la vivienda.<\/strong> Se necesitan equipos propios y bien dotados, coordinados con todos los departamentos municipales y con los agentes externos que trabajan en torno a la vivienda.<\/li>\n<li><strong>Reactivar la Mesa de Vivienda<\/strong> como punto clave para tejer alianzas.<\/li>\n<li><strong>Gav\u00e0 es una ciudad bien conectada<\/strong> que permite vivir y trabajar en el \u00e1rea metropolitana y presenta din\u00e1micas propias del entorno, como <strong>falta de pisos de alquiler y precios elevados<\/strong> (890 euros\/mes de media en 2019).<\/li>\n<\/ul>\n<p>&nbsp;<\/p>\n<h3>\u00bfQu\u00e9 es un Plan Local de Vivienda (PLH)?<\/h3>\n<p>El PLH define, para un periodo de <strong>6 a\u00f1os<\/strong>, las <strong>estrategias y propuestas a desarrollar<\/strong> desde el Ayuntamiento con el objetivo de fomentar el <strong>derecho a disfrutar de una vivienda digna en condiciones asequibles<\/strong>.<\/p>\n<p>Entre <strong>2019 y 2020 se trabaj\u00f3 en el PLH de Gav\u00e0<\/strong> con la participaci\u00f3n de los equipos t\u00e9cnicos municipales, entidades y agentes que trabajan en la vivienda en el municipio.<\/p>\n<p><strong>\u00bfY t\u00fa qu\u00e9 opinas? \u00bfCu\u00e1les son las principales problem\u00e1ticas relacionadas con la vivienda en Gav\u00e0 y c\u00f3mo te afectan?<\/strong><\/p>\n<p>&nbsp;<\/p>\n<h3>Los grandes temas que aborda el an\u00e1lisis del Plan Local de Vivienda de Gav\u00e0:<\/h3>\n<ul>\n<li><strong>Las personas:<\/strong> \u00bfCu\u00e1nta gente seremos en el municipio dentro de 6 a\u00f1os? \u00bfQu\u00e9 problem\u00e1ticas existen en relaci\u00f3n con la preservaci\u00f3n de la vivienda? \u00bfCu\u00e1nta vivienda asequible necesitamos?<\/li>\n<li><strong>El mercado:<\/strong> \u00bfCu\u00e1l es la situaci\u00f3n del mercado inmobiliario? \u00bfHay conflictos de intereses entre el mercado inmobiliario y las necesidades de la poblaci\u00f3n?<\/li>\n<li><strong>El parque de viviendas:<\/strong> \u00bfC\u00f3mo son los edificios y las viviendas? \u00bfEn qu\u00e9 condiciones de conservaci\u00f3n, accesibilidad y uso est\u00e1n? \u00bfCu\u00e1les son los principales entornos con necesidades de rehabilitaci\u00f3n? \u00bfTenemos vivienda vac\u00eda, infravivienda, viviendas sobreocupadas?<\/li>\n<li><strong>La planificaci\u00f3n urban\u00edstica:<\/strong> \u00bfQu\u00e9 oportunidades nos ofrece la planificaci\u00f3n para generar vivienda asequible?<\/li>\n<li><strong>Los recursos e iniciativas existentes:<\/strong> \u00bfQu\u00e9 se est\u00e1 haciendo para mejorar las condiciones de las viviendas? \u00bfY para facilitar el pago del alquiler, la hipoteca y los suministros? \u00bfY para generar vivienda asequible? \u00bfY para evitar que haya viviendas vac\u00edas? \u00bfQu\u00e9 se puede mejorar?<\/li>\n<\/ul>\n<p>&nbsp;<\/p>\n<h2>Principales l\u00edneas de actuaci\u00f3n del Plan Local de Vivienda<\/h2>\n<h3>A. Prevenir el riesgo de p\u00e9rdida de la vivienda y de la poblaci\u00f3n<\/h3>\n<ul>\n<li>Atender y prevenir la p\u00e9rdida de vivienda y la pobreza energ\u00e9tica.<\/li>\n<li>Facilitar el mantenimiento de las personas residentes en Gav\u00e0, evitando que tengan que marcharse por el incremento del precio de la vivienda o la falta de oferta y oportunidades.<\/li>\n<li>Regular la vivienda de uso tur\u00edstico.<\/li>\n<\/ul>\n<h3>B. Mejorar las viviendas existentes<\/h3>\n<ul>\n<li>Reforzar programas y ayudas existentes de mejora de viviendas y de edificios envejecidos.<\/li>\n<li>Adecuar y hacer accesibles las viviendas donde viven personas mayores y personas con movilidad reducida.<\/li>\n<li>Enfocar los programas de rehabilitaci\u00f3n de viviendas en los entornos m\u00e1s vulnerables.<\/li>\n<\/ul>\n<h3>C. Ampliar el parque de vivienda asequible y social<\/h3>\n<ul>\n<li>Impulsar una pol\u00edtica de promoci\u00f3n de vivienda a precio asequible, de manera coordinada con otros organismos p\u00fablicos.<\/li>\n<li>Promover en Gav\u00e0 vivienda en alquiler asequible y social.<\/li>\n<li>Mantener la titularidad p\u00fablica del suelo.<\/li>\n<li>Mejorar la distribuci\u00f3n territorial de la vivienda asequible.<\/li>\n<li>Diversificar los operadores que promueven vivienda asequible en el municipio, incrementando el peso de los organismos p\u00fablicos y las entidades sociales.<\/li>\n<\/ul>\n<h3><strong>D. Gestionar el parque de vivienda asequible y social<\/strong><\/h3>\n<ul>\n<li>Crear vivienda social destinada a personas en situaci\u00f3n de vulnerabilidad, de manera coordinada con entidades sociales y con la creaci\u00f3n de un fondo social de alquiler.<\/li>\n<li>Gesti\u00f3n de las viviendas del parque p\u00fablico: definiendo los criterios de adjudicaci\u00f3n, estableciendo un servicio de mediaci\u00f3n y haciendo seguimiento de las viviendas.<\/li>\n<\/ul>\n<h3><strong>E. Reforzar la pol\u00edtica municipal de vivienda<\/strong><\/h3>\n<ul>\n<li>Generar un equipo para impulsar y gestionar las pol\u00edticas municipales de vivienda.<\/li>\n<li>Mejorar la participaci\u00f3n ciudadana, como por ejemplo creando un espacio de trabajo conjunto con la ciudadan\u00eda, entidades y administraciones.<\/li>\n<li>Mejorar la difusi\u00f3n y comunicaci\u00f3n de las pol\u00edticas y acciones de vivienda, para facilitar el acceso a los servicios y ayudas a la ciudadan\u00eda.<\/li>\n<\/ul>\n<p>&nbsp;<\/p>\n<h2>La ejecuci\u00f3n del Plan Local de Vivienda<\/h2>\n<p>Se prev\u00e9 el desarrollo de las diferentes actuaciones durante los <strong>6 a\u00f1os de vigencia del PLH<\/strong>, pero con una importante carga en cuanto a la implementaci\u00f3n de nuevas actuaciones y el refuerzo o mejora de las existentes durante los 3 primeros a\u00f1os de ejecuci\u00f3n del Plan. En este sentido, abarcan todo el calendario las acciones relacionadas con la ampliaci\u00f3n del parque de vivienda asequible y social.<\/p>\n<p>La implementaci\u00f3n del Plan Local de Vivienda prev\u00e9 destinar una <strong>dotaci\u00f3n presupuestaria de 3,8 millones de euros<\/strong>. Adem\u00e1s del Ayuntamiento, los principales agentes que pueden aportar fondos y financiaci\u00f3n para su desarrollo son la Diputaci\u00f3n de Barcelona, las ayudas previstas en el Plan Estatal de Vivienda, y la Generalitat de Catalu\u00f1a a trav\u00e9s del Instituto Catal\u00e1n de Finanzas, y la obtenci\u00f3n de Fondos Europeos.<\/p>\n<p>&nbsp;<\/p>\n<p><img decoding=\"async\" class=\"lazyload alignnone size-full wp-image-846\" src=\"https:\/\/www.gavahabitatge.cat\/wp-content\/uploads\/2025\/01\/AF-BANNER-PLA-HABITATGE_800.png\" data-orig-src=\"https:\/\/www.gavahabitatge.cat\/wp-content\/uploads\/2025\/01\/AF-BANNER-PLA-HABITATGE_800.png\" alt=\"\" width=\"800\" height=\"333\" srcset=\"data:image\/svg+xml,%3Csvg%20xmlns%3D%27http%3A%2F%2Fwww.w3.org%2F2000%2Fsvg%27%20width%3D%27800%27%20height%3D%27333%27%20viewBox%3D%270%200%20800%20333%27%3E%3Crect%20width%3D%27800%27%20height%3D%27333%27%20fill-opacity%3D%220%22%2F%3E%3C%2Fsvg%3E\" data-srcset=\"https:\/\/www.gavahabitatge.cat\/wp-content\/uploads\/2025\/01\/AF-BANNER-PLA-HABITATGE_800-200x83.png 200w, https:\/\/www.gavahabitatge.cat\/wp-content\/uploads\/2025\/01\/AF-BANNER-PLA-HABITATGE_800-300x125.png 300w, https:\/\/www.gavahabitatge.cat\/wp-content\/uploads\/2025\/01\/AF-BANNER-PLA-HABITATGE_800-400x167.png 400w, https:\/\/www.gavahabitatge.cat\/wp-content\/uploads\/2025\/01\/AF-BANNER-PLA-HABITATGE_800-600x250.png 600w, https:\/\/www.gavahabitatge.cat\/wp-content\/uploads\/2025\/01\/AF-BANNER-PLA-HABITATGE_800-768x320.png 768w, https:\/\/www.gavahabitatge.cat\/wp-content\/uploads\/2025\/01\/AF-BANNER-PLA-HABITATGE_800.png 800w\" data-sizes=\"auto\" data-orig-sizes=\"(max-width: 800px) 100vw, 800px\" \/><\/p>\n<p>&nbsp;<\/p>\n<h2>Participaci\u00f3n ciudadana<\/h2>\n<p>Para sumar la opini\u00f3n y propuestas de la ciudadan\u00eda, del 17 de febrero al 16 de marzo de 2021 se abri\u00f3 un proceso participativo a trav\u00e9s de diversas v\u00edas presenciales y virtuales:<\/p>\n<ul>\n<li><strong>Participaci\u00f3n digital:<\/strong> encuesta telem\u00e1tica en la Plataforma Digital \u201cGav\u00e0 Participa, Gav\u00e0 Decideix\u201d<\/li>\n<li><strong>Actividades de calle:<\/strong> puntos de informaci\u00f3n y encuesta.<\/li>\n<li><strong>Encuentro ciudadano \u201cHablemos del Plan Local de Vivienda\u201d:<\/strong> Carpas ubicadas en diversos lugares de Gav\u00e0 para recoger propuestas e ideas a trav\u00e9s de una encuesta.<\/li>\n<li><strong>Sesi\u00f3n virtual<\/strong> (por videoconferencia) de presentaci\u00f3n resumida del PLH y de opini\u00f3n, debate y presentaci\u00f3n de propuestas, celebrada el 9 de marzo de 2021.<\/li>\n<\/ul>\n<p>Consulte la <a href=\"https:\/\/participa.gavaciutat.cat\/uploads\/decidim\/attachment\/file\/282\/Mem%C3%B2ria_del_proc%C3%A9s_participatiu_del_PLH.pdf\" target=\"_blank\" rel=\"noopener\">memoria final del proceso participativo del Plan Local de Vivienda de Gav\u00e0<\/a>.<\/p>\n<p><strong>Documento que pasa a la aprobaci\u00f3n inicial del Pleno Municipal del 29 de abril de 2021, una vez cerrado el proceso participativo y analizadas las aportaciones ciudadanas:<\/strong><\/p>\n<ul>\n<li><a href=\"https:\/\/www.gavahabitatge.cat\/wp-content\/uploads\/2025\/01\/210413-PLH-analisi-diagnosi-pla-accio.pdf\" target=\"_blank\" rel=\"noopener\">Plan Local de Vivienda de Gav\u00e0<\/a><\/li>\n<li><a href=\"https:\/\/www.gavahabitatge.cat\/wp-content\/uploads\/2025\/01\/210413-PLH-Gava_ANNEXOS.pdf\" target=\"_blank\" rel=\"noopener\">Anexos<\/a> del Plan Local de Vivienda de Gav\u00e0<\/li>\n<\/ul>\n","protected":false},"excerpt":{"rendered":"<p>Tanto la situaci\u00f3n actual como las previsiones a medio plazo <a href=\"https:\/\/www.gavahabitatge.cat\/es\/vivienda-en-gava\/plan-local-de-vivienda-de-gava\/\"><\/p>\n<div id=\"ves-hi\">Llegir m\u00e9s<\/div>\n<p><\/a><\/p>\n","protected":false},"author":1,"featured_media":1566,"parent":886,"menu_order":0,"comment_status":"closed","ping_status":"closed","template":"","meta":{"_acf_changed":false,"footnotes":""},"class_list":["post-861","page","type-page","status-publish","has-post-thumbnail","hentry"],"acf":[],"_links":{"self":[{"href":"https:\/\/www.gavahabitatge.cat\/es\/wp-json\/wp\/v2\/pages\/861","targetHints":{"allow":["GET"]}}],"collection":[{"href":"https:\/\/www.gavahabitatge.cat\/es\/wp-json\/wp\/v2\/pages"}],"about":[{"href":"https:\/\/www.gavahabitatge.cat\/es\/wp-json\/wp\/v2\/types\/page"}],"author":[{"embeddable":true,"href":"https:\/\/www.gavahabitatge.cat\/es\/wp-json\/wp\/v2\/users\/1"}],"replies":[{"embeddable":true,"href":"https:\/\/www.gavahabitatge.cat\/es\/wp-json\/wp\/v2\/comments?post=861"}],"version-history":[{"count":0,"href":"https:\/\/www.gavahabitatge.cat\/es\/wp-json\/wp\/v2\/pages\/861\/revisions"}],"up":[{"embeddable":true,"href":"https:\/\/www.gavahabitatge.cat\/es\/wp-json\/wp\/v2\/pages\/886"}],"wp:featuredmedia":[{"embeddable":true,"href":"https:\/\/www.gavahabitatge.cat\/es\/wp-json\/wp\/v2\/media\/1566"}],"wp:attachment":[{"href":"https:\/\/www.gavahabitatge.cat\/es\/wp-json\/wp\/v2\/media?parent=861"}],"curies":[{"name":"wp","href":"https:\/\/api.w.org\/{rel}","templated":true}]}}