{"id":38,"date":"2024-03-25T20:19:50","date_gmt":"2024-03-25T19:19:50","guid":{"rendered":"https:\/\/www.gavahabitatge.cat\/?page_id=38"},"modified":"2025-11-17T09:52:11","modified_gmt":"2025-11-17T08:52:11","slug":"inicio","status":"publish","type":"page","link":"https:\/\/www.gavahabitatge.cat\/es\/","title":{"rendered":"Inicio"},"content":{"rendered":"<div class=\"fusion-fullwidth fullwidth-box fusion-builder-row-1 fusion-flex-container has-pattern-background has-mask-background nonhundred-percent-fullwidth non-hundred-percent-height-scrolling\" style=\"--awb-border-radius-top-left:0px;--awb-border-radius-top-right:0px;--awb-border-radius-bottom-right:0px;--awb-border-radius-bottom-left:0px;--awb-flex-wrap:wrap;\" ><div class=\"fusion-builder-row fusion-row fusion-flex-align-items-flex-start fusion-flex-content-wrap\" style=\"max-width:1248px;margin-left: calc(-4% \/ 2 );margin-right: calc(-4% \/ 2 );\"><div class=\"fusion-layout-column fusion_builder_column fusion-builder-column-0 fusion_builder_column_1_1 1_1 fusion-flex-column\" style=\"--awb-bg-size:cover;--awb-width-large:100%;--awb-margin-top-large:0px;--awb-spacing-right-large:1.92%;--awb-margin-bottom-large:20px;--awb-spacing-left-large:1.92%;--awb-width-medium:100%;--awb-order-medium:0;--awb-spacing-right-medium:1.92%;--awb-spacing-left-medium:1.92%;--awb-width-small:100%;--awb-order-small:0;--awb-spacing-right-small:1.92%;--awb-spacing-left-small:1.92%;\"><div class=\"fusion-column-wrapper fusion-column-has-shadow fusion-flex-justify-content-flex-start fusion-content-layout-column\"><div class=\"fusion-title title fusion-title-1 fusion-sep-none fusion-title-text fusion-title-size-one\" style=\"--awb-text-color:#fb680e;\"><h1 class=\"fusion-title-heading title-heading-left\" style=\"margin:0;\"><h1 class=\"fusion-title-heading title-heading-left\">Nueva l\u00ednea de pr\u00e9stamos que ayudar\u00e1 los j\u00f3venes a pagar la entrada de su primera vivienda<\/h1><\/h1><\/div><div class=\"fusion-text fusion-text-1\"><div class=\"traductor-textarea form-group\">\n<div class=\"textarea-desti col-xs-12 col-sm-6\">\n<h1 class=\"form-control second-textarea\">Financia la entrada de tu primera vivienda al 0%!<\/h1>\n<\/div>\n<p>Si tienes entre 18 y 35 a\u00f1os y quieres comprar tu primera vivienda, el pr\u00e9stamo ICF Vivienda Emancipaci\u00f3n te permite financiar la entrada hasta el 20% del importe de compraventa con un l\u00edmite de 50.000\u20ac. No lo tendr\u00e1s que devolver hasta que\u00a0la hipoteca con el banco est\u00e9 pagada. Despu\u00e9s de este periodo, dispondr\u00e1s de\u00a05 a\u00f1os para devolver la totalidad del pr\u00e9stamo en cuotas mensuales con unos intereses del 0%.<\/p>\n<\/div>\n<p>Adem\u00e1s, con la voluntad de ampliar la oferta del parque de vivienda asequible en Catalu\u00f1a, la vivienda que adquieras se convertir\u00e1 en vivienda con protecci\u00f3n oficial (HPO) de precio limitado de manera permanente.<\/p>\n<p>Si tienes dudas para hacer tu solicitud, puedes consultar esta gu\u00eda para solicitar los pr\u00e9stamos Emancipaci\u00f3n.<\/p>\n<h2>\u00bfQui\u00e9n puede solicitar este pr\u00e9stamo?<\/h2>\n<p>Todas las personas solicitantes del pr\u00e9stamo tienen que cumplir\u00a0los siguientes requisitos al momento de hacer la solicitud:<\/p>\n<ul>\n<li>Tener entre 18 y hasta 35 a\u00f1os (incluidos) en el momento de hacer la solicitud y estar empadronadas en Catalu\u00f1a.<\/li>\n<li>La vivienda tiene que ser lo primero que compra la persona solicitante para acontecer su residencia habitual.<\/li>\n<li>Los\u00a0ingresos brutos anuales\u00a0de todos los miembros de la unidad de convivencia futura\u00a0(incluyendo menores y personas que no soliciten el pr\u00e9stamo)\u00a0no pueden superar el Indicador de Renta de Suficiencia de Catalu\u00f1a (IRSC)\u00a0multiplicado por 6,5. Por ejemplo:<br \/>\nUna\u00a0persona: hasta\u00a080.963,31\u20ac\u00a0anuales.<br \/>\nDos personas: hasta 83.467,33\u20ac anuales.<\/li>\n<li>La persona solicitando\u00a0no puede tener impagos ni deudas significativas\u00a0con entidades financieras o del sector p\u00fablico y el ICF estudiar\u00e1 cada caso para evaluar si es solvente.<\/li>\n<\/ul>\n<h2>M\u00e1s informaci\u00f3n<\/h2>\n<div class=\"traductor-textarea form-group\">\n<div class=\"textarea-desti col-xs-12 col-sm-6\">\n<div class=\"form-control second-textarea\">Pod\u00e9is encontrar toda la informaci\u00f3n relacionada con este tr\u00e1mite en el siguiente enlace:<\/div>\n<\/div>\n<\/div>\n<div class=\"traductor-checkbox form-group\">\n<div class=\"row\">\n<div class=\"col-sm-offset-2 col-sm-5\">https:\/\/www.icf.cat\/ca\/prestecs\/habitatge\/icf-habitatge-emancipacio<\/div>\n<\/div>\n<\/div>\n<\/div><\/div><\/div><\/div><\/div>\n","protected":false},"excerpt":{"rendered":"","protected":false},"author":1,"featured_media":0,"parent":0,"menu_order":0,"comment_status":"closed","ping_status":"closed","template":"100-width.php","meta":{"_acf_changed":false,"footnotes":""},"class_list":["post-38","page","type-page","status-publish","hentry"],"acf":[],"_links":{"self":[{"href":"https:\/\/www.gavahabitatge.cat\/es\/wp-json\/wp\/v2\/pages\/38","targetHints":{"allow":["GET"]}}],"collection":[{"href":"https:\/\/www.gavahabitatge.cat\/es\/wp-json\/wp\/v2\/pages"}],"about":[{"href":"https:\/\/www.gavahabitatge.cat\/es\/wp-json\/wp\/v2\/types\/page"}],"author":[{"embeddable":true,"href":"https:\/\/www.gavahabitatge.cat\/es\/wp-json\/wp\/v2\/users\/1"}],"replies":[{"embeddable":true,"href":"https:\/\/www.gavahabitatge.cat\/es\/wp-json\/wp\/v2\/comments?post=38"}],"version-history":[{"count":4,"href":"https:\/\/www.gavahabitatge.cat\/es\/wp-json\/wp\/v2\/pages\/38\/revisions"}],"predecessor-version":[{"id":1564,"href":"https:\/\/www.gavahabitatge.cat\/es\/wp-json\/wp\/v2\/pages\/38\/revisions\/1564"}],"wp:attachment":[{"href":"https:\/\/www.gavahabitatge.cat\/es\/wp-json\/wp\/v2\/media?parent=38"}],"curies":[{"name":"wp","href":"https:\/\/api.w.org\/{rel}","templated":true}]}}