{"id":1455,"date":"2025-02-11T15:32:31","date_gmt":"2025-02-11T14:32:31","guid":{"rendered":"https:\/\/www.gavahabitatge.cat\/?page_id=1455"},"modified":"2025-02-11T15:35:02","modified_gmt":"2025-02-11T14:35:02","slug":"aviso-legal","status":"publish","type":"page","link":"https:\/\/www.gavahabitatge.cat\/es\/aviso-legal\/","title":{"rendered":"Aviso legal"},"content":{"rendered":"<p>Gavanenca de Terrenys i Immobles S.A., a trav\u00e9s de este portal web, facilita el acceso a informaci\u00f3n de inter\u00e9s ciudadano sobre el Ayuntamiento y la ciudad de Gav\u00e0, as\u00ed como a servicios web relacionados con la actividad municipal.<\/p>\n<p>&nbsp;<\/p>\n<h3>Titularidad de la p\u00e1gina web<\/h3>\n<p>Identidad: Gavanenca de Terrenys i Immobles S.A.<\/p>\n<p>CIF: A59863639<\/p>\n<p>Direcci\u00f3n postal: Pla\u00e7a de Jaume Balmes s\/n, 08850 Gav\u00e0<\/p>\n<p>Tel\u00e9fono: 93 263 91 00<\/p>\n<p>Correo electr\u00f3nico: info@gavahabitatge.cat<\/p>\n<p>&nbsp;<\/p>\n<h3>Garant\u00edas y responsabilidades<\/h3>\n<p>El acceso a la web www.gavahabitatge.cat\/ supone la aceptaci\u00f3n expresa de sus pol\u00edticas y el compromiso de no realizar ning\u00fan acto que pueda infringir la ley o las condiciones establecidas, lo que podr\u00eda conllevar, en su caso, las correspondientes responsabilidades legales.<\/p>\n<p>Nos reservamos el derecho de efectuar en cualquier momento modificaciones o actualizaciones de la informaci\u00f3n contenida en la web, de su configuraci\u00f3n, presentaci\u00f3n o de las condiciones legales.<\/p>\n<p>Asimismo, no podemos garantizar la inexistencia de interrupciones o errores en el acceso a la web o a su contenido, ni de posibles errores t\u00e9cnicos que se produzcan durante la conexi\u00f3n a Internet, as\u00ed como tampoco de posibles da\u00f1os que pudieran derivarse de interferencias, omisiones o virus inform\u00e1ticos motivados por causas ajenas al titular de la web.<\/p>\n<p>&nbsp;<\/p>\n<h3>Propiedad Intelectual<\/h3>\n<p>Esta web puede alojar contenidos protegidos por derechos de propiedad intelectual e industrial. Todos los contenidos mencionados (textos, audiovisuales, c\u00f3digo, dise\u00f1os, logotipos, marcas, etc.) son propiedad del titular de la web.<\/p>\n<p>Cualquier uso no autorizado de estos contenidos podr\u00e1 ser considerado un incumplimiento de los derechos de propiedad intelectual o industrial y podr\u00e1 conllevar, en su caso, las correspondientes responsabilidades legales.<\/p>\n<p>La simple navegaci\u00f3n o uso de la web o de sus servicios no otorga en ning\u00fan caso licencia o cesi\u00f3n parcial o total sobre los derechos mencionados, quedando expresamente prohibida cualquier transmisi\u00f3n, reproducci\u00f3n, distribuci\u00f3n, comunicaci\u00f3n p\u00fablica o transformaci\u00f3n total o parcial de los mismos sin el consentimiento previo de los titulares.<\/p>\n<p>&nbsp;<\/p>\n<h3>Aviso sobre el uso de cookies<\/h3>\n<p>Este portal web hace uso de cookies, archivos de texto ubicados en el ordenador del usuario, para ayudar al sitio web a analizar el uso que los usuarios hacen del mismo, para el correcto funcionamiento y visualizaci\u00f3n de los contenidos publicados, as\u00ed como para la recopilaci\u00f3n de estad\u00edsticas.<\/p>\n<p>Para conocer nuestra pol\u00edtica de cookies <a href=\"\/es\/cookies\/\">haga clic aqu\u00ed<\/a>.<\/p>\n<p>&nbsp;<\/p>\n<h3>Aviso sobre protecci\u00f3n de datos<\/h3>\n<p>Gavanenca de Terrenys i Immobles S.A. est\u00e1 comprometida con la privacidad y la protecci\u00f3n de datos y trabaja para garantizar la confidencialidad de sus datos personales.<\/p>\n<p>Para conocer nuestra pol\u00edtica de privacidad <a href=\"https:\/\/www.gavahabitatge.cat\/es\/politica-de-privacidad\/\">haga clic aqu\u00ed<\/a>.<\/p>\n","protected":false},"excerpt":{"rendered":"<p>Gavanenca de Terrenys i Immobles S.A., a trav\u00e9s de este <a href=\"https:\/\/www.gavahabitatge.cat\/es\/aviso-legal\/\"><\/p>\n<div id=\"ves-hi\">Llegir m\u00e9s<\/div>\n<p><\/a><\/p>\n","protected":false},"author":1,"featured_media":0,"parent":0,"menu_order":0,"comment_status":"closed","ping_status":"closed","template":"100-width.php","meta":{"_acf_changed":false,"footnotes":""},"class_list":["post-1455","page","type-page","status-publish","hentry"],"acf":[],"_links":{"self":[{"href":"https:\/\/www.gavahabitatge.cat\/es\/wp-json\/wp\/v2\/pages\/1455","targetHints":{"allow":["GET"]}}],"collection":[{"href":"https:\/\/www.gavahabitatge.cat\/es\/wp-json\/wp\/v2\/pages"}],"about":[{"href":"https:\/\/www.gavahabitatge.cat\/es\/wp-json\/wp\/v2\/types\/page"}],"author":[{"embeddable":true,"href":"https:\/\/www.gavahabitatge.cat\/es\/wp-json\/wp\/v2\/users\/1"}],"replies":[{"embeddable":true,"href":"https:\/\/www.gavahabitatge.cat\/es\/wp-json\/wp\/v2\/comments?post=1455"}],"version-history":[{"count":0,"href":"https:\/\/www.gavahabitatge.cat\/es\/wp-json\/wp\/v2\/pages\/1455\/revisions"}],"wp:attachment":[{"href":"https:\/\/www.gavahabitatge.cat\/es\/wp-json\/wp\/v2\/media?parent=1455"}],"curies":[{"name":"wp","href":"https:\/\/api.w.org\/{rel}","templated":true}]}}