{"id":1448,"date":"2025-02-11T15:23:03","date_gmt":"2025-02-11T14:23:03","guid":{"rendered":"https:\/\/www.gavahabitatge.cat\/?page_id=1448"},"modified":"2025-02-11T15:27:22","modified_gmt":"2025-02-11T14:27:22","slug":"politica-de-privacidad","status":"publish","type":"page","link":"https:\/\/www.gavahabitatge.cat\/es\/politica-de-privacidad\/","title":{"rendered":"Pol\u00edtica de privacidad"},"content":{"rendered":"<p>GAVANENCA DE TERRENYS I IMMOBLES S.A., como Responsable del tratamiento, garantiza un nivel adecuado y coherente de protecci\u00f3n de las personas f\u00edsicas en lo que respecta a sus datos personales, de acuerdo con el Reglamento General de Protecci\u00f3n de Datos (2016\/679) y la Ley Org\u00e1nica 3\/2018 de Protecci\u00f3n de Datos Personales y garant\u00eda de derechos digitales.<\/p>\n<p>Gavanenca de Terrenys i Immobles S.A. solo trata datos personales con plena responsabilidad y lealtad, de acuerdo con las bases jur\u00eddicas que permiten la licitud del tratamiento, conforme a la normativa vigente de protecci\u00f3n de datos.<\/p>\n<p>Con el objetivo de cumplir con el Reglamento General de Protecci\u00f3n de Datos, Gavanenca de Terrenys i Immobles S.A. ha elaborado un Registro de Actividades de Tratamiento y ha adoptado las medidas de seguridad oportunas y adecuadas a los riesgos evaluados e identificados objetivamente para los derechos y libertades de las personas interesadas, que podr\u00edan derivarse de los tratamientos realizados.<\/p>\n<p>GAVANENCA DE TERRENYS I IMMOBLES S.A. aplica el principio de transparencia en el tratamiento de datos personales, facilitando a las personas interesadas informaci\u00f3n concisa, f\u00e1cilmente accesible, completa y con un lenguaje claro y comprensible.<\/p>\n<p>A continuaci\u00f3n, se ofrece informaci\u00f3n adicional y ampliada sobre las actividades de tratamiento espec\u00edficas realizadas por Gavanenca de Terrenys i Immobles S.A.:<\/p>\n<h3>\n1.- Responsable del tratamiento<\/h3>\n<p>Identidad: Gavanenca de Terrenys i Immobles S.A.<\/p>\n<p>CIF: A59863639<\/p>\n<p>Direcci\u00f3n postal: Pla\u00e7a de Jaume Balmes s\/n, 08850 Gav\u00e0<\/p>\n<p>Tel\u00e9fono: 93 263 91 00<\/p>\n<p>Correo electr\u00f3nico: info@gavahabitatge.cat<\/p>\n<p>&nbsp;<\/p>\n<h3>2.- Delegado de Protecci\u00f3n de Datos<\/h3>\n<p>Correo electr\u00f3nico: dpd@gava.cat<\/p>\n<p>&nbsp;<\/p>\n<h3>3.- Finalidad del tratamiento de sus datos y conservaci\u00f3n<\/h3>\n<p>Gavanenca de Terrenys i Immobles S.A. trata los datos personales de los interesados a trav\u00e9s de esta p\u00e1gina web con la finalidad de mantener comunicaciones con los ciudadanos del municipio de Gav\u00e0.<\/p>\n<p>&nbsp;<\/p>\n<h3>4.- Tiempo de conservaci\u00f3n de sus datos personales<\/h3>\n<p>Los datos personales de las personas interesadas se conservar\u00e1n durante el tiempo necesario para el cumplimiento de los fines para los que fueron obtenidos y solo se mantendr\u00e1n aquellos que sean necesarios para posibles responsabilidades o para cumplir con la normativa aplicable.<\/p>\n<p>&nbsp;<\/p>\n<h3>5.- Legitimaci\u00f3n para el tratamiento<\/h3>\n<p>La base legal para el tratamiento de sus datos en cada caso:<\/p>\n<p>Es el ejercicio de funciones p\u00fablicas propias de la Administraci\u00f3n Local. Art.6.1.e.- RGPD: El tratamiento es necesario para cumplir una misi\u00f3n realizada en inter\u00e9s p\u00fablico en el ejercicio de poderes p\u00fablicos conferidos al responsable del tratamiento.<\/p>\n<p>&nbsp;<\/p>\n<h3>6.- Destinatarios de los datos y transferencias internacionales de datos<\/h3>\n<p>No se realizan transferencias internacionales de datos.<\/p>\n<p>&nbsp;<\/p>\n<h3>7.- Derechos de los interesados<\/h3>\n<p>Como usuario de www.gavahabitatge.cat, tiene derecho a:<\/p>\n<ul>\n<li>Acceder, rectificar o solicitar la supresi\u00f3n de sus datos cuando considere que ya no son necesarios para la finalidad para la que fueron recogidos.<\/li>\n<li>Solicitar la limitaci\u00f3n del tratamiento de los mismos, en cuyo caso solo se conservar\u00e1n los estrictamente necesarios para llevar a cabo el ejercicio de posibles reclamaciones.<\/li>\n<\/ul>\n<p>Para ejercer estos derechos, debe ponerse en contacto con Gavanenca de Terrenys i Immobles S.A. dirigi\u00e9ndose a info@gavahabitatge.cat o a trav\u00e9s de nuestra sede electr\u00f3nica https:\/\/eseu.gava.cat\/ (cat\u00e1logo de tr\u00e1mites) con los formularios destinados a tal fin.<\/p>\n<p>Asimismo, en caso de no estar satisfecho con la atenci\u00f3n de su solicitud de derechos, tiene derecho a presentar una reclamaci\u00f3n ante la Autoridad Catalana de Protecci\u00f3n de Datos a trav\u00e9s de su p\u00e1gina web.<\/p>\n<p>&nbsp;<\/p>\n<h3>8.- Registro de actividades de tratamiento<\/h3>\n<p>Si desea consultar el registro de actividades de tratamiento, haga clic en el siguiente enlace: Registro de actividades de tratamiento.<\/p>\n<p>GAVANENCA DE TERRENYS I IMMOBLES S.A. est\u00e1 en continua revisi\u00f3n de las diferentes actividades de tratamiento, que se ir\u00e1n actualizando a medida que sean revisadas.<\/p>\n","protected":false},"excerpt":{"rendered":"<p>GAVANENCA DE TERRENYS I IMMOBLES S.A., como Responsable del tratamiento, <a href=\"https:\/\/www.gavahabitatge.cat\/es\/politica-de-privacidad\/\"><\/p>\n<div id=\"ves-hi\">Llegir m\u00e9s<\/div>\n<p><\/a><\/p>\n","protected":false},"author":1,"featured_media":0,"parent":0,"menu_order":0,"comment_status":"closed","ping_status":"closed","template":"100-width.php","meta":{"_acf_changed":false,"footnotes":""},"class_list":["post-1448","page","type-page","status-publish","hentry"],"acf":[],"_links":{"self":[{"href":"https:\/\/www.gavahabitatge.cat\/es\/wp-json\/wp\/v2\/pages\/1448","targetHints":{"allow":["GET"]}}],"collection":[{"href":"https:\/\/www.gavahabitatge.cat\/es\/wp-json\/wp\/v2\/pages"}],"about":[{"href":"https:\/\/www.gavahabitatge.cat\/es\/wp-json\/wp\/v2\/types\/page"}],"author":[{"embeddable":true,"href":"https:\/\/www.gavahabitatge.cat\/es\/wp-json\/wp\/v2\/users\/1"}],"replies":[{"embeddable":true,"href":"https:\/\/www.gavahabitatge.cat\/es\/wp-json\/wp\/v2\/comments?post=1448"}],"version-history":[{"count":0,"href":"https:\/\/www.gavahabitatge.cat\/es\/wp-json\/wp\/v2\/pages\/1448\/revisions"}],"wp:attachment":[{"href":"https:\/\/www.gavahabitatge.cat\/es\/wp-json\/wp\/v2\/media?parent=1448"}],"curies":[{"name":"wp","href":"https:\/\/api.w.org\/{rel}","templated":true}]}}