{"id":1261,"date":"2025-01-20T11:25:05","date_gmt":"2025-01-20T10:25:05","guid":{"rendered":"https:\/\/www.gavahabitatge.cat\/?page_id=1261"},"modified":"2025-01-21T11:56:39","modified_gmt":"2025-01-21T10:56:39","slug":"programa-de-incentivos-6","status":"publish","type":"page","link":"https:\/\/www.gavahabitatge.cat\/es\/rehabilitacion\/programas-de-incentivos\/programa-de-incentivos-6\/","title":{"rendered":"Programa de incentivos 6"},"content":{"rendered":"<p>Incorporaci\u00f3n de instalaciones de energ\u00edas renovables t\u00e9rmicas para climatizaci\u00f3n en el sector residencial. Estas podr\u00e1n ser instalaci\u00f3n solar t\u00e9rmica, biomasa, geotermia, hidrotermia y aerotermia.\u00a0Tambi\u00e9n se podr\u00e1 acceder a ayudas adicionales para instalaci\u00f3n de suelo radiante, radiadores de baja temperatura, ventiloconvectores, y desmantelamiento de instalaciones existentes con la correspondiente gesti\u00f3n de residuos.<\/p>\n<p>&nbsp;<\/p>\n<h3>\u00bfA qui\u00e9n va dirigido?<\/h3>\n<p>Personas f\u00edsicas, jur\u00eddicas, entidades locales y sector p\u00fablico de cualquier administraci\u00f3n p\u00fablica siempre que no realice ninguna actividad econ\u00f3mica por la que ofrezca bienes o servicios en el mercado, entidades u organizaciones privadas sin \u00e1nimos de lucro sin ninguna actividad econ\u00f3mica, aut\u00f3nomos y comunidades de propietarios.<\/p>\n<p>&nbsp;<\/p>\n<h3>Requisitos<\/h3>\n<p>El solicitante debe tener residencia fiscal en Catalunya, y deber\u00e1 presentar declaraci\u00f3n sobre si ha pedido u obtenido otras ayudas p\u00fablicas o privadas para la misma actividad, haciendo constar la relaci\u00f3n detallada de la entidad otorgante, la cuant\u00eda solicitada y obtenida.<\/p>\n<p>Adem\u00e1s, el solicitante ser\u00e1 el propietario de la instalaci\u00f3n y debe acreditar el pago de las facturas asociadas a la actuaci\u00f3n subvencionada, que debe permanecer en su propiedad <strong>5 a\u00f1os<\/strong> como m\u00ednimo.<\/p>\n<p>Es necesario dar cumplimiento al RITE, y la instalaci\u00f3n de biomasa deber\u00e1 conseguir una reducci\u00f3n de emisiones de gases de efecto invernadero de por lo menos el 80%. Todas las instalaciones excepto los aparatos de biomasa, deber\u00e1n incluir un sistema de monitorizaci\u00f3n de la energ\u00eda el\u00e9ctrica o t\u00e9rmica producida y del consumo energ\u00e9tico, que adem\u00e1s ser\u00e1 accesible a trav\u00e9s de dispositivos m\u00f3viles.<\/p>\n<p>&nbsp;<\/p>\n<h3>Importe de la subvenci\u00f3n<\/h3>\n<p>La prestaci\u00f3n se calcular\u00e1 en base a los importes fijos unitarios seg\u00fan la capacidad del almacenamiento para el sector residencial:<\/p>\n<ul>\n<li>Instalaci\u00f3n aerotermia aire-agua para climatizaci\u00f3n y\/o ACS: 500\u20ac\/kW o m\u00e1ximo 3.000\u20ac\/vivienda.<\/li>\n<li>Instalaci\u00f3n Solar T\u00e9rmica superior a 400 kW: 450 \u20ac\/kW o m\u00e1ximo 550 \u20ac\/vivienda.<\/li>\n<li>Instalaci\u00f3n Solar T\u00e9rmica de 100 kW a 400 kW: 600 \u20ac\/kW o m\u00e1ximo 780 \u20ac\/vivienda.<\/li>\n<li>Instalaci\u00f3n Solar T\u00e9rmica de 50 kW a 100 kW: 750 \u20ac\/kW o m\u00e1ximo 900 \u20ac\/vivienda.<\/li>\n<li>Instalaci\u00f3n Solar T\u00e9rmica hasta 50 kW: 900 \u20ac\/kW o m\u00e1ximo 1.800 \u20ac\/vivienda.<\/li>\n<li>Instalaci\u00f3n calderas de Biomasa: 250 \u20ac\/kW o m\u00e1ximo 2.500 \u20ac\/vivienda.<\/li>\n<li>Instalaci\u00f3n de aparatos de calefacci\u00f3n local para Biomasa: 250\u20ac\/kW o m\u00e1ximo 3.000\u20ac\/vivienda.<\/li>\n<li>Instalaciones geot\u00e9rmicas para climatizaci\u00f3n y\/o ACS de circuito cerrado: 2.250\u20ac\/kW o m\u00e1ximo 13.500\u20ac\/vivienda.<\/li>\n<li>Instalaciones geot\u00e9rmicas o hidrot\u00e9rmicas para climatizaci\u00f3n y\/o ACS de circuito abierto: 1.600\u20ac\/kW o m\u00e1ximo 9.000\u20ac\/vivienda.<\/li>\n<\/ul>\n<p>Las prestaciones adicionales ser\u00e1n de la cantidad siguiente:<\/p>\n<ul>\n<li>Nueva distribuci\u00f3n interior de climatizaci\u00f3n, circuitos hidr\u00e1ulicos para incorporaci\u00f3n de suelo radiante siempre que estos sistemas utilicen el 100% de energ\u00eda renovable: 600 \u20ac\/kW o m\u00e1ximo 3.600\u20ac.<\/li>\n<li>Nueva distribuci\u00f3n interior de climatizaci\u00f3n, circuitos hidr\u00e1ulicos para incorporaci\u00f3n de radiadores de baja temperatura o ventiloconvectores siempre que estos sistemas utilicen el 100% de energ\u00eda renovable: 550 \u20ac\/kW o m\u00e1ximo 1.830\u20ac.<\/li>\n<li>Extracci\u00f3n de instalaciones existentes: 350 \u20ac\/kW o m\u00e1ximo 385\u20ac para instalaciones solares t\u00e9rmicas, y de 40 \u20ac\/kW o m\u00e1ximo 480\u20ac para instalaciones de biomasa.<\/li>\n<\/ul>\n<p>La subvenci\u00f3n se otorgar\u00e1 por orden de tramitaci\u00f3n de las solicitudes.<\/p>\n<p>&nbsp;<\/p>\n<h3>Fechas clave<\/h3>\n<p>Convocatoria abierta hasta el <strong>31 de diciembre del 2023<\/strong> o hasta la finalizaci\u00f3n del presupuesto.<\/p>\n<p>&nbsp;<\/p>\n<h3>Documentaci\u00f3n para la solicitud<\/h3>\n<p>Ser\u00e1 necesario presentar el formulario de solicitud junto con los presupuestos detallados de la actuaci\u00f3n a realizar y la declaraci\u00f3n responsable firmada por un t\u00e9cnico competente o empresa instaladora, que acredite que el sistema de almacenamiento no estar\u00e1 directamente conectado a la red, sino que formar\u00e1 parte de la instalaci\u00f3n de autoconsumo.<\/p>\n<p>En funci\u00f3n de la tipolog\u00eda de instalaci\u00f3n se presentar\u00e1 el proyecto, memoria, acreditaci\u00f3n del fabricante o informe que se requiere seg\u00fan las bases de convocatoria.<\/p>\n<p>En el siguiente documento se detalla toda la documentaci\u00f3n:\u00a0<a href=\"https:\/\/icaen.gencat.cat\/web\/.content\/20_Energia\/26_ajuts_financament\/2021_EERR\/Documentacio_programes\/Documentacio-Programa-6.pdf\" target=\"_blank\" rel=\"noopener\">Documentaci\u00f3n Programa de Incentivos 6<\/a><\/p>\n<p>&nbsp;<\/p>\n<h3>Tramitaci\u00f3n<\/h3>\n<ul>\n<li>Por internet a trav\u00e9s de <a href=\"https:\/\/web.gencat.cat\/ca\/tramits\/tramits-temes\/22715_P4_P5_P6_ajuts_renovables_ICAEN?category=75236c7c-a82c-11e3-a972-000c29052e2c&amp;moda=1\" target=\"_blank\" rel=\"noopener\">gencat.<\/a><\/li>\n<li>Presencialmente en la <a href=\"https:\/\/web.gencat.cat\/ca\/adreces-i-telefons\/detall\/index.html?codInf=6622\" target=\"_blank\" rel=\"noopener\">Oficina de Atenci\u00f3n Ciudadana de Barcelona.<\/a><\/li>\n<\/ul>\n<p>&nbsp;<\/p>\n<h3>M\u00e1s informaci\u00f3n<\/h3>\n<p>Para obtener m\u00e1s informaci\u00f3n preferiblemente se puede dirigir a Gav\u00e0 Habitatge, mediante el correo electr\u00f3nico <a href=\"https:\/\/icaen.gencat.cat\/ca\/energia\/ajuts\/energies-renovables\/ajuts-renovables-2022\/quadre-resum-dels-programes.html\/\">gavahabitatge@gava.cat<\/a> o a trav\u00e9s del tel\u00e9fono 93 263 96 60. Tambi\u00e9n pod\u00e9is acceder a la p\u00e1gina web del <a href=\"https:\/\/icaen.gencat.cat\/ca\/energia\/ajuts\/energies-renovables\/ajuts-renovables-2022\/quadre-resum-dels-programes.html\/\" target=\"_blank\" rel=\"noopener\">Institut Catal\u00e0 d\u2019Energia.<\/a><\/p>\n<p>Para consultar telem\u00e1ticamente m\u00e1s informaci\u00f3n puede acceder al documento espec\u00edfico del <a href=\"https:\/\/icaen.gencat.cat\/web\/.content\/20_Energia\/26_ajuts_financament\/2021_EERR\/Documentacio_programes\/Documentacio-Programa-6.pdf\" target=\"_blank\" rel=\"noopener\">ICAEN.<\/a><\/p>\n<p>Acceso a tr\u00edptico informativo: <a href=\"https:\/\/icaen.gencat.cat\/web\/.content\/20_Energia\/26_ajuts_financament\/2021_EERR\/Arxius\/Presentacions-de-les-jornades-de-presentacio\/211013-Ajuts-Autoconsum.pdf\" target=\"_blank\" rel=\"noopener\">Ayudas al autoconsumo Programa 6.<\/a><\/p>\n","protected":false},"excerpt":{"rendered":"<p>Incorporaci\u00f3n de instalaciones de energ\u00edas renovables t\u00e9rmicas para climatizaci\u00f3n en <a href=\"https:\/\/www.gavahabitatge.cat\/es\/rehabilitacion\/programas-de-incentivos\/programa-de-incentivos-6\/\"><\/p>\n<div id=\"ves-hi\">Llegir m\u00e9s<\/div>\n<p><\/a><\/p>\n","protected":false},"author":1,"featured_media":1591,"parent":1275,"menu_order":0,"comment_status":"closed","ping_status":"closed","template":"100-width.php","meta":{"_acf_changed":false,"footnotes":""},"class_list":["post-1261","page","type-page","status-publish","has-post-thumbnail","hentry"],"acf":[],"_links":{"self":[{"href":"https:\/\/www.gavahabitatge.cat\/es\/wp-json\/wp\/v2\/pages\/1261","targetHints":{"allow":["GET"]}}],"collection":[{"href":"https:\/\/www.gavahabitatge.cat\/es\/wp-json\/wp\/v2\/pages"}],"about":[{"href":"https:\/\/www.gavahabitatge.cat\/es\/wp-json\/wp\/v2\/types\/page"}],"author":[{"embeddable":true,"href":"https:\/\/www.gavahabitatge.cat\/es\/wp-json\/wp\/v2\/users\/1"}],"replies":[{"embeddable":true,"href":"https:\/\/www.gavahabitatge.cat\/es\/wp-json\/wp\/v2\/comments?post=1261"}],"version-history":[{"count":0,"href":"https:\/\/www.gavahabitatge.cat\/es\/wp-json\/wp\/v2\/pages\/1261\/revisions"}],"up":[{"embeddable":true,"href":"https:\/\/www.gavahabitatge.cat\/es\/wp-json\/wp\/v2\/pages\/1275"}],"wp:featuredmedia":[{"embeddable":true,"href":"https:\/\/www.gavahabitatge.cat\/es\/wp-json\/wp\/v2\/media\/1591"}],"wp:attachment":[{"href":"https:\/\/www.gavahabitatge.cat\/es\/wp-json\/wp\/v2\/media?parent=1261"}],"curies":[{"name":"wp","href":"https:\/\/api.w.org\/{rel}","templated":true}]}}