{"id":1259,"date":"2025-01-20T11:24:30","date_gmt":"2025-01-20T10:24:30","guid":{"rendered":"https:\/\/www.gavahabitatge.cat\/?page_id=1259"},"modified":"2025-01-21T11:52:30","modified_gmt":"2025-01-21T10:52:30","slug":"programa-de-incentivos-5","status":"publish","type":"page","link":"https:\/\/www.gavahabitatge.cat\/es\/rehabilitacion\/programas-de-incentivos\/programa-de-incentivos-5\/","title":{"rendered":"Programa de incentivos 5"},"content":{"rendered":"<p>Incorporaci\u00f3n de almacenamiento en instalaciones de autoconsumo con fuentes de energ\u00eda renovable existente, en el sector residencial, administraciones p\u00fablicas y tercer sector.<\/p>\n<p>&nbsp;<\/p>\n<h3>\u00bfA qui\u00e9n va dirigido?<\/h3>\n<p>Personas f\u00edsicas, jur\u00eddicas, entidades locales y sector p\u00fablico de cualquier administraci\u00f3n p\u00fablica siempre que no realice ninguna actividad econ\u00f3mica por la que ofrezca bienes o servicios en el mercado, entidades u organizaciones privadas sin \u00e1nimo de lucro sin ninguna actividad econ\u00f3mica, aut\u00f3nomos, comunidades de propietarios y comunidades energ\u00e9ticas.<\/p>\n<p>&nbsp;<\/p>\n<h3>Requisitos<\/h3>\n<p>El solicitante debe tener residencia fiscal en Catalunya y deber\u00e1 presentar declaraci\u00f3n sobre si ha solicitado otras ayudas p\u00fablicas o privadas por la misma actividad, haciendo constar la relaci\u00f3n detallada de la entidad otorgante i la cantidad solicitada y obtenida. Adem\u00e1s, el solicitante ser\u00e1 el propietario de la instalaci\u00f3n y deber\u00e1 acreditar el pago de las facturas asociadas en la actuaci\u00f3n subvencionada, la cual debe permanecer en su propiedad <strong>5 a\u00f1os<\/strong> como m\u00ednimo.<\/p>\n<p>Para la instalaci\u00f3n de almacenamiento estar\u00e1n excluidas las bater\u00edas de plomo-\u00e1cido.<\/p>\n<p>&nbsp;<\/p>\n<h3>Importe de la subvenci\u00f3n<\/h3>\n<p>La prestaci\u00f3n se calcular\u00e1 en base a los importes fijos unitarios seg\u00fan la capacidad del almacenamiento:<\/p>\n<ul>\n<li>Almacenamiento para la instalaci\u00f3n de energ\u00eda renovable superior a 5.000 kWh: 140\u20ac\/kWh.<\/li>\n<li>Almacenamiento para la instalaci\u00f3n de energ\u00eda renovable superior a 100 kWh y hasta 5.000 kWh: 245\u20ac\/kWh.<\/li>\n<li>Almacenamiento para la instalaci\u00f3n de energ\u00eda renovable superior a 10 kWhy hasta 100 kWh: 350\u20ac\/kWh.<\/li>\n<li>Almacenamiento para la instalaci\u00f3n de energ\u00eda renovable hasta 10 kWh como m\u00e1ximo: 490\u20ac\/kWh.<\/li>\n<\/ul>\n<p>La subvenci\u00f3n se otorgar\u00e1 por orden de tramitaci\u00f3n de las solicitudes.<\/p>\n<p>&nbsp;<\/p>\n<h3>Fechas clave<\/h3>\n<p>Convocatoria abierta hasta el <strong>31 de diciembre del 2023<\/strong> o hasta la finalizaci\u00f3n del presupuesto.<\/p>\n<p>&nbsp;<\/p>\n<h3>Documentaci\u00f3n para la solicitud<\/h3>\n<p>Ser\u00e1 necesario presentar el formulario de solicitud junto con los presupuestos detallados de la actuaci\u00f3n a realizar, y la declaraci\u00f3n responsable firmada por un t\u00e9cnico competente o empresa instaladora que acredite que el sistema de almacenamiento no estar\u00e1 directamente conectado a la red, sino que formar\u00e1 parte de la instalaci\u00f3n de autoconsumo.<\/p>\n<p>&nbsp;<\/p>\n<h3>Tramitaci\u00f3n<\/h3>\n<ul>\n<li>Por internet a trav\u00e9s de <a href=\"https:\/\/web.gencat.cat\/ca\/tramits\/tramits-temes\/22715_P4_P5_P6_ajuts_renovables_ICAEN?category=75236c7c-a82c-11e3-a972-000c29052e2c&amp;moda=1\" target=\"_blank\" rel=\"noopener\">gencat.<\/a><\/li>\n<li>Presencialmente en la <a href=\"https:\/\/web.gencat.cat\/ca\/adreces-i-telefons\/detall\/index.html?codInf=6622\" target=\"_blank\" rel=\"noopener\">Oficina de Atenci\u00f3n Ciudadana de Barcelona.<\/a><\/li>\n<\/ul>\n<p>&nbsp;<\/p>\n<h3>M\u00e1s informaci\u00f3n<\/h3>\n<p>Para obtener m\u00e1s informaci\u00f3n preferiblemente se puede dirigir a Gav\u00e0 Habitatge, mediante el correo electr\u00f3nico <a href=\"mailto:gavahabitatge@gava.cat\">gavahabitatge@gava.cat<\/a> o a trav\u00e9s del tel\u00e9fono 93 263 96 60. Tambi\u00e9n pod\u00e9is acceder a la p\u00e1gina web del <a href=\"https:\/\/icaen.gencat.cat\/ca\/energia\/ajuts\/energies-renovables\/ajuts-renovables-2022\/quadre-resum-dels-programes.html\/\" target=\"_blank\" rel=\"noopener\">Institut Catal\u00e0 d\u2019Energia.<\/a>\u00a0Para consultar telem\u00e1ticamente m\u00e1s informaci\u00f3n puede acceder al documento espec\u00edfico del <a href=\"https:\/\/icaen.gencat.cat\/web\/.content\/20_Energia\/26_ajuts_financament\/2021_EERR\/Documentacio_programes\/Documentacio-Programa-5.pdf\" target=\"_blank\" rel=\"noopener\">ICAEN.<\/a><\/p>\n<p>Acceso a tr\u00edptico informativo: <a href=\"https:\/\/icaen.gencat.cat\/web\/.content\/20_Energia\/26_ajuts_financament\/2021_EERR\/Arxius\/Presentacions-de-les-jornades-de-presentacio\/211013-Ajuts-Autoconsum.pdf\" target=\"_blank\" rel=\"noopener\">Ayudas al autoconsumo Programa 5.<\/a><\/p>\n","protected":false},"excerpt":{"rendered":"<p>Incorporaci\u00f3n de almacenamiento en instalaciones de autoconsumo con fuentes de <a href=\"https:\/\/www.gavahabitatge.cat\/es\/rehabilitacion\/programas-de-incentivos\/programa-de-incentivos-5\/\"><\/p>\n<div id=\"ves-hi\">Llegir m\u00e9s<\/div>\n<p><\/a><\/p>\n","protected":false},"author":1,"featured_media":1591,"parent":1275,"menu_order":0,"comment_status":"closed","ping_status":"closed","template":"100-width.php","meta":{"_acf_changed":false,"footnotes":""},"class_list":["post-1259","page","type-page","status-publish","has-post-thumbnail","hentry"],"acf":[],"_links":{"self":[{"href":"https:\/\/www.gavahabitatge.cat\/es\/wp-json\/wp\/v2\/pages\/1259","targetHints":{"allow":["GET"]}}],"collection":[{"href":"https:\/\/www.gavahabitatge.cat\/es\/wp-json\/wp\/v2\/pages"}],"about":[{"href":"https:\/\/www.gavahabitatge.cat\/es\/wp-json\/wp\/v2\/types\/page"}],"author":[{"embeddable":true,"href":"https:\/\/www.gavahabitatge.cat\/es\/wp-json\/wp\/v2\/users\/1"}],"replies":[{"embeddable":true,"href":"https:\/\/www.gavahabitatge.cat\/es\/wp-json\/wp\/v2\/comments?post=1259"}],"version-history":[{"count":0,"href":"https:\/\/www.gavahabitatge.cat\/es\/wp-json\/wp\/v2\/pages\/1259\/revisions"}],"up":[{"embeddable":true,"href":"https:\/\/www.gavahabitatge.cat\/es\/wp-json\/wp\/v2\/pages\/1275"}],"wp:featuredmedia":[{"embeddable":true,"href":"https:\/\/www.gavahabitatge.cat\/es\/wp-json\/wp\/v2\/media\/1591"}],"wp:attachment":[{"href":"https:\/\/www.gavahabitatge.cat\/es\/wp-json\/wp\/v2\/media?parent=1259"}],"curies":[{"name":"wp","href":"https:\/\/api.w.org\/{rel}","templated":true}]}}