{"id":1257,"date":"2025-01-20T11:24:01","date_gmt":"2025-01-20T10:24:01","guid":{"rendered":"https:\/\/www.gavahabitatge.cat\/?page_id=1257"},"modified":"2025-01-21T11:49:06","modified_gmt":"2025-01-21T10:49:06","slug":"programa-de-incentivos-4","status":"publish","type":"page","link":"https:\/\/www.gavahabitatge.cat\/es\/rehabilitacion\/programas-de-incentivos\/programa-de-incentivos-4\/","title":{"rendered":"Programa de incentivos 4"},"content":{"rendered":"<p>Realizaci\u00f3n de instalaciones de autoconsumo, con fuentes de energ\u00eda renovable, en el sector residencial, administraciones p\u00fablicas y tercer sector, con o sin almacenamiento.<\/p>\n<p>&nbsp;<\/p>\n<h3>\u00bfA qui\u00e9n va dirigido?<\/h3>\n<p>Personas f\u00edsicas, personas jur\u00eddicas, entidades locales y sector p\u00fablico de cualquier administraci\u00f3n p\u00fablica siempre que no realice ninguna actividad econ\u00f3mica por la que se ofrezcan bienes o servicios en el mercado, entidades u organizaciones privadas sin \u00e1nimo de lucro sin ninguna actividad econ\u00f3mica, aut\u00f3nomos, comunidades de propietarios y comunidades energ\u00e9ticas.<\/p>\n<p>&nbsp;<\/p>\n<h3>Requisitos<\/h3>\n<p>El solicitante debe tener la residencia fiscal en Catalunya, y ser\u00e1 necesario presentar la declaraci\u00f3n sobre si han solicitado u obtenido otras ayudas p\u00fablicas o privadas por la misma actividad, haciendo constar la relaci\u00f3n detallada de la entidad concedente y la cantidad solicitada y obtenida.<\/p>\n<p>Adem\u00e1s, el solicitante ser\u00e1 el propietario de la instalaci\u00f3n y acreditar\u00e1 el pago de las facturas asociadas a la actuaci\u00f3n subvencionada, que debe permanecer en su propiedad <strong>5 a\u00f1os<\/strong> como m\u00ednimo.<\/p>\n<p>&nbsp;<\/p>\n<h3>Importe de la subvenci\u00f3n<\/h3>\n<ul>\n<li>La prestaci\u00f3n se calcular\u00e1 en base a importes fijos unitarios:<\/li>\n<li>Instalaci\u00f3n Fotovoltaica de 1.000 kWp a 5.000 kWp: 300 \u20ac\/kWp.<\/li>\n<li>Instalaci\u00f3n Fotovoltaica de 100 kWp a 1.000 kWp: 350 \u20ac\/kWp.<\/li>\n<li>Instalaci\u00f3n Fotovoltaica de 10 kWp a 100 kWp: 450 \u20ac\/kWp.<\/li>\n<li>Instalaci\u00f3n Fotovoltaica hasta 10 kWp: 600 \u20ac\/kWp.<\/li>\n<li>Instalaci\u00f3n E\u00f3lica de 500 kWp a 5.000 kWp: 650 \u20ac\/kWp.<\/li>\n<li>Instalaci\u00f3n E\u00f3lica de 20 kWp a 500 kWp: 1.950 \u20ac\/kWp.<\/li>\n<li>Instalaci\u00f3n E\u00f3lica hasta 20 kWp: 2.900 \u20ac\/kWp.<\/li>\n<\/ul>\n<p>Se dispone de ayudas adicionales para la eliminaci\u00f3n de amianto en cubiertas e instalaci\u00f3n de marquesinas para proyectos de instalaci\u00f3n solar fotovoltaica:<\/p>\n<ul>\n<li>Eliminaci\u00f3n de amianto: desde 50 \u20ac\/kWp hasta a 160 \u20ac\/kWp.<\/li>\n<li>Instalaci\u00f3n de marquesinas: 120 \u20ac\/kWp.<\/li>\n<\/ul>\n<p>Si el coste subvencionable es mayor a 40.000 \u20ac, se deber\u00e1 acreditar la petici\u00f3n de por lo menos 3 ofertas de diferentes proveedores.<\/p>\n<p>&nbsp;<\/p>\n<h3>Fechas clave<\/h3>\n<p>Convocatoria abierta hasta el 31 de diciembre del 2023 o hasta la finalizaci\u00f3n del presupuesto.<\/p>\n<p>&nbsp;<\/p>\n<h3>Documentaci\u00f3n para realizar la solicitud<\/h3>\n<p>Ser\u00e1 necesario presentar el formulario de solicitud junto con los presupuestos detallados de la actuaci\u00f3n a realizar y de la declaraci\u00f3n responsable, firmada por un t\u00e9cnico competente o empresa instaladora que estime un consumo anual de energ\u00eda por parte del consumidor asociado a la instalaci\u00f3n igual o superior al 80% de la energ\u00eda anual generada por la instalaci\u00f3n.<\/p>\n<p>Cuando se superen los 100kW de potencia nominal se deber\u00e1 presentar un Plan Estrat\u00e9gico donde se especifique el impacto ambiental, lugar de fabricaci\u00f3n de los componentes, afectaci\u00f3n a Pymes y aut\u00f3nomos, y una memoria resumen de residuos generados.<\/p>\n<p>&nbsp;<\/p>\n<h3>Tramitaci\u00f3n<\/h3>\n<ul>\n<li>Por internet a trav\u00e9s de <a href=\"https:\/\/web.gencat.cat\/ca\/tramits\/tramits-temes\/22715_P4_P5_P6_ajuts_renovables_ICAEN?category=75236c7c-a82c-11e3-a972-000c29052e2c&amp;moda=1\" target=\"_blank\" rel=\"noopener\">gencat.<\/a><\/li>\n<li>Presencialmente en la <a href=\"https:\/\/web.gencat.cat\/ca\/adreces-i-telefons\/detall\/index.html?codInf=6622\" target=\"_blank\" rel=\"noopener\">Oficina de Atenci\u00f3n Ciudadana de Barcelona.<\/a><\/li>\n<\/ul>\n<p>&nbsp;<\/p>\n<h3>M\u00e1s informaci\u00f3n<\/h3>\n<p>Para obtener m\u00e1s informaci\u00f3n preferiblemente se puede dirigir a Gav\u00e0 Habitatge, mediante el correo electr\u00f3nico <a href=\"mailto:gavahabitatge@gava.cat\">gavahabitatge@gava.cat<\/a> o a trav\u00e9s del tel\u00e9fono 93 263 96 60. Tambi\u00e9n pod\u00e9is acceder a la p\u00e1gina web del <a href=\"https:\/\/icaen.gencat.cat\/ca\/energia\/ajuts\/energies-renovables\/ajuts-renovables-2022\/quadre-resum-dels-programes.html\/\" target=\"_blank\" rel=\"noopener\">Institut Catal\u00e0 d\u2019Energia.<\/a>\u00a0Para consultar telem\u00e1ticamente m\u00e1s informaci\u00f3n puede acceder al documento espec\u00edfico del <a href=\"https:\/\/icaen.gencat.cat\/web\/.content\/20_Energia\/26_ajuts_financament\/2021_EERR\/Documentacio_programes\/Documentacio-Programa-4.pdf\" target=\"_blank\" rel=\"noopener\">ICAEN.<\/a><\/p>\n<p>Acceso a tr\u00edptico informativo: <a href=\"https:\/\/icaen.gencat.cat\/web\/.content\/20_Energia\/26_ajuts_financament\/2021_EERR\/Arxius\/Presentacions-de-les-jornades-de-presentacio\/211013-Ajuts-Autoconsum.pdf\" target=\"_blank\" rel=\"noopener\">Ayudas al autoconsumo Programa 4.<\/a><\/p>\n","protected":false},"excerpt":{"rendered":"<p>Realizaci\u00f3n de instalaciones de autoconsumo, con fuentes de energ\u00eda renovable, <a href=\"https:\/\/www.gavahabitatge.cat\/es\/rehabilitacion\/programas-de-incentivos\/programa-de-incentivos-4\/\"><\/p>\n<div id=\"ves-hi\">Llegir m\u00e9s<\/div>\n<p><\/a><\/p>\n","protected":false},"author":1,"featured_media":1591,"parent":1275,"menu_order":0,"comment_status":"closed","ping_status":"closed","template":"100-width.php","meta":{"_acf_changed":false,"footnotes":""},"class_list":["post-1257","page","type-page","status-publish","has-post-thumbnail","hentry"],"acf":[],"_links":{"self":[{"href":"https:\/\/www.gavahabitatge.cat\/es\/wp-json\/wp\/v2\/pages\/1257","targetHints":{"allow":["GET"]}}],"collection":[{"href":"https:\/\/www.gavahabitatge.cat\/es\/wp-json\/wp\/v2\/pages"}],"about":[{"href":"https:\/\/www.gavahabitatge.cat\/es\/wp-json\/wp\/v2\/types\/page"}],"author":[{"embeddable":true,"href":"https:\/\/www.gavahabitatge.cat\/es\/wp-json\/wp\/v2\/users\/1"}],"replies":[{"embeddable":true,"href":"https:\/\/www.gavahabitatge.cat\/es\/wp-json\/wp\/v2\/comments?post=1257"}],"version-history":[{"count":0,"href":"https:\/\/www.gavahabitatge.cat\/es\/wp-json\/wp\/v2\/pages\/1257\/revisions"}],"up":[{"embeddable":true,"href":"https:\/\/www.gavahabitatge.cat\/es\/wp-json\/wp\/v2\/pages\/1275"}],"wp:featuredmedia":[{"embeddable":true,"href":"https:\/\/www.gavahabitatge.cat\/es\/wp-json\/wp\/v2\/media\/1591"}],"wp:attachment":[{"href":"https:\/\/www.gavahabitatge.cat\/es\/wp-json\/wp\/v2\/media?parent=1257"}],"curies":[{"name":"wp","href":"https:\/\/api.w.org\/{rel}","templated":true}]}}