{"id":1255,"date":"2024-04-02T11:52:40","date_gmt":"2024-04-02T09:52:40","guid":{"rendered":"https:\/\/www.gavahabitatge.cat\/?page_id=1255"},"modified":"2025-01-21T11:45:26","modified_gmt":"2025-01-21T10:45:26","slug":"ayudas-energia-renovable","status":"publish","type":"page","link":"https:\/\/www.gavahabitatge.cat\/es\/rehabilitacion\/ayudas-para-la-rehabilitacion\/ayudas-energia-renovable\/","title":{"rendered":"Ayudas energ\u00eda renovable"},"content":{"rendered":"<p>El Institut Catal\u00e0 d\u2019Energia ha desarrollado un plan de ayudas en el Programa de Incentivos relacionados con el autoconsumo y almacenamiento con fuentes de energ\u00eda renovable e implantaci\u00f3n de sistemas t\u00e9rmicos renovables.<\/p>\n<p>El objetivo es cumplir con los objetivos de descarbonizaci\u00f3n en los diferentes sectores de la econom\u00eda, as\u00ed como la reducci\u00f3n de las emisiones de gases de efecto invernadero fijados por el Plan Nacional Integrado de Energ\u00eda y Clima 2021-2030, y la Estrategia de Almacenamiento Energ\u00e9tico.<\/p>\n<p>&nbsp;<\/p>\n<h3>Convocatorias de subvenciones para el sector residencial:<\/h3>\n<ul>\n<li><a href=\"https:\/\/www.gavahabitatge.cat\/es\/rehabilitacion\/programas-de-incentivos\/programa-de-incentivos-4\/\">Programa 4:<\/a> instalaciones de autoconsumo renovable, sector residencial, administraciones y tercer sector.<\/li>\n<li><a href=\"https:\/\/www.gavahabitatge.cat\/es\/rehabilitacion\/programas-de-incentivos\/programa-de-incentivos-5\/\">Programa 5:<\/a> Incorporaci\u00f3n de almacenamiento para el autoconsumo renovable existente, sector residencial, administraciones y tercer sector.<\/li>\n<li><a href=\"https:\/\/www.gavahabitatge.cat\/es\/rehabilitacion\/programas-de-incentivos\/programa-de-incentivos-6\/\">Programa 6:<\/a> instalaciones renovables t\u00e9rmicas en el sector residencial.<\/li>\n<\/ul>\n<h3>M\u00e1s informaci\u00f3n<\/h3>\n<p>Para obtener m\u00e1s informaci\u00f3n preferiblemente se puede dirigir a Gav\u00e0 Habitatge, mediante el correo electr\u00f3nico <a href=\"mailto:gavahabitatge@gava.cat\">gavahabitatge@gava.cat<\/a> o a trav\u00e9s del tel\u00e9fono 93 263 96 60. Tambi\u00e9n pod\u00e9is acceder a la p\u00e1gina web del <a href=\"https:\/\/icaen.gencat.cat\/ca\/energia\/ajuts\/energies-renovables\/ajuts-renovables-2022\/quadre-resum-dels-programes.html\/\" target=\"_blank\" rel=\"noopener\">Institut Catal\u00e0 d\u2019Energia.<\/a><\/p>\n<p>Para consultar telem\u00e1ticamente m\u00e1s informaci\u00f3n puede acceder al documento espec\u00edfico del BOE:<\/p>\n<p><a href=\"https:\/\/www.boe.es\/eli\/es\/rd\/2021\/06\/29\/477\" target=\"_blank\" rel=\"noopener\">Real Decreto 477\/2021, de 29 de junio, por el que se aprueba la concesi\u00f3n directa a las comunidades aut\u00f3nomas y a las ciudades de Ceuta y Melilla de ayudas para la ejecuci\u00f3n de diversos programas de incentivos ligados al autoconsumo y al almacenamiento, con fuentes de energ\u00eda renovable, as\u00ed como a la implantaci\u00f3n de sistemas t\u00e9rmicos renovables en el sector residencial, en el marco del Plan de Recuperaci\u00f3n, Transformaci\u00f3n y Resiliencia.<\/a><\/p>\n<p>Acceso a tr\u00edptico informativo: <a href=\"https:\/\/icaen.gencat.cat\/web\/.content\/20_Energia\/26_ajuts_financament\/2021_EERR\/Arxius\/Presentacions-de-les-jornades-de-presentacio\/211013-Ajuts-Autoconsum.pdf\" target=\"_blank\" rel=\"noopener\">Ayudas al autoconsumo.<\/a><\/p>\n<p>Tambi\u00e9n\u00a0se puede acceder al siguiente documento:\u00a0<a href=\"https:\/\/www.gavaciutat.cat\/documents\/20142\/0\/Fes+la+teva+energia+Fem+comunitat.pdf\/c6b72b5a-3224-b8d1-8f04-45f2567c4d57\" target=\"_blank\" rel=\"noopener\">Haz tu energ\u00eda, hagamos comunidad.<\/a><\/p>\n","protected":false},"excerpt":{"rendered":"<p>El Institut Catal\u00e0 d\u2019Energia ha desarrollado un plan de ayudas <a href=\"https:\/\/www.gavahabitatge.cat\/es\/rehabilitacion\/ayudas-para-la-rehabilitacion\/ayudas-energia-renovable\/\"><\/p>\n<div id=\"ves-hi\">Llegir m\u00e9s<\/div>\n<p><\/a><\/p>\n","protected":false},"author":1,"featured_media":1591,"parent":1243,"menu_order":0,"comment_status":"closed","ping_status":"closed","template":"100-width.php","meta":{"_acf_changed":false,"footnotes":""},"class_list":["post-1255","page","type-page","status-publish","has-post-thumbnail","hentry"],"acf":[],"_links":{"self":[{"href":"https:\/\/www.gavahabitatge.cat\/es\/wp-json\/wp\/v2\/pages\/1255","targetHints":{"allow":["GET"]}}],"collection":[{"href":"https:\/\/www.gavahabitatge.cat\/es\/wp-json\/wp\/v2\/pages"}],"about":[{"href":"https:\/\/www.gavahabitatge.cat\/es\/wp-json\/wp\/v2\/types\/page"}],"author":[{"embeddable":true,"href":"https:\/\/www.gavahabitatge.cat\/es\/wp-json\/wp\/v2\/users\/1"}],"replies":[{"embeddable":true,"href":"https:\/\/www.gavahabitatge.cat\/es\/wp-json\/wp\/v2\/comments?post=1255"}],"version-history":[{"count":0,"href":"https:\/\/www.gavahabitatge.cat\/es\/wp-json\/wp\/v2\/pages\/1255\/revisions"}],"up":[{"embeddable":true,"href":"https:\/\/www.gavahabitatge.cat\/es\/wp-json\/wp\/v2\/pages\/1243"}],"wp:featuredmedia":[{"embeddable":true,"href":"https:\/\/www.gavahabitatge.cat\/es\/wp-json\/wp\/v2\/media\/1591"}],"wp:attachment":[{"href":"https:\/\/www.gavahabitatge.cat\/es\/wp-json\/wp\/v2\/media?parent=1255"}],"curies":[{"name":"wp","href":"https:\/\/api.w.org\/{rel}","templated":true}]}}