{"id":1253,"date":"2024-04-02T11:52:16","date_gmt":"2024-04-02T09:52:16","guid":{"rendered":"https:\/\/www.gavahabitatge.cat\/?page_id=1253"},"modified":"2025-01-21T11:42:13","modified_gmt":"2025-01-21T10:42:13","slug":"ayudas-consorci-metropolita-de-lhabitatge-en-accesibilidad-y-movilidad-interior","status":"publish","type":"page","link":"https:\/\/www.gavahabitatge.cat\/es\/rehabilitacion\/ayudas-para-la-rehabilitacion\/ayudas-consorci-metropolita-de-lhabitatge-en-accesibilidad-y-movilidad-interior\/","title":{"rendered":"Ayudas Consorci Metropolit\u00e0 de l&#8217;Habitatge en accesibilidad y movilidad interior"},"content":{"rendered":"<p>Programa de ayudas para actuaciones de <strong>accesibilidad y movilidad interior<\/strong> en viviendas.<\/p>\n<p>El objeto de esta convocatoria para el a\u00f1o 2022, es fomentar las actuaciones de mejora de accesibilidad y movilidad en el interior de la vivienda. Est\u00e1n excluidas las viviendas no destinadas a residencia habitual y permanente, a excepci\u00f3n de las viviendas vac\u00edas que se pongan de manera efectiva a disposici\u00f3n del mercado de alquiler o de las bolsas de alquiler social u otros programas p\u00fablicos.<\/p>\n<p>&nbsp;<\/p>\n<h3>\u00bfA qui\u00e9n va dirigido?<\/h3>\n<p>A propietarios, arrendatarios y usufructuarios de viviendas unifamiliares privadas y viviendas individuales privadas en edificios de tipolog\u00eda residencial colectiva, tanto si han constituido t\u00edtulo de propiedad horizontal como si no, ubicados en los municipios del \u00e1rea metropolitana de Barcelona (excepto Barcelona ciudad).<\/p>\n<p>&nbsp;<\/p>\n<h3>Requisitos de la persona solicitante<\/h3>\n<p>La persona solicitante debe ser el\/la propietario\/aria o arrendatario\/aria o usufructuario\/aria de la vivienda.<\/p>\n<p>Los ingresos anuales de la unidad de convivencia no pueden superar 5 veces el Indicador de Renta de Suficiencia de Catalunya (IRSC). En el caso en fecha de la solicitud de la ayuda, alguna de las personas residentes en la vivienda presente discapacidad igual o superior al 33% y supere el baremo de movilidad reducida, o bien tenga 65 a\u00f1os o m\u00e1s, los l\u00edmites de ingresos anuales descritos anteriormente no ser\u00e1n de aplicaci\u00f3n.<\/p>\n<p>El solicitante debe estar al corriente del cumplimiento de las obligaciones tributarias con el Estado, la Generalitat de Catalunya, los Ayuntamientos metropolitanos y con la Seguridad Social, establecidas por las disposiciones vigentes.<\/p>\n<p>&nbsp;<\/p>\n<h3>Actuaciones subvencionables<\/h3>\n<p>El coste subvencionable, a efectos de c\u00e1lculo de la subvenci\u00f3n, estar\u00e1 constituido por:<\/p>\n<ul>\n<li>Presupuesto de contrato de la empresa o las empresas, por el coste de las obras.<\/li>\n<li>Honorarios facultativos (redacci\u00f3n de proyectos, informes t\u00e9cnicos y certificados necesarios, gastos derivados de la tramitaci\u00f3n administrativa y otros gastos generales similares), siempre que todos ellos est\u00e9n debidamente justificados.<\/li>\n<\/ul>\n<p>IMPORTANTE: No se consideran costes subvencionables los correspondientes a licencias, tasas, impuestos o tributos.<\/p>\n<p>&nbsp;<\/p>\n<h3>Importe de la subvenci\u00f3n<\/h3>\n<p>El importe de la subvenci\u00f3n ser\u00e1 del 40% del coste de las actuaciones subvencionables, con un l\u00edmite de 3.000 euros.<\/p>\n<p>En el caso que la vivienda se incorpore a las bolsas de alquiler social o otros programas p\u00fablicos an\u00e1logos, la cuant\u00eda m\u00e1xima de las subvenciones a conceder por vivienda ser\u00e1 del 40% del coste subvencionable, con un l\u00edmite de 6.000 euros.<\/p>\n<p>&nbsp;<\/p>\n<h3>Fechas clave<\/h3>\n<p>Convocatoria abierta hasta el 31 de diciembre del 2022 o hasta la finalizaci\u00f3n del presupuesto.<\/p>\n<p>&nbsp;<\/p>\n<h3>Tramitaci\u00f3n<\/h3>\n<p>La tramitaci\u00f3n de la solicitud de las ayudas la debe realizar la persona o entidad beneficiaria, directamente en la oficina de Gav\u00e0 Habitatge, y la documentaci\u00f3n necesaria es la siguiente:<\/p>\n<ul>\n<li>Solicitud de subvenci\u00f3n: <a href=\"https:\/\/www.cmh.cat\/documents\/598409\/13145760\/Impr%C3%A8s+1+-+Sol%C2%B7licitud+ajuts+2022\/e943f6cb-cd00-482f-8e77-303670fd9a09\" target=\"_blank\" rel=\"noopener\">Impreso 1.<\/a><\/li>\n<li>Declaraci\u00f3n responsable: <a href=\"https:\/\/www.cmh.cat\/documents\/598409\/13145760\/Impr%C3%A8s+1B+-+Declaraci%C3%B3%20responsable+i+autoritzacions+2022\/9068cb53-7a4e-48bf-bdd7-87ecbfd0b379\" target=\"_blank\" rel=\"noopener\">Impreso 1B.<\/a><\/li>\n<li>El documento del listado de documentaci\u00f3n, con la misma adjunta: <a href=\"https:\/\/www.cmh.cat\/documents\/598409\/13145760\/DOCU+1+-+Documentaci%C3%B3%20inicial+2022\/b6a426ab-afa5-4b76-8890-fdbdd9ecd549\" target=\"_blank\" rel=\"noopener\">Documento 1.<\/a><\/li>\n<\/ul>\n<p>Se recomienda consultar el <a href=\"https:\/\/www.cmh.cat\/documents\/598409\/13145760\/Esquema+de+tramitaci%C3%B3\/ae88914f-8666-481d-99ab-fdb3f45a7f55\" target=\"_blank\" rel=\"noopener\">esquema de tramitaci\u00f3n<\/a> y \u00ab7. \u00bfQu\u00e9 pasos debo seguir?\u00bb del contenido de Preguntas Frecuentes de la p\u00e1gina web del <a href=\"https:\/\/www.cmh.cat\/web\/cmh\/ajuts\/ajuts-cmh\/accessibilitat-interior-habitatge-2022\" target=\"_blank\" rel=\"noopener\">Consorci Metropolit\u00e0 de l\u2019Habitatge.<\/a><\/p>\n<p>&nbsp;<\/p>\n<h3>M\u00e1s informaci\u00f3n<\/h3>\n<p>Para obtener m\u00e1s informaci\u00f3n preferiblemente se puede dirigir a Gav\u00e0 Habitatge, mediante el correo electr\u00f3nico <a href=\"mailto:gavahabitatge@gava.cat\">gavahabitatge@gava.cat<\/a> o a trav\u00e9s del tel\u00e9fono 93 263 96 60. Tambi\u00e9n pod\u00e9is acceder a la p\u00e1gina web del <a href=\"https:\/\/www.cmh.cat\/web\/cmh\/ajuts\/ajuts-fons-next-generation\/habitatges\" target=\"_blank\" rel=\"noopener\">Consorci Metropolit\u00e0 de l\u2019Habitatge.<\/a><\/p>\n<p>Para consultar telem\u00e1ticamente m\u00e1s informaci\u00f3n puede acceder a los siguientes documentos espec\u00edficos: <a href=\"https:\/\/www.cmh.cat\/documents\/598409\/9773741\/Bases+habitabilitat+2020\/de9e9872-cf64-4796-a638-a9452f5ee3fe\" target=\"_blank\" rel=\"noopener\">Bases Reguladoras \u2013 RD 853\/2021, del 5 de octubre.<\/a><\/p>\n<p>Acceso a la <a href=\"https:\/\/www.cmh.cat\/documents\/598409\/13145760\/2022.00045+Convocat%C3%B2ria+accessibilitat+interior\/978131e0-bf97-4039-86e9-82bbf848b404\" target=\"_blank\" rel=\"noopener\">Convocatoria<\/a> y al <a href=\"https:\/\/www.cmh.cat\/documents\/598409\/13145760\/Esquema+de+tramitaci%C3%B3\/ae88914f-8666-481d-99ab-fdb3f45a7f55\" target=\"_blank\" rel=\"noopener\">esquema de tramitaci\u00f3n.<\/a><\/p>\n","protected":false},"excerpt":{"rendered":"<p>Programa de ayudas para actuaciones de accesibilidad y movilidad interior <a href=\"https:\/\/www.gavahabitatge.cat\/es\/rehabilitacion\/ayudas-para-la-rehabilitacion\/ayudas-consorci-metropolita-de-lhabitatge-en-accesibilidad-y-movilidad-interior\/\"><\/p>\n<div id=\"ves-hi\">Llegir m\u00e9s<\/div>\n<p><\/a><\/p>\n","protected":false},"author":1,"featured_media":1591,"parent":1243,"menu_order":0,"comment_status":"closed","ping_status":"closed","template":"100-width.php","meta":{"_acf_changed":false,"footnotes":""},"class_list":["post-1253","page","type-page","status-publish","has-post-thumbnail","hentry"],"acf":[],"_links":{"self":[{"href":"https:\/\/www.gavahabitatge.cat\/es\/wp-json\/wp\/v2\/pages\/1253","targetHints":{"allow":["GET"]}}],"collection":[{"href":"https:\/\/www.gavahabitatge.cat\/es\/wp-json\/wp\/v2\/pages"}],"about":[{"href":"https:\/\/www.gavahabitatge.cat\/es\/wp-json\/wp\/v2\/types\/page"}],"author":[{"embeddable":true,"href":"https:\/\/www.gavahabitatge.cat\/es\/wp-json\/wp\/v2\/users\/1"}],"replies":[{"embeddable":true,"href":"https:\/\/www.gavahabitatge.cat\/es\/wp-json\/wp\/v2\/comments?post=1253"}],"version-history":[{"count":0,"href":"https:\/\/www.gavahabitatge.cat\/es\/wp-json\/wp\/v2\/pages\/1253\/revisions"}],"up":[{"embeddable":true,"href":"https:\/\/www.gavahabitatge.cat\/es\/wp-json\/wp\/v2\/pages\/1243"}],"wp:featuredmedia":[{"embeddable":true,"href":"https:\/\/www.gavahabitatge.cat\/es\/wp-json\/wp\/v2\/media\/1591"}],"wp:attachment":[{"href":"https:\/\/www.gavahabitatge.cat\/es\/wp-json\/wp\/v2\/media?parent=1253"}],"curies":[{"name":"wp","href":"https:\/\/api.w.org\/{rel}","templated":true}]}}