{"id":1251,"date":"2024-04-02T11:51:54","date_gmt":"2024-04-02T09:51:54","guid":{"rendered":"https:\/\/www.gavahabitatge.cat\/?page_id=1251"},"modified":"2025-01-21T11:36:43","modified_gmt":"2025-01-21T10:36:43","slug":"programa-de-ayudas-en-la-elaboracion-del-libro-del-edificio-y-redaccion-de-proyectos-de-rehabilitacion","status":"publish","type":"page","link":"https:\/\/www.gavahabitatge.cat\/es\/rehabilitacion\/ayudas-para-la-rehabilitacion\/programa-de-ayudas-en-la-elaboracion-del-libro-del-edificio-y-redaccion-de-proyectos-de-rehabilitacion\/","title":{"rendered":"Programa de ayudas en la elaboraci\u00f3n del Libro del Edificio y redacci\u00f3n de proyectos de rehabilitaci\u00f3n"},"content":{"rendered":"<p>El objeto de este programa es impulsar la implantaci\u00f3n y generalizaci\u00f3n del libro del edificio existente para la rehabilitaci\u00f3n mediante una subvenci\u00f3n que cubre parte de los gastos de honorarios profesionales de su emisi\u00f3n, as\u00ed como el desarrollo de proyectos t\u00e9cnicos de rehabilitaci\u00f3n integral de edificios de acuerdo con los l\u00edmites establecidos, con el prop\u00f3sito de activar la demanda de rehabilitaci\u00f3n energ\u00e9tica significativa y de alta calidad en los edificios, y que permita alcanzar los objetivos europeos e impulse la actividad en este sector a medio y largo plazo.<\/p>\n<p>&nbsp;<\/p>\n<h3>\u00bfA qui\u00e9n va dirigido?<\/h3>\n<ul>\n<li>Comunidad de propietarios, o agrupaciones de comunidades de propietarios.<\/li>\n<li>Propietarios o usufructuarios de viviendas unifamiliares aisladas o agrupadas en hilera y de edificios existentes de tipolog\u00eda residencial colectiva.<\/li>\n<\/ul>\n<p>&nbsp;<\/p>\n<h3>Requisitos<\/h3>\n<p>En todos los casos se debe cumplir los requisitos establecidos en el art\u00edculo 52 de las <a href=\"https:\/\/www.cmh.cat\/documents\/598409\/13110273\/RD+853-2021\/4201dd03-4d07-453b-962b-711f904057a2\" target=\"_blank\" rel=\"noopener\">bases reguladoras (RDL 853\/2021, del 5 de octubre)<\/a> para este programa.<\/p>\n<p>Adem\u00e1s, en el caso de proyectos t\u00e9cnicos de rehabilitaci\u00f3n integral de edificios, la actuaci\u00f3n propuesta tambi\u00e9n deber\u00e1 cumplir con el art\u00edculo 33 de las <a href=\"https:\/\/www.cmh.cat\/documents\/598409\/13110273\/RD+853-2021\/4201dd03-4d07-453b-962b-711f904057a2\" target=\"_blank\" rel=\"noopener\">bases reguladoras (RDL 853\/2021, del 5 de octubre)<\/a> para poder ser considerada como actuaci\u00f3n subvencionable en el programa de ayuda de actuaciones de rehabilitaci\u00f3n a nivel de barrio o edificio.<\/p>\n<p>&nbsp;<\/p>\n<h3>Actuaciones subvencionables<\/h3>\n<p>Los gastos de honorarios profesionales para la elaboraci\u00f3n del libro del edificio y\/o el desarrollo de proyectos t\u00e9cnicos de rehabilitaci\u00f3n integral de edificios.<\/p>\n<p>&nbsp;<\/p>\n<h3>Importe de la subvenci\u00f3n<\/h3>\n<p><strong>Libro del Edificio:<\/strong><\/p>\n<ul>\n<li>En caso de viviendas unifamiliares y edificios plurifamiliares de hasta 20 viviendas: 700 euros, m\u00e1s una cuant\u00eda de 60 euros por vivienda.<\/li>\n<li>En caso de edificios plurifamiliares de m\u00e1s de 20 viviendas: 1.100 euros, m\u00e1s una cuant\u00eda de 40 euros por vivienda, con un m\u00e1ximo de 3.500 euros de subvenci\u00f3n.<\/li>\n<\/ul>\n<p>Si en la<strong> fecha de entrada en vigor de la convocatoria<\/strong> no se dispone de la Inspecci\u00f3n T\u00e9cnica del Edificio, del Informe de Avaluaci\u00f3n del Edificio o documento an\u00e1logo, <strong>la ayuda se incrementar\u00e1 en un m\u00e1ximo del 50 %, siempre y cuando se elabore y se registre la nueva ITE.<\/strong><\/p>\n<p>&nbsp;<\/p>\n<p><strong>Proyecto t\u00e9cnico de rehabilitaci\u00f3n integral del edificio:<\/strong><\/p>\n<ul>\n<li>En caso de viviendas unifamiliares y edificios plurifamiliares de hasta 20 viviendas: 4.000 euros, m\u00e1s una cuant\u00eda de 700 euros por vivienda.<\/li>\n<li>En caso de edificios plurifamiliares de m\u00e1s de 20 viviendas: 12.000 euros, m\u00e1s una cuant\u00eda de 300 euros por vivienda, con un m\u00e1ximo de 30.000 euros de subvenci\u00f3n.<\/li>\n<\/ul>\n<p>&nbsp;<\/p>\n<h3>Fechas clave<\/h3>\n<p>La convocatoria de solicitud de ayudas est\u00e1 abierta actualmente, aunque se podr\u00e1 cerrar la admisi\u00f3n de solicitudes y documentaci\u00f3n si se agota la dotaci\u00f3n presupuestaria.<\/p>\n<p>&nbsp;<\/p>\n<h3>Documentaci\u00f3n para la solicitud<\/h3>\n<p>En el <a href=\"https:\/\/www.cmh.cat\/documents\/598409\/13372027\/Check+List+Docu-Programa+D-+LLibre\/f0a1deaa-c2a7-4d77-9af7-f5605f9f6805\" target=\"_blank\" rel=\"noopener\">documento<\/a> elaborado por el Consorci Metropolit\u00e0 de l\u2019Habitatge se puede consultar la relaci\u00f3n de documentaci\u00f3n que hace falta presentar en las ayudas a nivel del libro del edificio existente y redacci\u00f3n de proyectos de rehabilitaci\u00f3n.<\/p>\n<p>&nbsp;<\/p>\n<h3>Tramitaci\u00f3n<\/h3>\n<p>La tramitaci\u00f3n de la solicitud de las ayudas la debe realizar el\/la t\u00e9cnico\/a competente o bien, en el caso que exista, el agente o gestor de rehabilitaci\u00f3n a trav\u00e9s de su t\u00e9cnico competente. Ser\u00e1 necesario que previamente el t\u00e9cnico competente solicite el alta como usuario del aplicativo de gesti\u00f3n, disponible pr\u00f3ximamente a trav\u00e9s del <a href=\"https:\/\/www.cmh.cat\/home\" target=\"_blank\" rel=\"noopener\">Consorci Metropolit\u00e0 de l&#8217;Habitatge.<\/a><\/p>\n<p>&nbsp;<\/p>\n<h3>M\u00e1s informaci\u00f3n<\/h3>\n<p>Para obtener m\u00e1s informaci\u00f3n preferiblemente se puede dirigir a Gav\u00e0 Habitatge, mediante el correo electr\u00f3nico <a href=\"mailto:gavahabitatge@gava.cat\">gavahabitatge@gava.cat<\/a> o a trav\u00e9s del tel\u00e9fono 93 263 96 60. Tambi\u00e9n pod\u00e9is acceder a la p\u00e1gina web del <a href=\"https:\/\/www.cmh.cat\/home\" target=\"_blank\" rel=\"noopener\">Consorci Metropolit\u00e0 de l&#8217;Habitatge.<\/a><\/p>\n<p>Para consultar telem\u00e1ticamente m\u00e1s informaci\u00f3n puede acceder a los documentos espec\u00edficos siguientes:<\/p>\n<ul>\n<li><a href=\"https:\/\/www.cmh.cat\/documents\/598409\/13110273\/RD+853-2021\/4201dd03-4d07-453b-962b-711f904057a2\" target=\"_blank\" rel=\"noopener\">Bases reguladoras \u2013 RD 853\/2021, de 5 de octubre<\/a><\/li>\n<li><a href=\"https:\/\/www.cmh.cat\/documents\/598409\/13145762\/2022.00042+Convocat%C3%B2ria+Next+Generation+EU+2022\/228db467-09f2-4dad-b384-66d5af15807a\" target=\"_blank\" rel=\"noopener\">Convocatoria<\/a><\/li>\n<\/ul>\n","protected":false},"excerpt":{"rendered":"<p>El objeto de este programa es impulsar la implantaci\u00f3n y <a href=\"https:\/\/www.gavahabitatge.cat\/es\/rehabilitacion\/ayudas-para-la-rehabilitacion\/programa-de-ayudas-en-la-elaboracion-del-libro-del-edificio-y-redaccion-de-proyectos-de-rehabilitacion\/\"><\/p>\n<div id=\"ves-hi\">Llegir m\u00e9s<\/div>\n<p><\/a><\/p>\n","protected":false},"author":1,"featured_media":1591,"parent":1243,"menu_order":0,"comment_status":"closed","ping_status":"closed","template":"100-width.php","meta":{"_acf_changed":false,"footnotes":""},"class_list":["post-1251","page","type-page","status-publish","has-post-thumbnail","hentry"],"acf":[],"_links":{"self":[{"href":"https:\/\/www.gavahabitatge.cat\/es\/wp-json\/wp\/v2\/pages\/1251","targetHints":{"allow":["GET"]}}],"collection":[{"href":"https:\/\/www.gavahabitatge.cat\/es\/wp-json\/wp\/v2\/pages"}],"about":[{"href":"https:\/\/www.gavahabitatge.cat\/es\/wp-json\/wp\/v2\/types\/page"}],"author":[{"embeddable":true,"href":"https:\/\/www.gavahabitatge.cat\/es\/wp-json\/wp\/v2\/users\/1"}],"replies":[{"embeddable":true,"href":"https:\/\/www.gavahabitatge.cat\/es\/wp-json\/wp\/v2\/comments?post=1251"}],"version-history":[{"count":0,"href":"https:\/\/www.gavahabitatge.cat\/es\/wp-json\/wp\/v2\/pages\/1251\/revisions"}],"up":[{"embeddable":true,"href":"https:\/\/www.gavahabitatge.cat\/es\/wp-json\/wp\/v2\/pages\/1243"}],"wp:featuredmedia":[{"embeddable":true,"href":"https:\/\/www.gavahabitatge.cat\/es\/wp-json\/wp\/v2\/media\/1591"}],"wp:attachment":[{"href":"https:\/\/www.gavahabitatge.cat\/es\/wp-json\/wp\/v2\/media?parent=1251"}],"curies":[{"name":"wp","href":"https:\/\/api.w.org\/{rel}","templated":true}]}}