{"id":1249,"date":"2024-04-02T11:51:30","date_gmt":"2024-04-02T09:51:30","guid":{"rendered":"https:\/\/www.gavahabitatge.cat\/?page_id=1249"},"modified":"2025-01-21T11:30:57","modified_gmt":"2025-01-21T10:30:57","slug":"programa-de-ayudas-de-rehabilitacion-a-nivel-de-vivienda","status":"publish","type":"page","link":"https:\/\/www.gavahabitatge.cat\/es\/rehabilitacion\/ayudas-para-la-rehabilitacion\/programa-de-ayudas-de-rehabilitacion-a-nivel-de-vivienda\/","title":{"rendered":"Programa de ayudas de rehabilitaci\u00f3n a nivel de vivienda"},"content":{"rendered":"<p>El objeto de este programa es la financiaci\u00f3n de actuaciones u obras de mejora de la eficiencia energ\u00e9tica en viviendas, sean unifamiliares o pertenecientes a edificios plurifamiliares.<\/p>\n<p>&nbsp;<\/p>\n<h3>\u00bfA qui\u00e9n va dirigido?<\/h3>\n<p>Los destinatarios \u00faltimos y beneficiarios de las ayudas pueden ser personas propietarias, usufructuarias o arrendatarias de viviendas, ya sean personas f\u00edsicas o jur\u00eddicas de naturaleza privada o p\u00fablica.<\/p>\n<p>&nbsp;<\/p>\n<h3>Requisitos<\/h3>\n<p>Las viviendas objeto de actuaci\u00f3n deben constituir el domicilio habitual y permanente de los propietarios, usufructuarios o arrendatarios en el momento de solicitar la ayuda.<\/p>\n<p>Las actuaciones a ejecutar deben tener la licencia o autorizaci\u00f3n municipal que corresponda seg\u00fan normativa, y deber\u00e1 estar vigente a lo largo de la ejecuci\u00f3n de las obras.<\/p>\n<p>&nbsp;<\/p>\n<h3>Actuaciones subvencionables<\/h3>\n<p>Actuaciones en las que se alcance una <strong>reducci\u00f3n de la demanda energ\u00e9tica anual global de calefacci\u00f3n y refrigeraci\u00f3n<\/strong> de como <strong>m\u00ednimo un 7%<\/strong> o una <strong>reducci\u00f3n del consumo de energ\u00eda primaria no renovable<\/strong> de como <strong>m\u00ednimo un 30%.<\/strong><\/p>\n<p>Las actuaciones de modificaci\u00f3n o sustituci\u00f3n de elementos constructivos de la envolvente t\u00e9rmica cuando sea necesario adaptar sus caracter\u00edsticas a los valores l\u00edmite de transmitancia t\u00e9rmica y de permeabilidad al aire, establecidos en las tablas 3.1.1.a\u2013HE1 i 3.1.3.a\u2013HE1, del Documento B\u00e1sico DB HE de Ahorro de Energ\u00eda del C\u00f3digo T\u00e9cnico de Edificaci\u00f3n.<\/p>\n<p>Los honorarios profesionales, coste de redacci\u00f3n del proyecto, informes t\u00e9cnicos y certificados necesarios, gastos derivados de la tramitaci\u00f3n administrativa, y otros gastos generales similares debidamente justificados.<\/p>\n<p>Si la obra ya est\u00e1 iniciada o finalizada tambi\u00e9n es subvencionable, siempre y cuando el inicio de las obras sea posterior al 1 de febrero de 2020.<\/p>\n<p>No ser\u00e1n subvencionables las actuaciones de inversi\u00f3n en generadores t\u00e9rmicos que utilicen combustible de origen f\u00f3sil.<\/p>\n<p>&nbsp;<\/p>\n<h3>Importe de la subvenci\u00f3n<\/h3>\n<p><img decoding=\"async\" class=\"lazyload alignnone size-full wp-image-1300\" src=\"https:\/\/www.gavahabitatge.cat\/wp-content\/uploads\/2025\/01\/importes-viviendas.png\" data-orig-src=\"https:\/\/www.gavahabitatge.cat\/wp-content\/uploads\/2025\/01\/importes-viviendas.png\" alt=\"\" width=\"823\" height=\"513\" srcset=\"data:image\/svg+xml,%3Csvg%20xmlns%3D%27http%3A%2F%2Fwww.w3.org%2F2000%2Fsvg%27%20width%3D%27823%27%20height%3D%27513%27%20viewBox%3D%270%200%20823%20513%27%3E%3Crect%20width%3D%27823%27%20height%3D%27513%27%20fill-opacity%3D%220%22%2F%3E%3C%2Fsvg%3E\" data-srcset=\"https:\/\/www.gavahabitatge.cat\/wp-content\/uploads\/2025\/01\/importes-viviendas-200x125.png 200w, https:\/\/www.gavahabitatge.cat\/wp-content\/uploads\/2025\/01\/importes-viviendas-300x187.png 300w, https:\/\/www.gavahabitatge.cat\/wp-content\/uploads\/2025\/01\/importes-viviendas-400x249.png 400w, https:\/\/www.gavahabitatge.cat\/wp-content\/uploads\/2025\/01\/importes-viviendas-600x374.png 600w, https:\/\/www.gavahabitatge.cat\/wp-content\/uploads\/2025\/01\/importes-viviendas-768x479.png 768w, https:\/\/www.gavahabitatge.cat\/wp-content\/uploads\/2025\/01\/importes-viviendas-800x499.png 800w, https:\/\/www.gavahabitatge.cat\/wp-content\/uploads\/2025\/01\/importes-viviendas.png 823w\" data-sizes=\"auto\" data-orig-sizes=\"(max-width: 823px) 100vw, 823px\" \/><\/p>\n<p>&nbsp;<\/p>\n<h3>Fechas clave<\/h3>\n<p>La convocatoria de solicitud de ayudas est\u00e1 abierta actualmente, aunque se podr\u00e1 cerrar la admisi\u00f3n de solicitudes y documentaci\u00f3n\u00a0si se agota la dotaci\u00f3n presupuestaria.<\/p>\n<p>Las actuaciones objeto de financiaci\u00f3n mediante este programa deber\u00e1n estar finalizadas antes del 30 de junio de 2026.<\/p>\n<p>&nbsp;<\/p>\n<h3>Documentaci\u00f3n para la solicitud<\/h3>\n<p>En el <a href=\"https:\/\/www.cmh.cat\/documents\/598409\/13372274\/Check+List+Docu-Programa+C-+Habitatge\/52856cf0-4169-4d46-a393-1c56390b0c36\" target=\"_blank\" rel=\"noopener\">documento<\/a> elaborado por el Consorci Metropolit\u00e0 de l\u2019Habitatge se puede consultar la relaci\u00f3n de documentaci\u00f3n que hace falta presentar en las ayudas a nivel de vivienda.<\/p>\n<p>&nbsp;<\/p>\n<h3>Tramitaci\u00f3n<\/h3>\n<p>La tramitaci\u00f3n de la solicitud de ayudas la puede realizar el destinatario \u00faltimo o bien, en el caso que exista, el agente o gestor de rehabilitaci\u00f3n. Se realizar\u00e1 presencialmente en la oficina de Gav\u00e0 Habitatge.<\/p>\n<p>Antes de presentar una solicitud de ayudas, se debe comprobar que se dispone de toda la documentaci\u00f3n necesaria y aportarla en el momento de presentar la solicitud.<\/p>\n<p>&nbsp;<\/p>\n<h3>M\u00e1s informaci\u00f3n<\/h3>\n<p>Para obtener m\u00e1s informaci\u00f3n preferiblemente se puede dirigir a Gav\u00e0 Habitatge, mediante el correo electr\u00f3nico <a href=\"mailto:gavahabitatge@gava.cat\">gavahabitatge@gava.cat<\/a> o a trav\u00e9s del tel\u00e9fono 93 263 96 60. Tambi\u00e9n pod\u00e9is acceder a la p\u00e1gina web del <a href=\"https:\/\/www.cmh.cat\/home\" target=\"_blank\" rel=\"noopener\">Consorci Metropolit\u00e0 de l&#8217;Habitatge.<\/a><\/p>\n<p>Para consultar telem\u00e1ticamente m\u00e1s informaci\u00f3n puede acceder al documento espec\u00edfico siguiente:<\/p>\n<ul>\n<li><a href=\"https:\/\/www.cmh.cat\/documents\/598409\/13110273\/RD+853-2021\/4201dd03-4d07-453b-962b-711f904057a2\" target=\"_blank\" rel=\"noopener\">Bases reguladoras \u2013 RD 853\/2021, de 5 de octubre<\/a><\/li>\n<li><a href=\"https:\/\/www.cmh.cat\/documents\/598409\/13145762\/2022.00042+Convocat%C3%B2ria+Next+Generation+EU+2022\/228db467-09f2-4dad-b384-66d5af15807a\" target=\"_blank\" rel=\"noopener\">Convocatoria<\/a><\/li>\n<\/ul>\n","protected":false},"excerpt":{"rendered":"<p>El objeto de este programa es la financiaci\u00f3n de actuaciones <a href=\"https:\/\/www.gavahabitatge.cat\/es\/rehabilitacion\/ayudas-para-la-rehabilitacion\/programa-de-ayudas-de-rehabilitacion-a-nivel-de-vivienda\/\"><\/p>\n<div id=\"ves-hi\">Llegir m\u00e9s<\/div>\n<p><\/a><\/p>\n","protected":false},"author":1,"featured_media":1591,"parent":1243,"menu_order":0,"comment_status":"closed","ping_status":"closed","template":"100-width.php","meta":{"_acf_changed":false,"footnotes":""},"class_list":["post-1249","page","type-page","status-publish","has-post-thumbnail","hentry"],"acf":[],"_links":{"self":[{"href":"https:\/\/www.gavahabitatge.cat\/es\/wp-json\/wp\/v2\/pages\/1249","targetHints":{"allow":["GET"]}}],"collection":[{"href":"https:\/\/www.gavahabitatge.cat\/es\/wp-json\/wp\/v2\/pages"}],"about":[{"href":"https:\/\/www.gavahabitatge.cat\/es\/wp-json\/wp\/v2\/types\/page"}],"author":[{"embeddable":true,"href":"https:\/\/www.gavahabitatge.cat\/es\/wp-json\/wp\/v2\/users\/1"}],"replies":[{"embeddable":true,"href":"https:\/\/www.gavahabitatge.cat\/es\/wp-json\/wp\/v2\/comments?post=1249"}],"version-history":[{"count":0,"href":"https:\/\/www.gavahabitatge.cat\/es\/wp-json\/wp\/v2\/pages\/1249\/revisions"}],"up":[{"embeddable":true,"href":"https:\/\/www.gavahabitatge.cat\/es\/wp-json\/wp\/v2\/pages\/1243"}],"wp:featuredmedia":[{"embeddable":true,"href":"https:\/\/www.gavahabitatge.cat\/es\/wp-json\/wp\/v2\/media\/1591"}],"wp:attachment":[{"href":"https:\/\/www.gavahabitatge.cat\/es\/wp-json\/wp\/v2\/media?parent=1249"}],"curies":[{"name":"wp","href":"https:\/\/api.w.org\/{rel}","templated":true}]}}