{"id":1247,"date":"2024-04-02T11:51:07","date_gmt":"2024-04-02T09:51:07","guid":{"rendered":"https:\/\/www.gavahabitatge.cat\/?page_id=1247"},"modified":"2025-01-21T11:36:54","modified_gmt":"2025-01-21T10:36:54","slug":"programa-de-ayudas-de-rehabilitacion-a-nivel-de-edificio","status":"publish","type":"page","link":"https:\/\/www.gavahabitatge.cat\/es\/rehabilitacion\/ayudas-para-la-rehabilitacion\/programa-de-ayudas-de-rehabilitacion-a-nivel-de-edificio\/","title":{"rendered":"Programa de ayudas de rehabilitaci\u00f3n a nivel de edificio"},"content":{"rendered":"<p>El objeto de este programa es la financiaci\u00f3n de obras o actuaciones en edificios de uso principalmente residencial, que obtengan una mejora acreditada de eficiencia energ\u00e9tica, especialmente en la envolvente de los edificios de tipolog\u00eda residencial colectiva, incluyendo sus viviendas, y en viviendas unifamiliares. Estar\u00e1n excluidas las viviendas de uso tur\u00edstico.<\/p>\n<p>Se puede comprobar si un edificio est\u00e1 situado en uno de los ERRP o bien pertenece al resto del territorio metropolitano con el <a href=\"https:\/\/www.cmh.cat\/web\/cmh\/ajuts\/simulador-energetic\" target=\"_blank\" rel=\"noopener\">simulador<\/a> del Consorci Metropolit\u00e0 de l\u2019Habitatge.<\/p>\n<p>&nbsp;<\/p>\n<h3>\u00bfA qui\u00e9n va dirigido?<\/h3>\n<ul>\n<li>Comunidad de propietarios o agrupaciones de comunidades de propietarios.<\/li>\n<li>Propietarios o usufructuarios de viviendas unifamiliares aisladas o agrupadas en hilera y de edificios existentes de tipolog\u00eda residencial colectiva.<\/li>\n<li>Empresas arrendatarias o concesionarias de edificios, as\u00ed como cooperativas que acrediten esta condici\u00f3n, mediante contrato vigente que les otorgue facultad expresa para realizar las obras de rehabilitaci\u00f3n objeto del programa.<\/li>\n<\/ul>\n<p>&nbsp;<\/p>\n<h3>Requisitos<\/h3>\n<p>Los edificios deben disponer de proyecto con las actuaciones a realizar, incluyendo el <strong>Libro del Edificio Existente<\/strong> para la rehabilitaci\u00f3n o un estudio del potencial de mejora del edificio o vivienda.<\/p>\n<p>Los edificios deben disponer, con <strong>car\u00e1cter obligatorio<\/strong> y previamente a la solicitud de la subvenci\u00f3n, del <strong>Informe de la Inspecci\u00f3n T\u00e9cnica del Edificio (IITE)<\/strong> presentado en la Ag\u00e8ncia de l\u2019Habitatge de Catalunya para la obtenci\u00f3n del certificado de aptitud.<\/p>\n<p>Las actuaciones a ejecutar deben contar con el acuerdo de la comunidad de propietarios en funci\u00f3n de las mayor\u00edas exigidas en el Libro quinto del C\u00f3digo Civil de Catalunya, relativo a derechos reales. Tambi\u00e9n ser\u00e1 necesaria la correspondiente licencia o autorizaci\u00f3n municipal seg\u00fan normativa, y deber\u00e1 estar vigente a lo largo de la ejecuci\u00f3n de las obras.<\/p>\n<p>&nbsp;<\/p>\n<h3>Actuaciones subvencionables<\/h3>\n<p>Todas las actuaciones de mejora o rehabilitaci\u00f3n de edificios de uso predominante residencial, siempre que se obtenga <strong>como m\u00ednimo una reducci\u00f3n del 30% del consumo de energ\u00eda primaria no renovable<\/strong>, referida a la certificaci\u00f3n energ\u00e9tica.<\/p>\n<p>En los edificios de Gav\u00e0 situados en una zona clim\u00e1tica C seg\u00fan la clasificaci\u00f3n clim\u00e1tica del C\u00f3digo T\u00e9cnico de la Edificaci\u00f3n, ser\u00e1 necesario alcanzar una reducci\u00f3n de la demanda energ\u00e9tica anual global de calefacci\u00f3n y refrigeraci\u00f3n de la vivienda unifamiliar o del edificio, seg\u00fan corresponda, de como m\u00ednimo un 25%.<\/p>\n<p>Se considerar\u00e1n protegibles todas las obras (incluidas las de conservaci\u00f3n, accesibilidad, etc) que se ejecuten en el marco del proyecto de los edificios objeto de actuaci\u00f3n siempre que en el conjunto de las actuaciones se acredite los requisitos de eficiencia energ\u00e9tica establecidos. Si la obra ja est\u00e1 iniciada o finalizada tambi\u00e9n ser\u00e1 subvencionable, siempre y cuando el inicio de las obras sea posterior al 1 de febrero de 2020.\u00a0No ser\u00e1n subvencionables las actuaciones de inversi\u00f3n en generadores t\u00e9rmicos que utilicen combustibles de origen f\u00f3sil.<\/p>\n<p>Quedan excluidas las intervenciones de rehabilitaci\u00f3n que tengan por objeto cambios de uso del edificio o derribo de todo el edificio existente manteniendo solo las fachadas. Para m\u00e1s informaci\u00f3n, consultar art\u00edculo 33 de las bases reguladoras (RDL 853\/2021, de 5 de octubre), y art\u00edculo 16-B-b.4 de la Convocatoria.<\/p>\n<p>&nbsp;<\/p>\n<h3>Importe de la subvenci\u00f3n<\/h3>\n<p><img decoding=\"async\" class=\"lazyload alignnone size-full wp-image-1296\" src=\"https:\/\/www.gavahabitatge.cat\/wp-content\/uploads\/2025\/01\/importes-edificios.png\" data-orig-src=\"https:\/\/www.gavahabitatge.cat\/wp-content\/uploads\/2025\/01\/importes-edificios.png\" alt=\"\" width=\"963\" height=\"324\" srcset=\"data:image\/svg+xml,%3Csvg%20xmlns%3D%27http%3A%2F%2Fwww.w3.org%2F2000%2Fsvg%27%20width%3D%27963%27%20height%3D%27324%27%20viewBox%3D%270%200%20963%20324%27%3E%3Crect%20width%3D%27963%27%20height%3D%27324%27%20fill-opacity%3D%220%22%2F%3E%3C%2Fsvg%3E\" data-srcset=\"https:\/\/www.gavahabitatge.cat\/wp-content\/uploads\/2025\/01\/importes-edificios-200x67.png 200w, https:\/\/www.gavahabitatge.cat\/wp-content\/uploads\/2025\/01\/importes-edificios-300x101.png 300w, https:\/\/www.gavahabitatge.cat\/wp-content\/uploads\/2025\/01\/importes-edificios-400x135.png 400w, https:\/\/www.gavahabitatge.cat\/wp-content\/uploads\/2025\/01\/importes-edificios-600x202.png 600w, https:\/\/www.gavahabitatge.cat\/wp-content\/uploads\/2025\/01\/importes-edificios-768x258.png 768w, https:\/\/www.gavahabitatge.cat\/wp-content\/uploads\/2025\/01\/importes-edificios-800x269.png 800w, https:\/\/www.gavahabitatge.cat\/wp-content\/uploads\/2025\/01\/importes-edificios.png 963w\" data-sizes=\"auto\" data-orig-sizes=\"(max-width: 963px) 100vw, 963px\" \/><\/p>\n<p>&nbsp;<\/p>\n<h3>Fechas clave<\/h3>\n<p>La convocatoria de solicitud de ayudas est\u00e1 abierta actualmente, aunque se podr\u00e1 cerrar la admisi\u00f3n de solicitudes y documentaci\u00f3n si se agota la dotaci\u00f3n presupuestaria.<\/p>\n<p>Las actuaciones objeto de financiaci\u00f3n mediante este programa deber\u00e1n estar finalizadas antes del 30 de junio de 2026.<\/p>\n<p>&nbsp;<\/p>\n<h3>Documentaci\u00f3n para la solicitud<\/h3>\n<p>En el siguiente enlace se puede consultar el documento de <a href=\"https:\/\/www.cmh.cat\/documents\/598409\/13371910\/Check+List+Docu-Programa+B-+Edifici\/7294b6a8-a7f0-4488-a9fb-f445c9ffb9cb\" target=\"_blank\" rel=\"noopener\">Relaci\u00f3n de Documentaci\u00f3n para el Programa a nivel de Edificio.<\/a><\/p>\n<p>&nbsp;<\/p>\n<h3>Tramitaci\u00f3n<\/h3>\n<p>La tramitaci\u00f3n de la solicitud de las ayudas la debe realizar el\/la t\u00e9cnico\/a competente o bien, en el caso que exista, el agente o gestor de rehabilitaci\u00f3n a trav\u00e9s de su t\u00e9cnico competente. Previamente ser\u00e1 necesario que el t\u00e9cnico competente solicite el alta como usuario del aplicativo de gesti\u00f3n, disponible pr\u00f3ximamente.<\/p>\n<p>Por internet a trav\u00e9s del <a href=\"https:\/\/www.cmh.cat\/home\" target=\"_blank\" rel=\"noopener\">Consorci Metropolit\u00e0 de l&#8217;Habitatge.<\/a><\/p>\n<p>&nbsp;<\/p>\n<h3>M\u00e1s informaci\u00f3n<\/h3>\n<p>Para obtener m\u00e1s informaci\u00f3n preferiblemente se puede dirigir a Gav\u00e0 Habitatge, mediante el correo electr\u00f3nico <a href=\"mailto:gavahabitatge@gava.cat\">gavahabitatge@gava.cat<\/a> o a trav\u00e9s del tel\u00e9fono 93 263 96 60. Tambi\u00e9n pod\u00e9is acceder a la p\u00e1gina web del <a href=\"https:\/\/www.cmh.cat\/home\" target=\"_blank\" rel=\"noopener\">Consorci Metropolit\u00e0 de l&#8217;Habitatge.<\/a><\/p>\n<p>Para consultar telem\u00e1ticamente m\u00e1s informaci\u00f3n puede acceder a los documentos espec\u00edficos siguientes:<\/p>\n<ul>\n<li><a href=\"https:\/\/www.cmh.cat\/documents\/598409\/13110273\/RD+853-2021\/4201dd03-4d07-453b-962b-711f904057a2\" target=\"_blank\" rel=\"noopener\">Bases reguladoras \u2013 RD 853\/2021, de 5 de octubre<\/a><\/li>\n<li><a href=\"https:\/\/www.cmh.cat\/documents\/598409\/13145762\/2022.00042+Convocat%C3%B2ria+Next+Generation+EU+2022\/228db467-09f2-4dad-b384-66d5af15807a\" target=\"_blank\" rel=\"noopener\">Convocatoria<\/a><\/li>\n<\/ul>\n","protected":false},"excerpt":{"rendered":"<p>El objeto de este programa es la financiaci\u00f3n de obras <a href=\"https:\/\/www.gavahabitatge.cat\/es\/rehabilitacion\/ayudas-para-la-rehabilitacion\/programa-de-ayudas-de-rehabilitacion-a-nivel-de-edificio\/\"><\/p>\n<div id=\"ves-hi\">Llegir m\u00e9s<\/div>\n<p><\/a><\/p>\n","protected":false},"author":1,"featured_media":1591,"parent":1243,"menu_order":0,"comment_status":"closed","ping_status":"closed","template":"100-width.php","meta":{"_acf_changed":false,"footnotes":""},"class_list":["post-1247","page","type-page","status-publish","has-post-thumbnail","hentry"],"acf":[],"_links":{"self":[{"href":"https:\/\/www.gavahabitatge.cat\/es\/wp-json\/wp\/v2\/pages\/1247","targetHints":{"allow":["GET"]}}],"collection":[{"href":"https:\/\/www.gavahabitatge.cat\/es\/wp-json\/wp\/v2\/pages"}],"about":[{"href":"https:\/\/www.gavahabitatge.cat\/es\/wp-json\/wp\/v2\/types\/page"}],"author":[{"embeddable":true,"href":"https:\/\/www.gavahabitatge.cat\/es\/wp-json\/wp\/v2\/users\/1"}],"replies":[{"embeddable":true,"href":"https:\/\/www.gavahabitatge.cat\/es\/wp-json\/wp\/v2\/comments?post=1247"}],"version-history":[{"count":0,"href":"https:\/\/www.gavahabitatge.cat\/es\/wp-json\/wp\/v2\/pages\/1247\/revisions"}],"up":[{"embeddable":true,"href":"https:\/\/www.gavahabitatge.cat\/es\/wp-json\/wp\/v2\/pages\/1243"}],"wp:featuredmedia":[{"embeddable":true,"href":"https:\/\/www.gavahabitatge.cat\/es\/wp-json\/wp\/v2\/media\/1591"}],"wp:attachment":[{"href":"https:\/\/www.gavahabitatge.cat\/es\/wp-json\/wp\/v2\/media?parent=1247"}],"curies":[{"name":"wp","href":"https:\/\/api.w.org\/{rel}","templated":true}]}}