{"id":1245,"date":"2024-04-02T11:50:36","date_gmt":"2024-04-02T09:50:36","guid":{"rendered":"https:\/\/www.gavahabitatge.cat\/?page_id=1245"},"modified":"2025-01-21T11:11:22","modified_gmt":"2025-01-21T10:11:22","slug":"programa-de-ayudas-de-rehabilitacion-a-nivel-de-barrio","status":"publish","type":"page","link":"https:\/\/www.gavahabitatge.cat\/es\/rehabilitacion\/ayudas-para-la-rehabilitacion\/programa-de-ayudas-de-rehabilitacion-a-nivel-de-barrio\/","title":{"rendered":"Programa de ayudas de rehabilitaci\u00f3n a nivel de Barrio"},"content":{"rendered":"<p>El objeto de este programa es financiar la realizaci\u00f3n de obras de rehabilitaci\u00f3n en edificios de uso principalmente residencial, como en viviendas unifamiliares, incluidos Entornos Residenciales de Rehabilitaci\u00f3n Programada (ERRP) previamente delimitados, que obtengan una mejora acreditada de eficiencia energ\u00e9tica. Los edificios unifamiliares de uso tur\u00edstico est\u00e1n excluidos.<\/p>\n<p>Se puede comprobar si un edificio se sit\u00faa en uno de los ERRP o bien pertenece al resto de territorio metropolitano con el <a href=\"https:\/\/www.cmh.cat\/web\/cmh\/ajuts\/simulador-energetic\" target=\"_blank\" rel=\"noopener\">simulador<\/a> del Consorci Metropolit\u00e0 de l\u2019Habitatge.<\/p>\n<p>&nbsp;<\/p>\n<h3>\u00bfA qui\u00e9n va dirigido?<\/h3>\n<ul>\n<li>Comunidad de propietarios, o agrupaciones de comunidades de propietarios.<\/li>\n<li>Propietarios o usufructuarios de viviendas unifamiliares aisladas o agrupadas en hilera, y de edificios existentes de tipolog\u00eda residencial colectiva.<\/li>\n<li>Empresas arrendatarias o concesionarias de edificios, as\u00ed como cooperativas que acrediten esta condici\u00f3n, mediante contrato vigente, que tengan otorgada la facultad expresa para realizar las obras de rehabilitaci\u00f3n objeto del programa.<\/li>\n<\/ul>\n<p>&nbsp;<\/p>\n<h3>Requisitos<\/h3>\n<p>Los edificios tienen que disponer del proyecto de actuaciones a realizar, incluyendo el Libro del Edificio existente para la rehabilitaci\u00f3n o un estudio del potencial de mejora del edificio o vivienda en cuesti\u00f3n.<\/p>\n<p>En el caso de edificios se deber\u00e1 disponer, con car\u00e1cter obligatorio y previo a solicitar la subvenci\u00f3n, del <strong>Informe de Inspecci\u00f3n T\u00e9cnica del Edificio (IITE)<\/strong> presentado a la Ag\u00e8ncia d&#8217;Habitatge de Catalunya para la obtenci\u00f3n del certificado de aptitud.<\/p>\n<p>Las actuaciones a ejecutar tienen que ser acordadas por la comunidad de propietarios de acuerdo con las mayor\u00edas exigidas en el libro quinto del C\u00f3digo Civil de Catalunya relativo a derechos reales. Tambi\u00e9n deber\u00e1n tramitarse con la licencia o autorizaci\u00f3n municipal que corresponda seg\u00fan normativa, y deber\u00e1 permanecer vigente a lo largo de la totalidad de la ejecuci\u00f3n de las obras.<\/p>\n<p>&nbsp;<\/p>\n<h3>Actuaciones subvencionables<\/h3>\n<p>Todas las actuaciones de mejora o rehabilitaci\u00f3n de edificios de uso predominante residencial, siempre que obtengan como <strong>m\u00ednimo una reducci\u00f3n del 30% del consumo de energ\u00eda primaria no renovable,<\/strong> reflejada en la certificaci\u00f3n energ\u00e9tica.<\/p>\n<p>Los edificios de Gav\u00e0 situados en una zona clim\u00e1tica C seg\u00fan la clasificaci\u00f3n clim\u00e1tica del C\u00f3digo T\u00e9cnico de la Edificaci\u00f3n, adem\u00e1s deber\u00e1n alcanzar una <strong>reducci\u00f3n de la demanda energ\u00e9tica anual global de calefacci\u00f3n y refrigeraci\u00f3n<\/strong> de la vivienda unifamiliar o edificio, seg\u00fan corresponda, de como <strong>m\u00ednimo un 25%.<\/strong><\/p>\n<p>Se considerar\u00e1n protegibles todas las obras (incluidas las de conservaci\u00f3n, accesibilidad, etc) que se ejecuten en el marco del proyecto de los edificios objeto de la actuaci\u00f3n siempre que en conjunto se alcancen los requisitos establecidos acreditados de eficiencia energ\u00e9tica. Si la obra ya est\u00e1 iniciada o finalizada tambi\u00e9n ser\u00e1 subvencionable, siempre y cuando el inicio de las obras sea posterior al 1 de febrero de 2020.\u00a0No ser\u00e1n subvencionables actuaciones de inversi\u00f3n en generadores t\u00e9rmicos que utilicen combustible de origen f\u00f3sil.<\/p>\n<p>Quedan excluidas las intervenciones de rehabilitaci\u00f3n que tengan por objeto los cambios de uso del edificio o el derribo de todo el edificio existente manteniendo solo las fachadas. Para m\u00e1s informaci\u00f3n, consultar el art\u00edculo 33 de las bases reguladoras (RDL 853\/2021, del 5 de octubre) y el art\u00edculo 16-B-b.4 de la convocatoria.<\/p>\n<p>&nbsp;<\/p>\n<h3>Importe de la subvenci\u00f3n<\/h3>\n<p><img decoding=\"async\" class=\"lazyload alignnone size-full wp-image-1292\" src=\"https:\/\/www.gavahabitatge.cat\/wp-content\/uploads\/2025\/01\/importes-barrios.png\" data-orig-src=\"https:\/\/www.gavahabitatge.cat\/wp-content\/uploads\/2025\/01\/importes-barrios.png\" alt=\"\" width=\"965\" height=\"324\" srcset=\"data:image\/svg+xml,%3Csvg%20xmlns%3D%27http%3A%2F%2Fwww.w3.org%2F2000%2Fsvg%27%20width%3D%27965%27%20height%3D%27324%27%20viewBox%3D%270%200%20965%20324%27%3E%3Crect%20width%3D%27965%27%20height%3D%27324%27%20fill-opacity%3D%220%22%2F%3E%3C%2Fsvg%3E\" data-srcset=\"https:\/\/www.gavahabitatge.cat\/wp-content\/uploads\/2025\/01\/importes-barrios-200x67.png 200w, https:\/\/www.gavahabitatge.cat\/wp-content\/uploads\/2025\/01\/importes-barrios-300x101.png 300w, https:\/\/www.gavahabitatge.cat\/wp-content\/uploads\/2025\/01\/importes-barrios-400x134.png 400w, https:\/\/www.gavahabitatge.cat\/wp-content\/uploads\/2025\/01\/importes-barrios-600x201.png 600w, https:\/\/www.gavahabitatge.cat\/wp-content\/uploads\/2025\/01\/importes-barrios-768x258.png 768w, https:\/\/www.gavahabitatge.cat\/wp-content\/uploads\/2025\/01\/importes-barrios-800x269.png 800w, https:\/\/www.gavahabitatge.cat\/wp-content\/uploads\/2025\/01\/importes-barrios.png 965w\" data-sizes=\"auto\" data-orig-sizes=\"(max-width: 965px) 100vw, 965px\" \/><\/p>\n<p>Si el coste subvencionable es mayor a 40.000 \u20ac, se deber\u00e1 acreditar la petici\u00f3n de por lo menos 3 ofertas de diferentes proveedores.<\/p>\n<p>&nbsp;<\/p>\n<h3>Fechas clave<\/h3>\n<p>La convocatoria de solicitud de ayudas est\u00e1 abierta actualmente, aunque se podr\u00e1 cerrar la admisi\u00f3n de solicitudes y documentaci\u00f3n si se agota la dotaci\u00f3n presupuestaria.<\/p>\n<p>Las actuaciones objeto de financiaci\u00f3n mediante este programa deber\u00e1n estar finalizadas antes del 30 de junio de 2026.<\/p>\n<p>&nbsp;<\/p>\n<h3>Documentaci\u00f3n para la solicitud<\/h3>\n<p>En el siguiente enlace se puede consultar el documento de <a href=\"https:\/\/www.cmh.cat\/documents\/598409\/13371708\/Check+List+Docu-Programa+A-+Barri\/ff831452-a92b-4b94-8741-9c442ae3a721\" target=\"_blank\" rel=\"noopener\">Relaci\u00f3n de Documentaci\u00f3n para el Programa a nivel de Barrios.<\/a><\/p>\n<p>&nbsp;<\/p>\n<h3>Tramitaci\u00f3n<\/h3>\n<p>La tramitaci\u00f3n de la solicitud de las ayudas la debe realizar el\/la t\u00e9cnico\/a competente o bien, en el caso que exista, el agente o gestor de rehabilitaci\u00f3n a trav\u00e9s del su t\u00e9cnico\/a competente.<\/p>\n<p>Ser\u00e1 necesario que el t\u00e9cnico competente solicite previamente el alta como usuario del aplicativo de gesti\u00f3n, disponible pr\u00f3ximamente.<\/p>\n<p>Por internet a trav\u00e9s de <a href=\"https:\/\/www.cmh.cat\/home\" target=\"_blank\" rel=\"noopener\">Consorci Metropolit\u00e0 de l&#8217;Habitatge.<\/a><\/p>\n<p>&nbsp;<\/p>\n<h3>M\u00e1s informaci\u00f3n<\/h3>\n<p>Para obtener m\u00e1s informaci\u00f3n preferiblemente se puede dirigir a Gav\u00e0 Habitatge, mediante el correo electr\u00f3nico <a href=\"mailto:gavahabitatge@gava.cat\">gavahabitatge@gava.cat<\/a> o a trav\u00e9s del tel\u00e9fono 93 263 96 60. Tambi\u00e9n pod\u00e9is acceder a la p\u00e1gina web del <a href=\"https:\/\/www.cmh.cat\/home\" target=\"_blank\" rel=\"noopener\">Consorci Metropolit\u00e0 de l&#8217;Habitatge.<\/a><\/p>\n<p>Para consultar telem\u00e1ticamente m\u00e1s informaci\u00f3n se puede acceder al documento espec\u00edfico siguiente:<\/p>\n<ul>\n<li><a href=\"https:\/\/www.cmh.cat\/documents\/598409\/13110273\/RD+853-2021\/4201dd03-4d07-453b-962b-711f904057a2\" target=\"_blank\" rel=\"noopener\">Bases reguladoras \u2013 RD 853\/2021, de 5 de octubre<\/a><\/li>\n<li><a href=\"https:\/\/www.cmh.cat\/documents\/598409\/13145762\/2022.00042+Convocat%C3%B2ria+Next+Generation+EU+2022\/228db467-09f2-4dad-b384-66d5af15807a\" target=\"_blank\" rel=\"noopener\">Convocatoria<\/a><\/li>\n<\/ul>\n","protected":false},"excerpt":{"rendered":"<p>El objeto de este programa es financiar la realizaci\u00f3n de <a href=\"https:\/\/www.gavahabitatge.cat\/es\/rehabilitacion\/ayudas-para-la-rehabilitacion\/programa-de-ayudas-de-rehabilitacion-a-nivel-de-barrio\/\"><\/p>\n<div id=\"ves-hi\">Llegir m\u00e9s<\/div>\n<p><\/a><\/p>\n","protected":false},"author":1,"featured_media":1591,"parent":1243,"menu_order":0,"comment_status":"closed","ping_status":"closed","template":"100-width.php","meta":{"_acf_changed":false,"footnotes":""},"class_list":["post-1245","page","type-page","status-publish","has-post-thumbnail","hentry"],"acf":[],"_links":{"self":[{"href":"https:\/\/www.gavahabitatge.cat\/es\/wp-json\/wp\/v2\/pages\/1245","targetHints":{"allow":["GET"]}}],"collection":[{"href":"https:\/\/www.gavahabitatge.cat\/es\/wp-json\/wp\/v2\/pages"}],"about":[{"href":"https:\/\/www.gavahabitatge.cat\/es\/wp-json\/wp\/v2\/types\/page"}],"author":[{"embeddable":true,"href":"https:\/\/www.gavahabitatge.cat\/es\/wp-json\/wp\/v2\/users\/1"}],"replies":[{"embeddable":true,"href":"https:\/\/www.gavahabitatge.cat\/es\/wp-json\/wp\/v2\/comments?post=1245"}],"version-history":[{"count":0,"href":"https:\/\/www.gavahabitatge.cat\/es\/wp-json\/wp\/v2\/pages\/1245\/revisions"}],"up":[{"embeddable":true,"href":"https:\/\/www.gavahabitatge.cat\/es\/wp-json\/wp\/v2\/pages\/1243"}],"wp:featuredmedia":[{"embeddable":true,"href":"https:\/\/www.gavahabitatge.cat\/es\/wp-json\/wp\/v2\/media\/1591"}],"wp:attachment":[{"href":"https:\/\/www.gavahabitatge.cat\/es\/wp-json\/wp\/v2\/media?parent=1245"}],"curies":[{"name":"wp","href":"https:\/\/api.w.org\/{rel}","templated":true}]}}