{"id":1243,"date":"2024-04-02T11:39:06","date_gmt":"2024-04-02T09:39:06","guid":{"rendered":"https:\/\/www.gavahabitatge.cat\/?page_id=1243"},"modified":"2025-01-21T10:58:51","modified_gmt":"2025-01-21T09:58:51","slug":"ayudas-para-la-rehabilitacion","status":"publish","type":"page","link":"https:\/\/www.gavahabitatge.cat\/es\/rehabilitacion\/ayudas-para-la-rehabilitacion\/","title":{"rendered":"Ayudas para la rehabilitaci\u00f3n"},"content":{"rendered":"<p>El Plan Local de la Vivienda de Gav\u00e0 incluye la identificaci\u00f3n de \u00e1reas de entornos vulnerables y la necesidad de intervenci\u00f3n en las edificaciones para solucionar las patolog\u00edas existentes y mejorar la eficiencia energ\u00e9tica. Estas \u00e1reas est\u00e1n vinculadas a la falta de accesibilidad, el nivel de renta de la propiedad y el envejecimiento de los residentes, entre otros.<\/p>\n<p>El objetivo es facilitar la ejecuci\u00f3n de actuaciones de rehabilitaci\u00f3n, regeneraci\u00f3n urbana y la erradicaci\u00f3n de la infravivienda de acuerdo con las necesidades de cada comunidad. Este mecanismo ofrece acompa\u00f1amiento comunitario en la toma de decisiones y soporte en la tramitaci\u00f3n de las ayudas, as\u00ed como congelar el precio de alquiler durante un per\u00edodo para evitar la expulsi\u00f3n de las personas residentes una vez hecha la rehabilitaci\u00f3n.<\/p>\n<h3>Convocatorias de subvenciones para la rehabilitaci\u00f3n financiadas con fondos Next Generation:<\/h3>\n<p>En el \u00e1mbito de la rehabilitaci\u00f3n, los fondos <strong>Next Generation EU<\/strong> en el contexto del Plan de Recuperaci\u00f3n, Transformaci\u00f3n y Resiliencia (PRTR) permitir\u00e1n luchar contra el cambio clim\u00e1tico y promover el ahorro energ\u00e9tico. En este sentido, se ha fijado como objetivo principal que los edificios de viviendas y los hogares reduzcan el consumo de energ\u00eda primaria no renovable (EPNR) un m\u00ednimo del 30% y un m\u00ednimo de la demanda seg\u00fan la zona clim\u00e1tica. Si bien son un instrumento indispensable para impulsar la eficiencia energ\u00e9tica, los fondos tambi\u00e9n pueden financiar complementariamente la rehabilitaci\u00f3n tradicional, la accesibilidad o la conservaci\u00f3n de los edificios. Actualmente se puede acceder a las siguientes ayudas:<\/p>\n<ul>\n<li><a href=\"https:\/\/www.gavahabitatge.cat\/es\/rehabilitacion\/ayudas-para-la-rehabilitacion\/programa-de-ayudas-de-rehabilitacion-a-nivel-de-barrio\/\">Ayudas Barrios:<\/a> prestaci\u00f3n para obras de rehabilitaci\u00f3n tanto en edificios de uso principalmente residencial, como en viviendas unifamiliares, que est\u00e9n incluidos en Programas de Entornos Residenciales de Rehabilitaci\u00f3n previamente delimitados.<\/li>\n<li><a href=\"https:\/\/www.gavahabitatge.cat\/es\/rehabilitacion\/ayudas-para-la-rehabilitacion\/programa-de-ayudas-de-rehabilitacion-a-nivel-de-edificio\/\">Ayudas Edificios:<\/a> prestaci\u00f3n por obras o actuaciones en edificios de uso principalmente residencial, que alcancen una mejora acreditada de eficiencia energ\u00e9tica, especialmente en la envolvente de los edificios de tipolog\u00eda residencial colectiva, incluyendo sus viviendas, y en viviendas unifamiliares.<\/li>\n<li><a href=\"https:\/\/www.gavahabitatge.cat\/es\/rehabilitacion\/ayudas-para-la-rehabilitacion\/programa-de-ayudas-de-rehabilitacion-a-nivel-de-vivienda\/\">Ayudas Viviendas:<\/a> financiaci\u00f3n de actuaciones u obras de mejora de eficiencia energ\u00e9tica en viviendas, sean unifamiliares o que pertenecen a edificios plurifamiliares.<\/li>\n<li><a href=\"https:\/\/www.gavahabitatge.cat\/es\/rehabilitacion\/ayudas-para-la-rehabilitacion\/programa-de-ayudas-en-la-elaboracion-del-libro-del-edificio-y-redaccion-de-proyectos-de-rehabilitacion\/\">Ayudas Libro del Edificio:<\/a> prestaci\u00f3n que cubre parte de los gastos honorarios profesionales para emitir el Libro del Edificio exisitente para la rehabilitaci\u00f3n, as\u00ed como la redacci\u00f3n de proyectos t\u00e9cnicos de rehabilitaci\u00f3n, con el prop\u00f3sito de activar la\u00a0\u00a0demanda\u00a0\u00a0de rehabilitaci\u00f3n energ\u00e9tica y de alta calidad en los edificios, que nos\u00a0 \u00a0 acerque a los objetivos europeos e impulse la actividad de este sector a medio y largo plazo.<\/li>\n<\/ul>\n<p><strong>No est\u00e1n incluidas<\/strong> las obras o actuaciones en viviendas de <strong>uso tur\u00edstico.<\/strong><\/p>\n<p>&nbsp;<\/p>\n<h3>Convocatorias de subvenciones para actuaciones del Consorci Metropolit\u00e0 de l&#8217;Habitatge:<\/h3>\n<ul>\n<li><a href=\"https:\/\/www.gavahabitatge.cat\/es\/rehabilitacion\/ayudas-para-la-rehabilitacion\/ayudas-consorci-metropolita-de-lhabitatge-en-accesibilidad-y-movilidad-interior\/\">Ayudas Consorci Metropolit\u00e0 de l&#8217;Habitatge en accesibilidad y movilidad interior:<\/a> prestaci\u00f3n para fomentar las actuaciones de mejora de accesibilidad y movilidad en el interior de la vivienda. Est\u00e1n excluidas las viviendas no\u00a0 destinadas a residencia habitual y permanente, excepto en el caso de viviendas vac\u00edas que se pongan de manera efectiva a disposici\u00f3n del mercado de alquiler, de bolsas de alquiler social u otros programas p\u00fablicos.<\/li>\n<li><a href=\"https:\/\/www.gavahabitatge.cat\/es\/rehabilitacion\/ayudas-para-la-rehabilitacion\/ayudas-energia-renovable\/\">Ayudas energ\u00eda renovable:<\/a> el Institut Catal\u00e0 d\u2019Energia ha desarrollado un plan de ayudas dentro del Programa de incentivos relacionados con el autoconsumo y almacenamiento con fuentes de energ\u00eda renovable y la implementaci\u00f3n de sistemas t\u00e9rmicos renovables.<\/li>\n<\/ul>\n<p>Si quer\u00e9is saber qu\u00e9 acciones se pueden realizar en un edificio de viviendas en concreto, el Consorci Metropolit\u00e0 de l\u2019Habitatge ha preparado un simulador energ\u00e9tico con los escenarios de intervenci\u00f3n estimados para la rehabilitaci\u00f3n energ\u00e9tica.<\/p>\n<p>Este <a href=\"https:\/\/www.cmh.cat\/web\/cmh\/ajuts\/simulador-energetic\" target=\"_blank\" rel=\"noopener\">simulador<\/a> recoge dos escenarios potenciales de rehabilitaci\u00f3n del edificio que permitir\u00e1n aprovechar las subvenciones de los Fondos Next Generation Europe. Se subvencionan actuaciones que, mejorando el aislamiento t\u00e9rmico del edificio, ahorrar\u00e1n energ\u00eda proporcionando m\u00e1s confort a las personas residentes. Tambi\u00e9n se puede a\u00f1adir otras actuaciones como nuevos ascensores.<\/p>\n<p>Aun as\u00ed, solo se podr\u00e1 hacer la simulaci\u00f3n de edificios plurifamiliares de propiedad horizontal construidos antes de 1981, que con fecha posterior no hayan realizado ninguna gran rehabilitaci\u00f3n.<\/p>\n<p>Se puede consultar el siguiente documento con informaci\u00f3n sobre la\u00a0<a href=\"https:\/\/www.gavaciutat.cat\/documents\/20142\/0\/Convocat%C3%B2ria+Metropolitana+Rehabilitaci%C3%B3+-+Fons+Next+Generati%C3%B3n.pdf\/d37befb6-765d-f0ac-6593-45a9b5ba3137\" target=\"_blank\" rel=\"noopener\">Convocatoria Metropolitana de Ayudas a la Rehabilitaci\u00f3n Fondos Next Generation.<\/a><\/p>\n<p>&nbsp;<\/p>\n<h4>Para obtener m\u00e1s informaci\u00f3n preferiblemente se puede dirigir a Gav\u00e0 Habitatge, mediante el correo electr\u00f3nico <a href=\"mailto:gavahabitatge@gava.cat\">gavahabitatge@gava.cat<\/a> o a trav\u00e9s del tel\u00e9fono 93 263 96 60.<\/h4>\n","protected":false},"excerpt":{"rendered":"<p>El Plan Local de la Vivienda de Gav\u00e0 incluye la <a href=\"https:\/\/www.gavahabitatge.cat\/es\/rehabilitacion\/ayudas-para-la-rehabilitacion\/\"><\/p>\n<div id=\"ves-hi\">Llegir m\u00e9s<\/div>\n<p><\/a><\/p>\n","protected":false},"author":1,"featured_media":1154,"parent":1233,"menu_order":0,"comment_status":"closed","ping_status":"closed","template":"","meta":{"_acf_changed":false,"footnotes":""},"class_list":["post-1243","page","type-page","status-publish","has-post-thumbnail","hentry"],"acf":[],"_links":{"self":[{"href":"https:\/\/www.gavahabitatge.cat\/es\/wp-json\/wp\/v2\/pages\/1243","targetHints":{"allow":["GET"]}}],"collection":[{"href":"https:\/\/www.gavahabitatge.cat\/es\/wp-json\/wp\/v2\/pages"}],"about":[{"href":"https:\/\/www.gavahabitatge.cat\/es\/wp-json\/wp\/v2\/types\/page"}],"author":[{"embeddable":true,"href":"https:\/\/www.gavahabitatge.cat\/es\/wp-json\/wp\/v2\/users\/1"}],"replies":[{"embeddable":true,"href":"https:\/\/www.gavahabitatge.cat\/es\/wp-json\/wp\/v2\/comments?post=1243"}],"version-history":[{"count":0,"href":"https:\/\/www.gavahabitatge.cat\/es\/wp-json\/wp\/v2\/pages\/1243\/revisions"}],"up":[{"embeddable":true,"href":"https:\/\/www.gavahabitatge.cat\/es\/wp-json\/wp\/v2\/pages\/1233"}],"wp:featuredmedia":[{"embeddable":true,"href":"https:\/\/www.gavahabitatge.cat\/es\/wp-json\/wp\/v2\/media\/1154"}],"wp:attachment":[{"href":"https:\/\/www.gavahabitatge.cat\/es\/wp-json\/wp\/v2\/media?parent=1243"}],"curies":[{"name":"wp","href":"https:\/\/api.w.org\/{rel}","templated":true}]}}