{"id":1241,"date":"2025-01-20T11:20:18","date_gmt":"2025-01-20T10:20:18","guid":{"rendered":"https:\/\/www.gavahabitatge.cat\/?page_id=1241"},"modified":"2025-01-21T10:40:51","modified_gmt":"2025-01-21T09:40:51","slug":"certificados-de-eficiencia-energetica","status":"publish","type":"page","link":"https:\/\/www.gavahabitatge.cat\/es\/rehabilitacion\/oficina-tecnica\/certificados-de-eficiencia-energetica\/","title":{"rendered":"Certificados de eficiencia energ\u00e9tica"},"content":{"rendered":"<p>La certificaci\u00f3n energ\u00e9tica de los edificios tiene como objetivo aportar informaci\u00f3n \u00fatil a usuarios que quieren comprar, alquilar, reformar o ampliar una vivienda, valorar las caracter\u00edsticas energ\u00e9ticas de \u00e9sta y conocer el gasto energ\u00e9tico anual aproximado.<\/p>\n<p><strong>Ser\u00e1 de obligatoriedad realizar la certificaci\u00f3n para los siguientes casos:<\/strong><\/p>\n<ul>\n<li>Edificios de nueva construcci\u00f3n.<\/li>\n<li>Edificios o partes de edificios existentes que se vendan o alquilen.<\/li>\n<li>Edificios o partes de edificios que pertenecen o se ocupan por administraci\u00f3n p\u00fablica con superficie total superior a 250m2.<\/li>\n<li>Edificios o partes de edificios en los que se realicen reformas o ampliaciones de instalaciones t\u00e9rmicas, intervenciones en m\u00e1s del 25% de la superficie de la envolvente t\u00e9rmica y con aumento del 10% de superficie o volumen construido cuando la superficie \u00fatil ampliada sea superior a 50m2.<\/li>\n<\/ul>\n<p>El certificado de eficiencia energ\u00e9tica tendr\u00e1 una validez m\u00e1xima de 10 a\u00f1os, excepto en los casos donde la calificaci\u00f3n energ\u00e9tica sea una G. En este segundo caso la validez m\u00e1xima ser\u00e1 de 5 a\u00f1os.<\/p>\n<p>&nbsp;<\/p>\n<h3>\u00bfA qui\u00e9n va dirigido?<\/h3>\n<p>La propiedad o promotora del edificio o vivienda tiene la obligaci\u00f3n de proporcionar el certificado de eficiencia energ\u00e9tica en caso de venta o alquiler. En este \u00faltimo caso, se entregar\u00e1 a la persona alquilada una copia del informe y la etiqueta de eficiencia energ\u00e9tica.<\/p>\n<p>En el caso de publicaci\u00f3n de informaci\u00f3n sobre la venta o alquiler de un edificio o parte de este, se deber\u00e1 incorporar la informaci\u00f3n relativa a la calificaci\u00f3n de eficiencia energ\u00e9tica.<\/p>\n<p>No ser\u00e1 de aplicaci\u00f3n para propietarios de edificios oficialmente protegidos por formar parte de un entorno declarado o por su valor arquitect\u00f3nico o hist\u00f3rico, siempre que la intervenci\u00f3n de mejora de eficiencia energ\u00e9tica no modifique su car\u00e1cter o aspecto.<\/p>\n<p>&nbsp;<\/p>\n<h3>Buscador de certificados de eficiencia energ\u00e9tica<\/h3>\n<p>Si necesit\u00e1is saber si una vivienda tiene certificado de eficiencia energ\u00e9tica y la informaci\u00f3n que incorpora, pod\u00e9is acceder al <a href=\"https:\/\/certificacioenergetica.gencat.cat\/icaen-visor\/AppJava\/services\/certificats\/show?language=es_ES\" target=\"_blank\" rel=\"noopener\">buscador<\/a> de certificados de la p\u00e1gina web del Institut Catal\u00e0 d&#8217;Energia.<\/p>\n<p>Pod\u00e9is hacer la consulta por direcci\u00f3n, por identificador de tr\u00e1mite o bien por referencia catastral.<\/p>\n<p>Si no dispon\u00e9is ninguno de estos datos, en la <a href=\"https:\/\/www.sedecatastro.gob.es\/\" target=\"_blank\" rel=\"noopener\">Sede Electr\u00f3nica del Catastro<\/a> pod\u00e9is consultar la referencia catastral.<\/p>\n<p>Os informamos que pod\u00e9is solicitar telem\u00e1ticamente un duplicado de la certificaci\u00f3n energ\u00e9tica mediante <a href=\"https:\/\/web.gencat.cat\/ca\/tramits\/tramits-temes\/Peticio-generica\" target=\"_blank\" rel=\"noopener\">petici\u00f3n gen\u00e9rica<\/a> de la Generalitat de Catalunya, direccionando la petici\u00f3n al departamento de Empresa y Conocimiento, como tema Industria y Energ\u00eda, y como subtema Ahorro Energ\u00e9tico.<\/p>\n<p>&nbsp;<\/p>\n<h3>M\u00e1s informaci\u00f3n<\/h3>\n<p>Para obtener m\u00e1s informaci\u00f3n preferiblemente se puede dirigir a Gav\u00e0 Habitatge, mediante el correo electr\u00f3nico <a href=\"mailto:gavahabitatge@gava.cat\">gavahabitatge@gava.cat<\/a> o a trav\u00e9s del tel\u00e9fono 93 263 96 60. Tambi\u00e9n pod\u00e9is acceder a la p\u00e1gina web del <a href=\"https:\/\/icaen.gencat.cat\/ca\/inici\/\" target=\"_blank\" rel=\"noopener\">Institut Catal\u00e0 d\u2019Energia.<\/a><\/p>\n<p>Para consultar telem\u00e1ticamente m\u00e1s informaci\u00f3n as\u00ed como preguntas frecuentes pod\u00e9is acceder a la p\u00e1gina web espec\u00edfica del <a href=\"https:\/\/icaen.gencat.cat\/ca\/energia\/usos_energia\/edificis\/certificacio\" target=\"_blank\" rel=\"noopener\">ICAEN.<\/a><\/p>\n<p>Acceso al tr\u00edptico informativo: <a href=\"https:\/\/icaen.gencat.cat\/web\/.content\/10_ICAEN\/17_publicacions_informes\/07_fullets_divulgatius\/arxius\/20170703_triptic_certificacio.pdf\" target=\"_blank\" rel=\"noopener\">La certificaci\u00f3n de eficiencia energ\u00e9tica de edificios.<\/a><\/p>\n","protected":false},"excerpt":{"rendered":"<p>La certificaci\u00f3n energ\u00e9tica de los edificios tiene como objetivo aportar <a href=\"https:\/\/www.gavahabitatge.cat\/es\/rehabilitacion\/oficina-tecnica\/certificados-de-eficiencia-energetica\/\"><\/p>\n<div id=\"ves-hi\">Llegir m\u00e9s<\/div>\n<p><\/a><\/p>\n","protected":false},"author":1,"featured_media":1591,"parent":1235,"menu_order":0,"comment_status":"closed","ping_status":"closed","template":"100-width.php","meta":{"_acf_changed":false,"footnotes":""},"class_list":["post-1241","page","type-page","status-publish","has-post-thumbnail","hentry"],"acf":[],"_links":{"self":[{"href":"https:\/\/www.gavahabitatge.cat\/es\/wp-json\/wp\/v2\/pages\/1241","targetHints":{"allow":["GET"]}}],"collection":[{"href":"https:\/\/www.gavahabitatge.cat\/es\/wp-json\/wp\/v2\/pages"}],"about":[{"href":"https:\/\/www.gavahabitatge.cat\/es\/wp-json\/wp\/v2\/types\/page"}],"author":[{"embeddable":true,"href":"https:\/\/www.gavahabitatge.cat\/es\/wp-json\/wp\/v2\/users\/1"}],"replies":[{"embeddable":true,"href":"https:\/\/www.gavahabitatge.cat\/es\/wp-json\/wp\/v2\/comments?post=1241"}],"version-history":[{"count":0,"href":"https:\/\/www.gavahabitatge.cat\/es\/wp-json\/wp\/v2\/pages\/1241\/revisions"}],"up":[{"embeddable":true,"href":"https:\/\/www.gavahabitatge.cat\/es\/wp-json\/wp\/v2\/pages\/1235"}],"wp:featuredmedia":[{"embeddable":true,"href":"https:\/\/www.gavahabitatge.cat\/es\/wp-json\/wp\/v2\/media\/1591"}],"wp:attachment":[{"href":"https:\/\/www.gavahabitatge.cat\/es\/wp-json\/wp\/v2\/media?parent=1241"}],"curies":[{"name":"wp","href":"https:\/\/api.w.org\/{rel}","templated":true}]}}