{"id":1237,"date":"2025-01-20T11:13:28","date_gmt":"2025-01-20T10:13:28","guid":{"rendered":"https:\/\/www.gavahabitatge.cat\/?page_id=1237"},"modified":"2026-02-26T16:47:10","modified_gmt":"2026-02-26T15:47:10","slug":"cedulas-de-habitabilidad","status":"publish","type":"page","link":"https:\/\/www.gavahabitatge.cat\/es\/rehabilitacion\/oficina-tecnica\/cedulas-de-habitabilidad\/","title":{"rendered":"C\u00e9dulas de habitabilidad"},"content":{"rendered":"<p>La c\u00e9dula de habitabilidad es un documento administrativo que acredita que una vivienda cumple con las condiciones m\u00ednimas de habitabilidad y es apta para ser destinada como residencia de personas, seg\u00fan la normativa vigente. El otorgamiento de la c\u00e9dula no supone la legalizaci\u00f3n de las construcciones en referencia a la adecuaci\u00f3n del uso de vivienda a la legalidad urban\u00edstica.<\/p>\n<p>Es necesaria para transmitir una vivienda en venta, alquiler o cesi\u00f3n de uso, en primera transmisi\u00f3n o en posteriores, y para darse de alta de los servicios de agua, electricidad, gas, telecomunicaciones y otros.<\/p>\n<p>Desde su fecha de emisi\u00f3n tiene una vigencia de 25 a\u00f1os para nueva construcci\u00f3n, y de 15 a\u00f1os para segundas ocupaciones o primera ocupaci\u00f3n de rehabilitaci\u00f3n.<\/p>\n<h3>\u00bfA qui\u00e9n va dirigido?<\/h3>\n<p>La puede solicitar el propietario de la vivienda, el administrador o un representante autorizado.<\/p>\n<h3>Tipolog\u00edas<\/h3>\n<ul>\n<li><a href=\"https:\/\/habitatge.gencat.cat\/ca\/detalls\/Tramits\/Cedula-dhabitabilitat-de-primera-ocupacio?category=74857eac-a82c-11e3-a972-000c29052e2c&amp;temesNom=Habitatge#googtrans(ca%7Ces)\" target=\"_blank\" rel=\"noopener\">De primera ocupaci\u00f3n<\/a> para viviendas de nueva construcci\u00f3n<\/li>\n<li><a href=\"https:\/\/habitatge.gencat.cat\/ca\/detalls\/Tramits\/Cedula-dhabitabilitat-de-primera-ocupacio?category=74857eac-a82c-11e3-a972-000c29052e2c&amp;temesNom=Habitatge\" target=\"_blank\" rel=\"noopener\">De primera ocupaci\u00f3n de rehabilitaci\u00f3n<\/a> para viviendas que son el resultado de una intervenci\u00f3n o proceso de rehabilitaci\u00f3n o gran rehabilitaci\u00f3n.<\/li>\n<li><a href=\"https:\/\/habitatge.gencat.cat\/ca\/detalls\/Tramits\/Cedula-dhabitabilitat-de-segona-ocupacio-00002?category=74857eac-a82c-11e3-a972-000c29052e2c&amp;temesNom=Habitatge\" target=\"_blank\" rel=\"noopener\">De segunda ocupaci\u00f3n<\/a> para viviendas preexistentes.<\/li>\n<\/ul>\n<h3>Buscador de c\u00e9dulas<\/h3>\n<p>Si necesit\u00e1is saber si una vivienda tiene la c\u00e9dula de habitabilidad vigente y los metros cuadrados \u00fatiles que tiene, en el <a href=\"http:\/\/agenciahabitatge.gencat.cat\/wps\/portal\/serveis\/cercadorcedules\/cercador-cedules\/!ut\/p\/z1\/nZFRT4MwFIV_iw88NveOFqiPxBncsqFxcUJfTFcK1DBgrE7991azqFkyl9m3e9p895xTEJCBaOXOVNKarpWNm3MRPvG7y-SGM3-G91OGcTAZJxPOKCKDx1MPhLvGIydGWIIAoVrb2xpyWSslPXzVKw-3ethps_VQ6UHJohuULl4a_Usge-WT0CtTQK4iSrmvI8KVHhEWsBGRUoeEySAMgiIsytJ3jsUpU7kLFR0NlYxgcebOAyBfjh1wxuniOkWKt-xs4PQrwh-1u48zz5uNiF27XWv1m4Xsn_U6lD_Mr-aVcyhtTUxbdpDtAZAdAH6Eb0C_flhzGpZpSuSKv9Omii8-AH2v9fk!\/dz\/d5\/L2dBISEvZ0FBIS9nQSEh\/\" target=\"_blank\" rel=\"noopener\">buscador de c\u00e9dulas<\/a> de la web de la Agencia de la Vivienda de Catalunya pod\u00e9is realizar la consulta por n\u00famero de c\u00e9dula o con la referencia catastral. Os informamos que pod\u00e9is solicitar telem\u00e1ticamente la copia de la c\u00e9dula de habitabilidad <a href=\"https:\/\/web.gencat.cat\/es\/tramits\/tramits-temes\/22170_Copia_Cedules?category=74857eaca82c-11e3-a972-000c29052e2c\" target=\"_blank\" rel=\"noopener\">aqu\u00ed.<\/a><\/p>\n<p>Si no se dispone de ninguna de estos datos, en la <a href=\"https:\/\/www.sedecatastro.gob.es\/\" target=\"_blank\" rel=\"noopener\">Sede Electr\u00f3nica del Catastro<\/a> se puede consultar la referencia catastral.<\/p>\n<h3>M\u00e1s informaci\u00f3n<\/h3>\n<p>Para consultar telem\u00e1ticamente m\u00e1s informaci\u00f3n as\u00ed como preguntas frecuentes puede acceder a la web de <a href=\"https:\/\/habitatge.gencat.cat\/ca\/ambits\/cedules-habitabilitat\/#bloc1\" target=\"_blank\" rel=\"noopener\">Informaci\u00f3n, tr\u00e1mites y servicios de la Generalitat de Catalunya.<\/a><\/p>\n","protected":false},"excerpt":{"rendered":"<p>La c\u00e9dula de habitabilidad es un documento administrativo que acredita <a href=\"https:\/\/www.gavahabitatge.cat\/es\/rehabilitacion\/oficina-tecnica\/cedulas-de-habitabilidad\/\"><\/p>\n<div id=\"ves-hi\">Llegir m\u00e9s<\/div>\n<p><\/a><\/p>\n","protected":false},"author":1,"featured_media":1591,"parent":1235,"menu_order":0,"comment_status":"closed","ping_status":"closed","template":"100-width.php","meta":{"_acf_changed":false,"footnotes":""},"class_list":["post-1237","page","type-page","status-publish","has-post-thumbnail","hentry"],"acf":[],"_links":{"self":[{"href":"https:\/\/www.gavahabitatge.cat\/es\/wp-json\/wp\/v2\/pages\/1237","targetHints":{"allow":["GET"]}}],"collection":[{"href":"https:\/\/www.gavahabitatge.cat\/es\/wp-json\/wp\/v2\/pages"}],"about":[{"href":"https:\/\/www.gavahabitatge.cat\/es\/wp-json\/wp\/v2\/types\/page"}],"author":[{"embeddable":true,"href":"https:\/\/www.gavahabitatge.cat\/es\/wp-json\/wp\/v2\/users\/1"}],"replies":[{"embeddable":true,"href":"https:\/\/www.gavahabitatge.cat\/es\/wp-json\/wp\/v2\/comments?post=1237"}],"version-history":[{"count":1,"href":"https:\/\/www.gavahabitatge.cat\/es\/wp-json\/wp\/v2\/pages\/1237\/revisions"}],"predecessor-version":[{"id":1813,"href":"https:\/\/www.gavahabitatge.cat\/es\/wp-json\/wp\/v2\/pages\/1237\/revisions\/1813"}],"up":[{"embeddable":true,"href":"https:\/\/www.gavahabitatge.cat\/es\/wp-json\/wp\/v2\/pages\/1235"}],"wp:featuredmedia":[{"embeddable":true,"href":"https:\/\/www.gavahabitatge.cat\/es\/wp-json\/wp\/v2\/media\/1591"}],"wp:attachment":[{"href":"https:\/\/www.gavahabitatge.cat\/es\/wp-json\/wp\/v2\/media?parent=1237"}],"curies":[{"name":"wp","href":"https:\/\/api.w.org\/{rel}","templated":true}]}}