{"id":1091,"date":"2025-01-13T16:25:45","date_gmt":"2025-01-13T15:25:45","guid":{"rendered":"https:\/\/www.gavahabitatge.cat\/?page_id=1091"},"modified":"2025-01-16T15:32:27","modified_gmt":"2025-01-16T14:32:27","slug":"servicio-de-orientacion-juridica-de-deuda-hipotecaria","status":"publish","type":"page","link":"https:\/\/www.gavahabitatge.cat\/es\/alquiler-y-ayudas\/servicios\/servicio-de-orientacion-juridica-de-deuda-hipotecaria\/","title":{"rendered":"Servicio de orientaci\u00f3n jur\u00eddica de deuda hipotecaria"},"content":{"rendered":"<p>Se ofrece servicio de informaci\u00f3n, asesoramiento e intermediaci\u00f3n para personas y familias con problemas para hacer frente a la deuda hipotecaria o al alquiler de la vivienda habitual. El solicitante recibir\u00e1 acompa\u00f1amiento de resoluci\u00f3n de conflictos en los \u00e1mbitos de intermediaci\u00f3n hipotecaria, de mediaci\u00f3n por cl\u00e1usulas abusivas y de mediaci\u00f3n en el alquiler para personas en riesgo de p\u00e9rdida de vivienda.<\/p>\n<p>El <a href=\"https:\/\/www.gavahabitatge.cat\/es\/alquiler-y-ayudas\/servicios\/servicio-de-intermediacion-de-deudas-de-la-vivienda-sidh\/\">Servicio de Intermediaci\u00f3n de Deudas de la Vivienda (SIDH)<\/a> tiene el objetivo de evitar la p\u00e9rdida de la vivienda debido a las dificultades para realizar los pagos del pr\u00e9stamo o prev\u00e9n que no podr\u00e1n pagarla en el futuro.<\/p>\n<p>El Servicio de Asesoramiento Sobre la Deuda Hipotecaria (OFIDEUTE) tiene como objetivo ofrecer informaci\u00f3n y orientaci\u00f3n jur\u00eddica sobre las obligaciones y derechos contractuales de los solicitantes, y presentar las posibilidades de negociaciones con el acreedor o propietario de la vivienda en funci\u00f3n de la situaci\u00f3n particular.<\/p>\n<p>&nbsp;<\/p>\n<h3>M\u00e1s informaci\u00f3n<\/h3>\n<p>Para m\u00e1s informaci\u00f3n y para conocer qu\u00e9 documentaci\u00f3n ser\u00e1 necesario presentar se puede consultar la web de la Agencia de la Vivienda de Catalunya: <a href=\"http:\/\/agenciahabitatge.gencat.cat\/wps\/portal\/serveis\/ofideute\/!ut\/p\/z0\/fYyxCsIwFAC_xSGjvEeNEsegUFssiFP6Fok1baOStE2sfr4VxNHx4O6AQAE5PdpGR-udvk9c0uokDut0J3iyx2POUS6zbZoJvkDkkAP9F6ZDMhSbogHqdGzn1tUeVDDDaGwA5Wt7MY9oPp699j1JoMq7aF4RlG6rSjN8mjPDb8HwV3Q3KkWQszfhs_8V\/\" target=\"_blank\" rel=\"noopener\">Servicio de asesoramiento sobre la deuda hipotecaria.<\/a><\/p>\n<p>&nbsp;<\/p>\n<h4>Para obtener m\u00e1s informaci\u00f3n se puede dirigir a SIDH Gav\u00e0 i Begues, mediante el tel\u00e9fono 93 263 91 00 o pidiendo cita previa a trav\u00e9s del correo <a href=\"mailto:sacgava@diba.cat\" target=\"_blank\" rel=\"noopener\">sacgava@diba.cat<\/a>. El horario de atenci\u00f3n es lunes, mi\u00e9rcoles y viernes de 9:00 ha 14:30 h, y martes y jueves de 9:00 ha 19:00 h.<\/h4>\n","protected":false},"excerpt":{"rendered":"<p>Se ofrece servicio de informaci\u00f3n, asesoramiento e intermediaci\u00f3n para personas <a href=\"https:\/\/www.gavahabitatge.cat\/es\/alquiler-y-ayudas\/servicios\/servicio-de-orientacion-juridica-de-deuda-hipotecaria\/\"><\/p>\n<div id=\"ves-hi\">Llegir m\u00e9s<\/div>\n<p><\/a><\/p>\n","protected":false},"author":1,"featured_media":1571,"parent":1083,"menu_order":0,"comment_status":"closed","ping_status":"closed","template":"100-width.php","meta":{"_acf_changed":false,"footnotes":""},"class_list":["post-1091","page","type-page","status-publish","has-post-thumbnail","hentry"],"acf":[],"_links":{"self":[{"href":"https:\/\/www.gavahabitatge.cat\/es\/wp-json\/wp\/v2\/pages\/1091","targetHints":{"allow":["GET"]}}],"collection":[{"href":"https:\/\/www.gavahabitatge.cat\/es\/wp-json\/wp\/v2\/pages"}],"about":[{"href":"https:\/\/www.gavahabitatge.cat\/es\/wp-json\/wp\/v2\/types\/page"}],"author":[{"embeddable":true,"href":"https:\/\/www.gavahabitatge.cat\/es\/wp-json\/wp\/v2\/users\/1"}],"replies":[{"embeddable":true,"href":"https:\/\/www.gavahabitatge.cat\/es\/wp-json\/wp\/v2\/comments?post=1091"}],"version-history":[{"count":0,"href":"https:\/\/www.gavahabitatge.cat\/es\/wp-json\/wp\/v2\/pages\/1091\/revisions"}],"up":[{"embeddable":true,"href":"https:\/\/www.gavahabitatge.cat\/es\/wp-json\/wp\/v2\/pages\/1083"}],"wp:featuredmedia":[{"embeddable":true,"href":"https:\/\/www.gavahabitatge.cat\/es\/wp-json\/wp\/v2\/media\/1571"}],"wp:attachment":[{"href":"https:\/\/www.gavahabitatge.cat\/es\/wp-json\/wp\/v2\/media?parent=1091"}],"curies":[{"name":"wp","href":"https:\/\/api.w.org\/{rel}","templated":true}]}}