{"id":1089,"date":"2025-01-13T16:25:23","date_gmt":"2025-01-13T15:25:23","guid":{"rendered":"https:\/\/www.gavahabitatge.cat\/?page_id=1089"},"modified":"2025-01-16T15:26:32","modified_gmt":"2025-01-16T14:26:32","slug":"servicio-de-intervencion-y-prevencion-de-la-exclusion-residencial-siper","status":"publish","type":"page","link":"https:\/\/www.gavahabitatge.cat\/es\/alquiler-y-ayudas\/servicios\/servicio-de-intervencion-y-prevencion-de-la-exclusion-residencial-siper\/","title":{"rendered":"Servicio de intervenci\u00f3n y prevenci\u00f3n de la exclusi\u00f3n residencial (SIPER)"},"content":{"rendered":"<p>El principal objetivo es la prevenci\u00f3n de la exclusi\u00f3n residencial, mediante el servicio de asesoramiento a solicitantes sin recursos para evitar situaciones de conflicto por el impago de la renta de alquiler. De ah\u00ed que se otorguen prestaciones econ\u00f3micas de especial urgencia, para afrontar situaciones de emergencia en el \u00e1mbito de la vivienda.<\/p>\n<p>&nbsp;<\/p>\n<h3>\u00bfA qui\u00e9n va dirigido?<\/h3>\n<p>A personas f\u00edsicas residentes de Catalu\u00f1a, cuyos ingresos de la unidad de convivencia no superen los l\u00edmites establecidos y que se encuentren en riesgo de exclusi\u00f3n social residencial por:<\/p>\n<ul>\n<li>Deudas de impago de rentas de alquiler o cuotas hipotecarias.<\/li>\n<li>P\u00e9rdida de la vivienda habitual.<\/li>\n<li>Dar continuidad al pago del alquiler.<\/li>\n<\/ul>\n<p>&nbsp;<\/p>\n<h3>Convocatorias<\/h3>\n<ul>\n<li>Prestaci\u00f3n para el pago de la deuda de rentas de alquiler.<\/li>\n<li>Prestaci\u00f3n para el pago de la deuda de rentas de alquiler derivada del impacto econ\u00f3mico y social de la Covid-19.<\/li>\n<li>Prestaci\u00f3n para el pago de la deuda de cuotas de amortizaci\u00f3n hipotecaria.<\/li>\n<li>Prestaci\u00f3n por atender situaciones de p\u00e9rdida de la vivienda.<\/li>\n<li>Prestaci\u00f3n complementaria y renovaci\u00f3n para dar continuidad al pago del alquiler y la prestaci\u00f3n por atender situaciones de p\u00e9rdida de la vivienda.<\/li>\n<\/ul>\n<p>&nbsp;<\/p>\n<h3>M\u00e1s informaci\u00f3n<\/h3>\n<p>Se puede consultar las bases reguladoras en el siguiente enlace: <a href=\"https:\/\/web.gencat.cat\/ca\/tramits\/tramits-temes\/Prestacions-economiques-despecial-urgencia-per-a-lhabitatge?category=\" target=\"_blank\" rel=\"noopener\">Normativa prestaciones econ\u00f3micas de especial urgencia para la vivienda<\/a><\/p>\n","protected":false},"excerpt":{"rendered":"<p>El principal objetivo es la prevenci\u00f3n de la exclusi\u00f3n residencial, <a href=\"https:\/\/www.gavahabitatge.cat\/es\/alquiler-y-ayudas\/servicios\/servicio-de-intervencion-y-prevencion-de-la-exclusion-residencial-siper\/\"><\/p>\n<div id=\"ves-hi\">Llegir m\u00e9s<\/div>\n<p><\/a><\/p>\n","protected":false},"author":1,"featured_media":1571,"parent":1083,"menu_order":0,"comment_status":"closed","ping_status":"closed","template":"100-width.php","meta":{"_acf_changed":false,"footnotes":""},"class_list":["post-1089","page","type-page","status-publish","has-post-thumbnail","hentry"],"acf":[],"_links":{"self":[{"href":"https:\/\/www.gavahabitatge.cat\/es\/wp-json\/wp\/v2\/pages\/1089","targetHints":{"allow":["GET"]}}],"collection":[{"href":"https:\/\/www.gavahabitatge.cat\/es\/wp-json\/wp\/v2\/pages"}],"about":[{"href":"https:\/\/www.gavahabitatge.cat\/es\/wp-json\/wp\/v2\/types\/page"}],"author":[{"embeddable":true,"href":"https:\/\/www.gavahabitatge.cat\/es\/wp-json\/wp\/v2\/users\/1"}],"replies":[{"embeddable":true,"href":"https:\/\/www.gavahabitatge.cat\/es\/wp-json\/wp\/v2\/comments?post=1089"}],"version-history":[{"count":0,"href":"https:\/\/www.gavahabitatge.cat\/es\/wp-json\/wp\/v2\/pages\/1089\/revisions"}],"up":[{"embeddable":true,"href":"https:\/\/www.gavahabitatge.cat\/es\/wp-json\/wp\/v2\/pages\/1083"}],"wp:featuredmedia":[{"embeddable":true,"href":"https:\/\/www.gavahabitatge.cat\/es\/wp-json\/wp\/v2\/media\/1571"}],"wp:attachment":[{"href":"https:\/\/www.gavahabitatge.cat\/es\/wp-json\/wp\/v2\/media?parent=1089"}],"curies":[{"name":"wp","href":"https:\/\/api.w.org\/{rel}","templated":true}]}}