{"id":1087,"date":"2025-01-13T16:26:14","date_gmt":"2025-01-13T15:26:14","guid":{"rendered":"https:\/\/www.gavahabitatge.cat\/?page_id=1087"},"modified":"2026-04-17T09:02:53","modified_gmt":"2026-04-17T07:02:53","slug":"servicio-de-intermediacion-de-deudas-de-la-vivienda-sidh","status":"publish","type":"page","link":"https:\/\/www.gavahabitatge.cat\/es\/alquiler-y-ayudas\/servicios\/servicio-de-intermediacion-de-deudas-de-la-vivienda-sidh\/","title":{"rendered":"Servicio de Intermediaci\u00f3n de Deudas de la Vivienda (SIDH)"},"content":{"rendered":"<h3>\u00bfA qui\u00e9n va dirigido?<\/h3>\n<p>Personas propietarias hipotecadas de una sola vivienda que tienen dificultades para pagar el pr\u00e9stamo o prev\u00e9n que no podr\u00e1n pagarlo en el futuro, o que han detectado cl\u00e1usulas abusivas en sus contratos de hipoteca, o que se encuentran en riesgo de exclusi\u00f3n residencial por transmisi\u00f3n de vivienda para compensar la deuda, entre otros.<\/p>\n<p>&nbsp;<\/p>\n<h3>Objetivos<\/h3>\n<p>Evitar la p\u00e9rdida de la vivienda y el riesgo de exclusi\u00f3n residencial de unidades de convivencia con dificultades para hacer frente al pago de pr\u00e9stamos hipotecarios, negociando con las entidades financieras posibles alternativas adecuadas a la situaci\u00f3n econ\u00f3mica actual. Se informar\u00e1 y asesorar\u00e1 sobre las opciones existentes para afrontar los problemas de los solicitantes. Se realizar\u00e1 mediaci\u00f3n con las entidades financieras para llegar a un acuerdo de propuesta de soluci\u00f3n.<\/p>\n<p>&nbsp;<\/p>\n<h3>Tramitaci\u00f3n<\/h3>\n<p>Solicitar el servicio al tel\u00e9fono 93 263 91 00 o al correo <a href=\"mailto:sacgava@diba.cat\" target=\"_blank\" rel=\"noopener\">sacgava@diba.cat<\/a>.<\/p>\n<p>&nbsp;<\/p>\n<h3>M\u00e1s informaci\u00f3n<\/h3>\n<p>Se puede consultar la p\u00e1gina web de la Diputaci\u00f3n de Barcelona:\u00a0<a href=\"https:\/\/www.diba.cat\/web\/benestar\/sidh1\" target=\"_blank\" rel=\"noopener\">Servicio de intermediaci\u00f3n en Deudas de la Vivienda\u00a0i\u00a0Tr\u00edptico SIDH<\/a>.<\/p>\n<p>&nbsp;<\/p>\n<h4>Para obtener m\u00e1s informaci\u00f3n se puede dirigir a SIDH Gav\u00e0 i Begues, mediante el tel\u00e9fono 93 263 91 00 o pidiendo cita previa a trav\u00e9s de\u00a0<a href=\"https:\/\/eseu.gava.cat\/sta\/CarpetaPublic\/doEvent?APP_CODE=STA&amp;PAGE_CODE=PTS_CITAPREVIA\">este enlace<\/a> . El horario de atenci\u00f3n es lunes, mi\u00e9rcoles y viernes de 9:00 ha 14:30 h, y martes y jueves de 9:00 ha 19:00 h.<\/h4>\n","protected":false},"excerpt":{"rendered":"<p>\u00bfA qui\u00e9n va dirigido? Personas propietarias hipotecadas de una sola <a href=\"https:\/\/www.gavahabitatge.cat\/es\/alquiler-y-ayudas\/servicios\/servicio-de-intermediacion-de-deudas-de-la-vivienda-sidh\/\"><\/p>\n<div id=\"ves-hi\">Llegir m\u00e9s<\/div>\n<p><\/a><\/p>\n","protected":false},"author":1,"featured_media":1571,"parent":1083,"menu_order":0,"comment_status":"closed","ping_status":"closed","template":"100-width.php","meta":{"_acf_changed":false,"footnotes":""},"class_list":["post-1087","page","type-page","status-publish","has-post-thumbnail","hentry"],"acf":[],"_links":{"self":[{"href":"https:\/\/www.gavahabitatge.cat\/es\/wp-json\/wp\/v2\/pages\/1087","targetHints":{"allow":["GET"]}}],"collection":[{"href":"https:\/\/www.gavahabitatge.cat\/es\/wp-json\/wp\/v2\/pages"}],"about":[{"href":"https:\/\/www.gavahabitatge.cat\/es\/wp-json\/wp\/v2\/types\/page"}],"author":[{"embeddable":true,"href":"https:\/\/www.gavahabitatge.cat\/es\/wp-json\/wp\/v2\/users\/1"}],"replies":[{"embeddable":true,"href":"https:\/\/www.gavahabitatge.cat\/es\/wp-json\/wp\/v2\/comments?post=1087"}],"version-history":[{"count":2,"href":"https:\/\/www.gavahabitatge.cat\/es\/wp-json\/wp\/v2\/pages\/1087\/revisions"}],"predecessor-version":[{"id":1869,"href":"https:\/\/www.gavahabitatge.cat\/es\/wp-json\/wp\/v2\/pages\/1087\/revisions\/1869"}],"up":[{"embeddable":true,"href":"https:\/\/www.gavahabitatge.cat\/es\/wp-json\/wp\/v2\/pages\/1083"}],"wp:featuredmedia":[{"embeddable":true,"href":"https:\/\/www.gavahabitatge.cat\/es\/wp-json\/wp\/v2\/media\/1571"}],"wp:attachment":[{"href":"https:\/\/www.gavahabitatge.cat\/es\/wp-json\/wp\/v2\/media?parent=1087"}],"curies":[{"name":"wp","href":"https:\/\/api.w.org\/{rel}","templated":true}]}}