{"id":1085,"date":"2025-01-13T16:26:38","date_gmt":"2025-01-13T15:26:38","guid":{"rendered":"https:\/\/www.gavahabitatge.cat\/?page_id=1085"},"modified":"2025-01-16T15:37:25","modified_gmt":"2025-01-16T14:37:25","slug":"servicio-de-asesoramiento-sobre-la-deuda-hipotecaria-ofideute","status":"publish","type":"page","link":"https:\/\/www.gavahabitatge.cat\/es\/alquiler-y-ayudas\/servicios\/servicio-de-asesoramiento-sobre-la-deuda-hipotecaria-ofideute\/","title":{"rendered":"Servicio de asesoramiento sobre la deuda hipotecaria (OFIDEUTE)"},"content":{"rendered":"<p>Es un servicio gratuito de informaci\u00f3n y asesoramiento dirigido a familias o unidades de convivencia con dificultades para mantener la propiedad o el uso de su domicilio.<\/p>\n<p>&nbsp;<\/p>\n<h3>\u00bfA qui\u00e9n va dirigido?<\/h3>\n<ul>\n<li>Personas propietarias hipotecadas de una sola vivienda que tienen dificultades para pagar el pr\u00e9stamo o prev\u00e9n que no podr\u00e1n pagarlo en el futuro, o que han detectado cl\u00e1usulas abusivas en sus contratos de hipoteca.<\/li>\n<li>Familias que por el impago de pr\u00e9stamos con garant\u00eda inmobiliaria, est\u00e1n en riesgo de perder la vivienda y carecen de otras propiedades de inmuebles.<\/li>\n<li>Personas avaladoras de pr\u00e9stamos.<\/li>\n<li>Familias arrendatarias de viviendas que son propiedad de entidades financieras o empresas de sus grupos, que no pueden atender a la renta mensual del alquiler o prev\u00e9n que no podr\u00e1n hacerlas efectivas en el futuro.<\/li>\n<\/ul>\n<p>&nbsp;<\/p>\n<h3>Objetivos<\/h3>\n<p>Ofrecer informaci\u00f3n y orientaci\u00f3n jur\u00eddica sobre las obligaciones y derechos contractuales, las posibilidades de negociaciones con el acreedor o propietario de la vivienda en funci\u00f3n de la situaci\u00f3n particular, las ayudas de la Administraci\u00f3n para poder hacer frente a la deuda en vivienda, una visi\u00f3n de las posibilidades de soluci\u00f3n y gastos que comporta cada opci\u00f3n, y si fuera necesario, te informa de las responsabilidades ante un posible inicio de procedimiento judicial y c\u00f3mo solicitar justicia gratuita y abogado de oficio.<\/p>\n<p>&nbsp;<\/p>\n<h3>Tramitaci\u00f3n<\/h3>\n<p>A trav\u00e9s del correo electr\u00f3nico de la Agencia de la Vivienda de Catalunya <a href=\"mailto:ofideute@gencat.cat\" target=\"_blank\" rel=\"noopener\">ofideute@gencat.cat<\/a>, o a trav\u00e9s de la oficina municipal en el tel\u00e9fono 93 263 91 00 o en el correo <a href=\"mailto:sacgava@diba.cat\" target=\"_blank\" rel=\"noopener\">sacgava@diba.cat<\/a>.<\/p>\n<p>&nbsp;<\/p>\n<h3>M\u00e1s informaci\u00f3n<\/h3>\n<p>Para m\u00e1s informaci\u00f3n y para conocer qu\u00e9 documentaci\u00f3n ser\u00e1 necesario presentar se puede consultar la web de la Agencia de la Vivienda de Catalunya: <a href=\"http:\/\/agenciahabitatge.gencat.cat\/wps\/portal\/serveis\/ofideute\/!ut\/p\/z0\/fYyxCsIwFAC_xSGjvEeNEsegUFssiFP6Fok1baOStE2sfr4VxNHx4O6AQAE5PdpGR-udvk9c0uokDut0J3iyx2POUS6zbZoJvkDkkAP9F6ZDMhSbogHqdGzn1tUeVDDDaGwA5Wt7MY9oPp699j1JoMq7aF4RlG6rSjN8mjPDb8HwV3Q3KkWQszfhs_8V\/\" target=\"_blank\" rel=\"noopener\">Servicio de asesoramiento sobre la deuda hipotecaria<\/a><\/p>\n<p>&nbsp;<\/p>\n<h4>Para obtener m\u00e1s informaci\u00f3n se puede dirigir a SIDH Gav\u00e0 i Begues, mediante el tel\u00e9fono 93 263 91 00 o pidiendo cita previa a trav\u00e9s del correo <a href=\"mailto:sacgava@diba.cat\" target=\"_blank\" rel=\"noopener\">sacgava@diba.cat<\/a>.<\/h4>\n","protected":false},"excerpt":{"rendered":"<p>Es un servicio gratuito de informaci\u00f3n y asesoramiento dirigido a <a href=\"https:\/\/www.gavahabitatge.cat\/es\/alquiler-y-ayudas\/servicios\/servicio-de-asesoramiento-sobre-la-deuda-hipotecaria-ofideute\/\"><\/p>\n<div id=\"ves-hi\">Llegir m\u00e9s<\/div>\n<p><\/a><\/p>\n","protected":false},"author":1,"featured_media":1571,"parent":1083,"menu_order":0,"comment_status":"closed","ping_status":"closed","template":"100-width.php","meta":{"_acf_changed":false,"footnotes":""},"class_list":["post-1085","page","type-page","status-publish","has-post-thumbnail","hentry"],"acf":[],"_links":{"self":[{"href":"https:\/\/www.gavahabitatge.cat\/es\/wp-json\/wp\/v2\/pages\/1085","targetHints":{"allow":["GET"]}}],"collection":[{"href":"https:\/\/www.gavahabitatge.cat\/es\/wp-json\/wp\/v2\/pages"}],"about":[{"href":"https:\/\/www.gavahabitatge.cat\/es\/wp-json\/wp\/v2\/types\/page"}],"author":[{"embeddable":true,"href":"https:\/\/www.gavahabitatge.cat\/es\/wp-json\/wp\/v2\/users\/1"}],"replies":[{"embeddable":true,"href":"https:\/\/www.gavahabitatge.cat\/es\/wp-json\/wp\/v2\/comments?post=1085"}],"version-history":[{"count":0,"href":"https:\/\/www.gavahabitatge.cat\/es\/wp-json\/wp\/v2\/pages\/1085\/revisions"}],"up":[{"embeddable":true,"href":"https:\/\/www.gavahabitatge.cat\/es\/wp-json\/wp\/v2\/pages\/1083"}],"wp:featuredmedia":[{"embeddable":true,"href":"https:\/\/www.gavahabitatge.cat\/es\/wp-json\/wp\/v2\/media\/1571"}],"wp:attachment":[{"href":"https:\/\/www.gavahabitatge.cat\/es\/wp-json\/wp\/v2\/media?parent=1085"}],"curies":[{"name":"wp","href":"https:\/\/api.w.org\/{rel}","templated":true}]}}