{"id":1081,"date":"2025-01-13T16:23:56","date_gmt":"2025-01-13T15:23:56","guid":{"rendered":"https:\/\/www.gavahabitatge.cat\/?page_id=1081"},"modified":"2026-02-26T16:38:03","modified_gmt":"2026-02-26T15:38:03","slug":"prestacion-para-el-pago-de-la-deuda-de-cuotas-de-amortizacion-hipotecaria","status":"publish","type":"page","link":"https:\/\/www.gavahabitatge.cat\/es\/alquiler-y-ayudas\/prestaciones\/prestacion-para-el-pago-de-la-deuda-de-cuotas-de-amortizacion-hipotecaria\/","title":{"rendered":"Prestaci\u00f3n para el pago de la deuda de cuotas de amortizaci\u00f3n hipotecaria"},"content":{"rendered":"<p>Ayudas para hacer frente al pago de la deuda de las cuotas de amortizaci\u00f3n hipotecaria, a las que el coste de la vivienda puede situar en riesgo de exclusi\u00f3n social residencial.<\/p>\n<p>&nbsp;<\/p>\n<h3>\u00bfA qui\u00e9n va dirigido?<\/h3>\n<p>Estas prestaciones est\u00e1n destinadas a personas f\u00edsicas residentes en Catalu\u00f1a que sean titulares de un pr\u00e9stamo hipotecario sobre la vivienda que constituye su domicilio habitual y permanente.<\/p>\n<p>&nbsp;<\/p>\n<h3>Requisitos generales<\/h3>\n<p>Aportaci\u00f3n de informe socioecon\u00f3mico de servicios sociales acreditando la necesidad especial de la unidad de convivencia que se encuentra en situaci\u00f3n de riesgo de exclusi\u00f3n residencial. El solicitante debe haber pagado un m\u00ednimo de 12 meses desde la firma del pr\u00e9stamo hipotecario hasta la presentaci\u00f3n de la solicitud. Tener unos ingresos no superiores a 2 veces el IRSC en el caso de vivir solo, o 2,5 veces el IRSC por dos o m\u00e1s miembros, y no superior a 3 veces el IRSC para personas con discapacidades o gran dependencia. El importe de las cuotas de amortizaci\u00f3n no puede superar los 800 \u20ac mensuales.<\/p>\n<p>Puede consultar los l\u00edmites de ingresos del IRSC por la Zona A en el siguiente enlace: <a href=\"https:\/\/habitatge.gencat.cat\/ca\/ambits\/Preus-ingressos-i-zones\/taules-dingressos-de-referencia-en-materia-dhabitatge-\/Taules_ingressos_ajuts_i_serveis\/\" target=\"_blank\" rel=\"noopener\">Tablas de ingresos de referencia para las ayudas o servicios en materia de vivienda. Vivienda (gencat.cat)<\/a><\/p>\n<p>&nbsp;<\/p>\n<h3>Importe de la subvenci\u00f3n<\/h3>\n<p>La cuant\u00eda de la prestaci\u00f3n se fija de acuerdo con la deuda acreditada, con un importe m\u00e1ximo de 4.500\u20ac por un per\u00edodo m\u00e1ximo de 12 meses. En caso de que se haya iniciado un proceso de desahucio el pago se realizar\u00e1 en el juzgado, sino se efectuar\u00e1 directamente a la entidad acreedora de la deuda.<\/p>\n<p>&nbsp;<\/p>\n<h3>Fechas clave<\/h3>\n<p>Convocatoria abierta.<\/p>\n<p>&nbsp;<\/p>\n<h3>Documentaci\u00f3n para la solicitud<\/h3>\n<ul>\n<li>Declaraci\u00f3n responsable relativa a si se han solicitado u obtenido otras ayudas p\u00fablicas o privadas por la misma finalidad, haciendo constar las entidades que han concedido las ayudas y la cantidad solicitada y obtenida.<\/li>\n<li>Declaraci\u00f3n de cumplimiento de requisitos para acceder a la ayuda.<\/li>\n<li>Escritura del pr\u00e9stamo hipotecario sobre la vivienda o nota simple del Registro de la Propiedad.<\/li>\n<li>Justificaci\u00f3n de ingresos de la unidad de convivencia con las tres \u00faltimas n\u00f3minas previas a la presentaci\u00f3n de la solicitud, si todav\u00eda no se dispone de n\u00f3minas ser\u00e1 necesario presentar el contrato de trabajo. En el caso de trabajadores por cuenta propia, ser\u00e1 necesaria la presentaci\u00f3n de la declaraci\u00f3n trimestral del IRPF correspondiente.<\/li>\n<li>Certificado de la entidad acreedora en la que conste el nombre de la persona titular, el inmueble hipotecado, la fecha de constituci\u00f3n del pr\u00e9stamo y el detalle de las cuotas vencidas y no pagadas.<\/li>\n<\/ul>\n<p>&nbsp;<\/p>\n<h3>Tramitaci\u00f3n<\/h3>\n<p>Preferentemente por internet, desde el enlace: <a href=\"https:\/\/web.gencat.cat\/ca\/tramits\/tramits-temes\/Prestacions-economiques-despecial-urgencia-per-a-lhabitatge?category=&amp;evolutiuTramit=1&amp;moda=3\" target=\"_blank\" rel=\"noopener\">Prestaci\u00f3n para el pago de la deuda de cuotas de amortizaci\u00f3n hipotecaria<\/a>.<\/p>\n<p>Presencial accediendo a la Oficina Local de Vivienda de Gav\u00e0.<\/p>\n<p>&nbsp;<\/p>\n<h3>M\u00e1s informaci\u00f3n<\/h3>\n<p>Se puede consultar la documentaci\u00f3n detallada y otras informaciones as\u00ed como las bases de las ayudas:\u00a0<a href=\"https:\/\/web.gencat.cat\/ca\/tramits\/tramits-temes\/Prestacions-economiques-despecial-urgencia-per-a-lhabitatge?category=&amp;evolutiuTramit=1&amp;moda=3\" target=\"_blank\" rel=\"noopener\">Documentaci\u00f3n, requisitos y otras informaciones<\/a><\/p>\n<h4><\/h4>\n","protected":false},"excerpt":{"rendered":"<p>Ayudas para hacer frente al pago de la deuda de <a href=\"https:\/\/www.gavahabitatge.cat\/es\/alquiler-y-ayudas\/prestaciones\/prestacion-para-el-pago-de-la-deuda-de-cuotas-de-amortizacion-hipotecaria\/\"><\/p>\n<div id=\"ves-hi\">Llegir m\u00e9s<\/div>\n<p><\/a><\/p>\n","protected":false},"author":1,"featured_media":1571,"parent":1071,"menu_order":0,"comment_status":"closed","ping_status":"closed","template":"100-width.php","meta":{"_acf_changed":false,"footnotes":""},"class_list":["post-1081","page","type-page","status-publish","has-post-thumbnail","hentry"],"acf":[],"_links":{"self":[{"href":"https:\/\/www.gavahabitatge.cat\/es\/wp-json\/wp\/v2\/pages\/1081","targetHints":{"allow":["GET"]}}],"collection":[{"href":"https:\/\/www.gavahabitatge.cat\/es\/wp-json\/wp\/v2\/pages"}],"about":[{"href":"https:\/\/www.gavahabitatge.cat\/es\/wp-json\/wp\/v2\/types\/page"}],"author":[{"embeddable":true,"href":"https:\/\/www.gavahabitatge.cat\/es\/wp-json\/wp\/v2\/users\/1"}],"replies":[{"embeddable":true,"href":"https:\/\/www.gavahabitatge.cat\/es\/wp-json\/wp\/v2\/comments?post=1081"}],"version-history":[{"count":1,"href":"https:\/\/www.gavahabitatge.cat\/es\/wp-json\/wp\/v2\/pages\/1081\/revisions"}],"predecessor-version":[{"id":1807,"href":"https:\/\/www.gavahabitatge.cat\/es\/wp-json\/wp\/v2\/pages\/1081\/revisions\/1807"}],"up":[{"embeddable":true,"href":"https:\/\/www.gavahabitatge.cat\/es\/wp-json\/wp\/v2\/pages\/1071"}],"wp:featuredmedia":[{"embeddable":true,"href":"https:\/\/www.gavahabitatge.cat\/es\/wp-json\/wp\/v2\/media\/1571"}],"wp:attachment":[{"href":"https:\/\/www.gavahabitatge.cat\/es\/wp-json\/wp\/v2\/media?parent=1081"}],"curies":[{"name":"wp","href":"https:\/\/api.w.org\/{rel}","templated":true}]}}