{"id":1077,"date":"2025-01-13T16:24:26","date_gmt":"2025-01-13T15:24:26","guid":{"rendered":"https:\/\/www.gavahabitatge.cat\/?page_id=1077"},"modified":"2026-02-26T16:37:46","modified_gmt":"2026-02-26T15:37:46","slug":"prestacion-para-atender-situaciones-de-perdida-de-la-vivienda","status":"publish","type":"page","link":"https:\/\/www.gavahabitatge.cat\/es\/alquiler-y-ayudas\/prestaciones\/prestacion-para-atender-situaciones-de-perdida-de-la-vivienda\/","title":{"rendered":"Prestaci\u00f3n para atender situaciones de p\u00e9rdida de la vivienda"},"content":{"rendered":"<p>Ayudas para hacer frente al pago de las rentas de alquiler y atrasos, a quienes el coste de la vivienda puede situar en riesgo de exclusi\u00f3n social residencial y la p\u00e9rdida de la vivienda.<\/p>\n<p>&nbsp;<\/p>\n<h3>\u00bfA qui\u00e9n va dirigido?<\/h3>\n<p>Titulares del contrato de alquiler, de cesi\u00f3n de uso o de contrato de subarrendamiento y encontrarse en situaci\u00f3n de p\u00e9rdida de la vivienda en alguno de los siguientes supuestos:<\/p>\n<ul>\n<li>Procesos de desahucio por falta de pago, por expiraci\u00f3n de plazo legal o contractual y por ejecuci\u00f3n hipotecaria.<\/li>\n<li>Otros procesos en los que se haya perdido la vivienda con t\u00edtulo legal, como los casos de daci\u00f3n en pago.<\/li>\n<li>Casos de violencia en el \u00e1mbito familiar, social o comunitario, acreditados por los medios de prueba.<\/li>\n<li>Casos con resoluci\u00f3n favorable de la Mesa de valoraci\u00f3n de situaciones de emergencias econ\u00f3micas y sociales de Catalunya.<\/li>\n<\/ul>\n<p>&nbsp;<\/p>\n<h3>Requisitos generales<\/h3>\n<p>Aportaci\u00f3n de informe socioecon\u00f3mico de servicios sociales acreditando la necesidad especial de la unidad de convivencia que se encuentra en situaci\u00f3n de riesgo de exclusi\u00f3n residencial. El solicitante debe haber pagado un m\u00ednimo de 3 mensualidades del alquiler o seis cuotas hipotecarias de la vivienda anterior, y ser\u00e1 necesario que el plazo entre la fecha que se deja la vivienda y la fecha en que se solicita la prestaci\u00f3n no sea superior a 24 meses.<\/p>\n<p>Tener unos ingresos no superiores a 2 veces el IRSC en el caso de vivir solo, o 2,5 veces el IRSC por dos o m\u00e1s miembros, y no superior a 3 veces el IRSC para personas con discapacidades o gran dependencia. El importe del alquiler no puede superar los 800\u20ac mensuales y debe estar al corriente del pago de las rentas por el que se solicita la prestaci\u00f3n.<\/p>\n<p>Puede consultar los l\u00edmites de ingresos del IRSC por la Zona A en el siguiente enlace: <a href=\"https:\/\/habitatge.gencat.cat\/ca\/ambits\/Preus-ingressos-i-zones\/taules-dingressos-de-referencia-en-materia-dhabitatge-\/Taules_ingressos_ajuts_i_serveis\/\" target=\"_blank\" rel=\"noopener\">Tablas de ingresos de referencia para las ayudas o servicios en materia de vivienda. Habitatge (gencat.cat)<\/a><\/p>\n<p>&nbsp;<\/p>\n<h3>Importe de la subvenci\u00f3n<\/h3>\n<p>El importe se establece en el 60% de la renta anual de la vivienda, con un l\u00edmite m\u00e1ximo de 3600\u20ac anuales por vivienda. La prestaci\u00f3n se aprueba para 12 mensualidades, pudiendo renovarse hasta un m\u00e1ximo de 24 mensualidades m\u00e1s. El importe de la prestaci\u00f3n complementaria para los gastos de fianza y de acceso a la vivienda en r\u00e9gimen de alquiler se establece en base al gasto acreditado, con un importe m\u00e1ximo de 800 euros, y s\u00f3lo se puede otorgar una vez.<\/p>\n<p>&nbsp;<\/p>\n<h3>Fechas clave<\/h3>\n<p>Convocatoria abierta.<\/p>\n<p>&nbsp;<\/p>\n<h3>Documentaci\u00f3n para la solicitud<\/h3>\n<ul>\n<li>Declaraci\u00f3n responsable relativa a si se han solicitado u obtenido otras ayudas p\u00fablicas o privadas por la misma finalidad, haciendo constar las entidades que han concedido las ayudas y la cantidad solicitada y obtenida.<\/li>\n<li>Declaraci\u00f3n de cumplimiento de requisitos para acceder a la ayuda.<\/li>\n<li>Informe socioecon\u00f3mico emitido por servicios sociales.<\/li>\n<li>Contrato de alquiler, cesi\u00f3n, subarrendamiento o cualquier t\u00edtulo jur\u00eddico habilitante que acredite su empleo.<\/li>\n<li>Justificaci\u00f3n de ingresos de la unidad de convivencia con las tres \u00faltimas n\u00f3minas previas a la presentaci\u00f3n de la solicitud, si todav\u00eda no se dispone de n\u00f3minas ser\u00e1 necesario presentar el contrato de trabajo. En el caso de trabajadores por cuenta propia, ser\u00e1 necesaria la presentaci\u00f3n de la declaraci\u00f3n trimestral del IRPF correspondiente.<\/li>\n<li>Documentaci\u00f3n acreditativa del proceso de p\u00e9rdida de vivienda.<\/li>\n<\/ul>\n<p>&nbsp;<\/p>\n<h3>Tramitaci\u00f3n<\/h3>\n<p>Preferentemente por internet, desde el enlace: <a href=\"https:\/\/web.gencat.cat\/ca\/tramits\/tramits-temes\/Prestacions-economiques-despecial-urgencia-per-a-lhabitatge?category=&amp;evolutiuTramit=1&amp;moda=4\" target=\"_blank\" rel=\"noopener\">Prestaci\u00f3n por atender situaciones de p\u00e9rdida de la vivienda.<\/a><\/p>\n<p>Presencial accediendo a la Oficina Local de Vivienda de Gav\u00e0.<\/p>\n<p>&nbsp;<\/p>\n<h3>M\u00e1s informaci\u00f3n<\/h3>\n<p>Se puede consultar la documentaci\u00f3n detallada y otras informaciones as\u00ed como las bases de las ayudas: <a href=\"https:\/\/web.gencat.cat\/ca\/tramits\/tramits-temes\/Prestacions-economiques-despecial-urgencia-per-a-lhabitatge?category=&amp;evolutiuTramit=1&amp;moda=4\" target=\"_blank\" rel=\"noopener\">Documentaci\u00f3n, requisitos y otras informaciones.<\/a><\/p>\n<h4><\/h4>\n","protected":false},"excerpt":{"rendered":"<p>Ayudas para hacer frente al pago de las rentas de <a href=\"https:\/\/www.gavahabitatge.cat\/es\/alquiler-y-ayudas\/prestaciones\/prestacion-para-atender-situaciones-de-perdida-de-la-vivienda\/\"><\/p>\n<div id=\"ves-hi\">Llegir m\u00e9s<\/div>\n<p><\/a><\/p>\n","protected":false},"author":1,"featured_media":1571,"parent":1071,"menu_order":0,"comment_status":"closed","ping_status":"closed","template":"100-width.php","meta":{"_acf_changed":false,"footnotes":""},"class_list":["post-1077","page","type-page","status-publish","has-post-thumbnail","hentry"],"acf":[],"_links":{"self":[{"href":"https:\/\/www.gavahabitatge.cat\/es\/wp-json\/wp\/v2\/pages\/1077","targetHints":{"allow":["GET"]}}],"collection":[{"href":"https:\/\/www.gavahabitatge.cat\/es\/wp-json\/wp\/v2\/pages"}],"about":[{"href":"https:\/\/www.gavahabitatge.cat\/es\/wp-json\/wp\/v2\/types\/page"}],"author":[{"embeddable":true,"href":"https:\/\/www.gavahabitatge.cat\/es\/wp-json\/wp\/v2\/users\/1"}],"replies":[{"embeddable":true,"href":"https:\/\/www.gavahabitatge.cat\/es\/wp-json\/wp\/v2\/comments?post=1077"}],"version-history":[{"count":1,"href":"https:\/\/www.gavahabitatge.cat\/es\/wp-json\/wp\/v2\/pages\/1077\/revisions"}],"predecessor-version":[{"id":1806,"href":"https:\/\/www.gavahabitatge.cat\/es\/wp-json\/wp\/v2\/pages\/1077\/revisions\/1806"}],"up":[{"embeddable":true,"href":"https:\/\/www.gavahabitatge.cat\/es\/wp-json\/wp\/v2\/pages\/1071"}],"wp:featuredmedia":[{"embeddable":true,"href":"https:\/\/www.gavahabitatge.cat\/es\/wp-json\/wp\/v2\/media\/1571"}],"wp:attachment":[{"href":"https:\/\/www.gavahabitatge.cat\/es\/wp-json\/wp\/v2\/media?parent=1077"}],"curies":[{"name":"wp","href":"https:\/\/api.w.org\/{rel}","templated":true}]}}