{"id":1075,"date":"2025-01-13T16:23:26","date_gmt":"2025-01-13T15:23:26","guid":{"rendered":"https:\/\/www.gavahabitatge.cat\/?page_id=1075"},"modified":"2026-02-26T16:36:26","modified_gmt":"2026-02-26T15:36:26","slug":"prestacion-para-el-pago-de-la-deuda-de-rentas-de-alquiler-derivado-del-impacto-economico-y-social-del-covid-19","status":"publish","type":"page","link":"https:\/\/www.gavahabitatge.cat\/es\/alquiler-y-ayudas\/prestaciones\/prestacion-para-el-pago-de-la-deuda-de-rentas-de-alquiler-derivado-del-impacto-economico-y-social-del-covid-19\/","title":{"rendered":"Prestaci\u00f3n para el pago de la deuda de rentas de alquiler derivado del impacto econ\u00f3mico y social del Covid-19"},"content":{"rendered":"<p>Ayudas para hacer frente al pago de la deuda de las rentas de alquiler, a las que el coste de la vivienda derivado del impacto econ\u00f3mico y social de la Covid-19 puede situar en riesgo de exclusi\u00f3n social residencial.<\/p>\n<p>&nbsp;<\/p>\n<h3>\u00bfA qui\u00e9n va dirigido?<\/h3>\n<p>Estas prestaciones est\u00e1n destinadas a personas f\u00edsicas residentes en Catalunya que sean titulares de un contrato de alquiler o cesi\u00f3n de uso de una vivienda destinada a residencia habitual y permanente, con deuda de rentas de alquiler a partir del mes de abril de 2020 , a quien el coste de la vivienda puede situar en riesgo de exclusi\u00f3n social residencial.<\/p>\n<p>&nbsp;<\/p>\n<h3>Requisitos generales<\/h3>\n<p>Tener la residencia legal en Catalu\u00f1a, y ser titular del contrato de alquiler de la vivienda en la que residan con car\u00e1cter habitual y permanente. La persona solicitante debe tener una deuda de rentas de alquiler producida por circunstancias sobrevenidas y no previsibles a partir del mes de abril de 2020.<\/p>\n<p>La unidad de convivencia se encuentra o se ha encontrado en situaci\u00f3n de desempleo, en E.R.T.O., o ha sufrido una disminuci\u00f3n de ingresos derivado del impacto econ\u00f3mico y social de la Covid 19. Habr\u00e1 que presentar entre otros documentos, el Certificado de afectaci\u00f3n por E.R.T.O. o declaraci\u00f3n responsable que justifique la circunstancia que ha provocado la disminuci\u00f3n de ingresos. Tener unos ingresos no superiores a 2 veces el IRSC en el caso de vivir solas, o 2,5 veces el IRSC por dos o m\u00e1s miembros, y no superior a 3 veces el IRSC para personas con discapacidades o gran dependencia.<\/p>\n<p>El importe del alquiler no puede superar los 800 \u20ac mensuales.<\/p>\n<p>Puede consultar los l\u00edmites de ingresos del IRSC por la Zona A en el siguiente enlace: <a href=\"https:\/\/habitatge.gencat.cat\/ca\/ambits\/Preus-ingressos-i-zones\/taules-dingressos-de-referencia-en-materia-dhabitatge-\/Taules_ingressos_ajuts_i_serveis\/\" target=\"_blank\" rel=\"noopener\">Tablas de ingresos de referencia para las ayudas o servicios en materia de vivienda. Habitatge (gencat.cat)<\/a><\/p>\n<p>&nbsp;<\/p>\n<h3>Importe de la subvenci\u00f3n<\/h3>\n<p>La cuant\u00eda de la prestaci\u00f3n se fija de acuerdo con la deuda acreditada, con un importe m\u00e1ximo de 4.500\u20ac por un per\u00edodo m\u00e1ximo de 12 meses.<\/p>\n<p>&nbsp;<\/p>\n<h3>Fechas clave<\/h3>\n<p>Convocatoria abierta.<\/p>\n<p>&nbsp;<\/p>\n<h3>Documentaci\u00f3n para la solicitud<\/h3>\n<ul>\n<li>Declaraci\u00f3n responsable relativa a si se han solicitado u obtenido otras ayudas p\u00fablicas o privadas por la misma finalidad, haciendo constar las entidades que han concedido las ayudas y la cantidad solicitada y obtenida.<\/li>\n<li>Declaraci\u00f3n de cumplimiento de requisitos para acceder a la ayuda.<\/li>\n<li>Certificado de empresa acreditativo de haber estado afectado por un Expediente de Regulaci\u00f3n Temporal de Empleo (ERTO).<\/li>\n<li>En caso de trabajadores por cuenta propia, declaraci\u00f3n responsable en la que se justifique la circunstancia concreta que ha provocado la disminuci\u00f3n de ingresos.<\/li>\n<li>Contrato de alquiler, cesi\u00f3n o subarrendamiento a nombre del solicitante, acreditando el pago de la fianza de alquiler al arrendador.<\/li>\n<li>Justificaci\u00f3n de ingresos de la unidad de convivencia con las tres \u00faltimas n\u00f3minas previas a la presentaci\u00f3n de la solicitud, si todav\u00eda no se dispone de n\u00f3minas ser\u00e1 necesario presentar el contrato de trabajo. En el caso de trabajadores por cuenta propia, ser\u00e1 necesaria la presentaci\u00f3n de la declaraci\u00f3n trimestral del IRPF correspondiente.<\/li>\n<li>Certificado de la persona propietaria o administradora de la vivienda que acredite el importe detallado de la deuda y de los meses correspondientes.<\/li>\n<\/ul>\n<p>&nbsp;<\/p>\n<h3>Tramitaci\u00f3n<\/h3>\n<p>Preferentemente por internet, desde el enlace: <a href=\"https:\/\/web.gencat.cat\/ca\/tramits\/tramits-temes\/Prestacions-economiques-despecial-urgencia-per-a-lhabitatge?category=&amp;evolutiuTramit=1&amp;moda=2\" target=\"_blank\" rel=\"noopener\">Prestaci\u00f3n para el pago de la deuda de rentas de alquiler derivado del Covid-19.<\/a><\/p>\n<p>Presencial accediendo a la Oficina Local de Vivienda de Gav\u00e0.<\/p>\n<p>&nbsp;<\/p>\n<h3>M\u00e1s informaci\u00f3n<\/h3>\n<p>Se puede consultar la documentaci\u00f3n detallada y otras informaciones as\u00ed como las bases de las ayudas: <a href=\"https:\/\/web.gencat.cat\/ca\/tramits\/tramits-temes\/Prestacions-economiques-despecial-urgencia-per-a-lhabitatge?category=&amp;evolutiuTramit=1&amp;moda=2\" target=\"_blank\" rel=\"noopener\">Documentaci\u00f3n, requisitos y otras informaciones<\/a><\/p>\n<p>&nbsp;<\/p>\n","protected":false},"excerpt":{"rendered":"<p>Ayudas para hacer frente al pago de la deuda de <a href=\"https:\/\/www.gavahabitatge.cat\/es\/alquiler-y-ayudas\/prestaciones\/prestacion-para-el-pago-de-la-deuda-de-rentas-de-alquiler-derivado-del-impacto-economico-y-social-del-covid-19\/\"><\/p>\n<div id=\"ves-hi\">Llegir m\u00e9s<\/div>\n<p><\/a><\/p>\n","protected":false},"author":1,"featured_media":1571,"parent":1071,"menu_order":0,"comment_status":"closed","ping_status":"closed","template":"100-width.php","meta":{"_acf_changed":false,"footnotes":""},"class_list":["post-1075","page","type-page","status-publish","has-post-thumbnail","hentry"],"acf":[],"_links":{"self":[{"href":"https:\/\/www.gavahabitatge.cat\/es\/wp-json\/wp\/v2\/pages\/1075","targetHints":{"allow":["GET"]}}],"collection":[{"href":"https:\/\/www.gavahabitatge.cat\/es\/wp-json\/wp\/v2\/pages"}],"about":[{"href":"https:\/\/www.gavahabitatge.cat\/es\/wp-json\/wp\/v2\/types\/page"}],"author":[{"embeddable":true,"href":"https:\/\/www.gavahabitatge.cat\/es\/wp-json\/wp\/v2\/users\/1"}],"replies":[{"embeddable":true,"href":"https:\/\/www.gavahabitatge.cat\/es\/wp-json\/wp\/v2\/comments?post=1075"}],"version-history":[{"count":1,"href":"https:\/\/www.gavahabitatge.cat\/es\/wp-json\/wp\/v2\/pages\/1075\/revisions"}],"predecessor-version":[{"id":1803,"href":"https:\/\/www.gavahabitatge.cat\/es\/wp-json\/wp\/v2\/pages\/1075\/revisions\/1803"}],"up":[{"embeddable":true,"href":"https:\/\/www.gavahabitatge.cat\/es\/wp-json\/wp\/v2\/pages\/1071"}],"wp:featuredmedia":[{"embeddable":true,"href":"https:\/\/www.gavahabitatge.cat\/es\/wp-json\/wp\/v2\/media\/1571"}],"wp:attachment":[{"href":"https:\/\/www.gavahabitatge.cat\/es\/wp-json\/wp\/v2\/media?parent=1075"}],"curies":[{"name":"wp","href":"https:\/\/api.w.org\/{rel}","templated":true}]}}