{"id":1073,"date":"2025-01-13T16:21:34","date_gmt":"2025-01-13T15:21:34","guid":{"rendered":"https:\/\/www.gavahabitatge.cat\/?page_id=1073"},"modified":"2026-02-26T16:38:19","modified_gmt":"2026-02-26T15:38:19","slug":"prestacion-para-el-pago-de-la-deuda-de-rentas-de-alquiler","status":"publish","type":"page","link":"https:\/\/www.gavahabitatge.cat\/es\/alquiler-y-ayudas\/prestaciones\/prestacion-para-el-pago-de-la-deuda-de-rentas-de-alquiler\/","title":{"rendered":"Prestaci\u00f3n para el pago de la deuda de rentas de alquiler"},"content":{"rendered":"<p>Ayudas para hacer frente al pago de la deuda de las rentas de alquiler, a las que el coste de la vivienda puede situar en riesgo de exclusi\u00f3n social residencial.<\/p>\n<p>&nbsp;<\/p>\n<h3>\u00bfA qui\u00e9n va dirigido?<\/h3>\n<p>Estas prestaciones est\u00e1n destinadas a personas f\u00edsicas residentes en Catalu\u00f1a que sean titulares de un contrato de alquiler de una vivienda destinada a residencia habitual y permanente, a quien el coste de la vivienda puede situar en riesgo de exclusi\u00f3n social residencial.<\/p>\n<p>&nbsp;<\/p>\n<h3>Requisitos generales<\/h3>\n<ul>\n<li>Ser titular del contrato de alquiler de la vivienda en la que residan con car\u00e1cter habitual y permanente.<\/li>\n<li>Estar en riesgo de exclusi\u00f3n social y acreditar unos ingresos de la unidad de convivencia no superiores a 2 veces el IRSC en el caso de personas que viven solas, no superiores a 2,5 veces el IRSC en unidades de convivencia de dos miembros o m\u00e1s, y no superiores a 3 veces el IRSC en caso de personas con discapacidades o gran dependencia. Gav\u00e0 forma parte de la Zona A a efectos de aplicaci\u00f3n de la normativa. Puede consultar los l\u00edmites de ingresos del IRSC por la Zona A en el siguiente enlace:\u00a0<a href=\"https:\/\/habitatge.gencat.cat\/ca\/ambits\/Preus-ingressos-i-zones\/taules-dingressos-de-referencia-en-materia-dhabitatge-\/Taules_ingressos_ajuts_i_serveis\/\" target=\"_blank\" rel=\"noopener\">Tablas de ingresos de referencia para ayudas o servicios en materia de vivienda. Habitatge (gencat.cat)<\/a><\/li>\n<li>Aportaci\u00f3n de un informe socioecon\u00f3mico de los servicios sociales de atenci\u00f3n primaria, en el que se proponga el otorgamiento de la prestaci\u00f3n por motivos de urgencia y especial necesidad.<\/li>\n<li>La persona solicitante debe haber pagado el alquiler durante un per\u00edodo m\u00ednimo de tres meses desde la firma del contrato hasta la presentaci\u00f3n de la solicitud. Adem\u00e1s, en el momento de la resoluci\u00f3n, el contrato de alquiler debe tener un plazo de vigencia igual o superior a doce meses.<\/li>\n<li>No podr\u00e1n acceder a estas prestaciones las personas ocupantes de viviendas de la Ag\u00e8ncia de l\u2019Habitatge de Catalunya, por otras administraciones p\u00fablicas o por entidades sin \u00e1nimo de lucro.<\/li>\n<li>El importe de la cuota de alquiler no podr\u00e1 superar los 800 euros mensuales.<\/li>\n<\/ul>\n<p>&nbsp;<\/p>\n<h3>Importe de la subvenci\u00f3n<\/h3>\n<p>La cuant\u00eda de la prestaci\u00f3n se fija de acuerdo con la deuda acreditada, con un importe m\u00e1ximo de 4.500 euros y puede otorgarse por un per\u00edodo m\u00e1ximo de deuda de 12 meses.<\/p>\n<p>&nbsp;<\/p>\n<h3>Fechas clave<\/h3>\n<p>Convocatoria 2022 abierta.<\/p>\n<p>&nbsp;<\/p>\n<h3>Documentaci\u00f3n para la solicitud<\/h3>\n<ul>\n<li>Declaraci\u00f3n responsable relativa a si se han solicitado u obtenido otras ayudas p\u00fablicas o privadas con la misma finalidad, haciendo constar las entidades que han concedido las ayudas y la cantidad solicitada y obtenida.<\/li>\n<li>Declaraci\u00f3n de cumplimiento de requisitos para acceder a la ayuda.<\/li>\n<li>Informe socioecon\u00f3mico emitido por servicios sociales.<\/li>\n<li>Contrato de alquiler, cesi\u00f3n o subarrendamiento a nombre del solicitante, acreditando el pago de la fianza de alquiler al arrendador.<\/li>\n<li>Justificaci\u00f3n de ingresos de la unidad de convivencia con las tres \u00faltimas n\u00f3minas previas a la presentaci\u00f3n de la solicitud, si todav\u00eda no se dispone de n\u00f3minas ser\u00e1 necesario presentar el contrato de trabajo. En el caso de trabajadores por cuenta propia, ser\u00e1 necesaria la presentaci\u00f3n de la declaraci\u00f3n trimestral del IRPF correspondiente.<\/li>\n<li>Certificado de la persona propietaria o administradora de la vivienda que acredite el importe detallado de la deuda y de los meses correspondientes.<\/li>\n<\/ul>\n<p>&nbsp;<\/p>\n<h3>Tramitaci\u00f3n<\/h3>\n<p>Preferentemente por internet, desde el enlace: <a href=\"https:\/\/web.gencat.cat\/ca\/tramits\/tramits-temes\/Prestacions-economiques-despecial-urgencia-per-a-lhabitatge?category=&amp;moda=1\" target=\"_blank\" rel=\"noopener\">Prestaci\u00f3n para el pago de la deuda de rentas de alquiler<\/a>.<\/p>\n<p>Presencial accediendo a la Oficina Local de Vivienda de Gav\u00e0.<\/p>\n<p>&nbsp;<\/p>\n<h3>M\u00e1s informaci\u00f3n<\/h3>\n<p>Se puede consultar la documentaci\u00f3n detallada y otras informaciones as\u00ed como las bases de las ayudas:\u00a0<a href=\"https:\/\/web.gencat.cat\/ca\/tramits\/tramits-temes\/Prestacions-economiques-despecial-urgencia-per-a-lhabitatge?category=&amp;moda=1\" target=\"_blank\" rel=\"noopener\">Documentaci\u00f3n, requisitos y otras informaciones<\/a><\/p>\n<p><a href=\"https:\/\/web.gencat.cat\/ca\/tramits\/tramits-temes\/Prestacions-economiques-despecial-urgencia-per-a-lhabitatge?category=&amp;moda=1\" target=\"_blank\" rel=\"noopener\">RESOLUCI\u00d3 TES\/126\/2021, de 15 de gener, per la qual s&#8217;estableixen les condicions d&#8217;acc\u00e9s a les prestacions econ\u00f2miques d&#8217;especial urg\u00e8ncia, per afrontar situacions d&#8217;emerg\u00e8ncia en l&#8217;\u00e0mbit de l&#8217;habitatge, i el procediment per concedir-les (ref. BDNS 545712).<\/a><\/p>\n<h4><\/h4>\n","protected":false},"excerpt":{"rendered":"<p>Ayudas para hacer frente al pago de la deuda de <a href=\"https:\/\/www.gavahabitatge.cat\/es\/alquiler-y-ayudas\/prestaciones\/prestacion-para-el-pago-de-la-deuda-de-rentas-de-alquiler\/\"><\/p>\n<div id=\"ves-hi\">Llegir m\u00e9s<\/div>\n<p><\/a><\/p>\n","protected":false},"author":1,"featured_media":1571,"parent":1071,"menu_order":0,"comment_status":"closed","ping_status":"closed","template":"100-width.php","meta":{"_acf_changed":false,"footnotes":""},"class_list":["post-1073","page","type-page","status-publish","has-post-thumbnail","hentry"],"acf":[],"_links":{"self":[{"href":"https:\/\/www.gavahabitatge.cat\/es\/wp-json\/wp\/v2\/pages\/1073","targetHints":{"allow":["GET"]}}],"collection":[{"href":"https:\/\/www.gavahabitatge.cat\/es\/wp-json\/wp\/v2\/pages"}],"about":[{"href":"https:\/\/www.gavahabitatge.cat\/es\/wp-json\/wp\/v2\/types\/page"}],"author":[{"embeddable":true,"href":"https:\/\/www.gavahabitatge.cat\/es\/wp-json\/wp\/v2\/users\/1"}],"replies":[{"embeddable":true,"href":"https:\/\/www.gavahabitatge.cat\/es\/wp-json\/wp\/v2\/comments?post=1073"}],"version-history":[{"count":1,"href":"https:\/\/www.gavahabitatge.cat\/es\/wp-json\/wp\/v2\/pages\/1073\/revisions"}],"predecessor-version":[{"id":1808,"href":"https:\/\/www.gavahabitatge.cat\/es\/wp-json\/wp\/v2\/pages\/1073\/revisions\/1808"}],"up":[{"embeddable":true,"href":"https:\/\/www.gavahabitatge.cat\/es\/wp-json\/wp\/v2\/pages\/1071"}],"wp:featuredmedia":[{"embeddable":true,"href":"https:\/\/www.gavahabitatge.cat\/es\/wp-json\/wp\/v2\/media\/1571"}],"wp:attachment":[{"href":"https:\/\/www.gavahabitatge.cat\/es\/wp-json\/wp\/v2\/media?parent=1073"}],"curies":[{"name":"wp","href":"https:\/\/api.w.org\/{rel}","templated":true}]}}