{"id":1065,"date":"2025-01-13T16:19:20","date_gmt":"2025-01-13T15:19:20","guid":{"rendered":"https:\/\/www.gavahabitatge.cat\/?page_id=1065"},"modified":"2026-03-30T10:18:44","modified_gmt":"2026-03-30T08:18:44","slug":"subvencion-para-el-pago-del-alquiler-y-cesion-de-uso-para-mayores-de-65-anos","status":"publish","type":"page","link":"https:\/\/www.gavahabitatge.cat\/es\/alquiler-y-ayudas\/subvenciones\/subvencion-para-el-pago-del-alquiler-y-cesion-de-uso-para-mayores-de-65-anos\/","title":{"rendered":"Subvenci\u00f3n para el pago del alquiler y cesi\u00f3n de uso para mayores de 65 a\u00f1os"},"content":{"rendered":"<p>El plazo de presentaci\u00f3n de solicitudes se incia el 31 de marzo de 2026 a las 9:00h y finaliza el 30 de abril de 2026 a las 14:00h.<\/p>\n<h3>\u00bfQu\u00e9 es?<\/h3>\n<p>Convocatoria de subvenciones per facilitar el acceso y la permanencia en una vivienda o habitaci\u00f3n en r\u00e9gimen de alquiler o cesi\u00f3n de uso a sectores de poblaci\u00f3n en riesgo de exclusi\u00f3n social.<\/p>\n<p>Las solicitudes se tramitan y resuelven mediante el procedimiento de\u00a0<strong>concurrencia p\u00fablica competitiva<\/strong>, comparando las solicitudes presentadas en el plazo establecido y puntuando para establecer un orden, de acuerdo con los criterios especificados en las\u00a0<a href=\"https:\/\/dogc.gencat.cat\/ca\/document-del-dogc\/?documentId=954868\" target=\"_blank\" rel=\"noopener\">bases de convocatoria<\/a>\u00a0y\u00a0<strong>hasta el agotamiento de la financiaci\u00f3n<\/strong>\u00a0disponible. En caso de ser necesaria la correcci\u00f3n de la solicitud, se entender\u00e1 como fecha de presentaci\u00f3n aquella en que se disponga de toda la documentaci\u00f3n solicitada.<\/p>\n<p>&nbsp;<\/p>\n<h3>\u00bfA qui\u00e9n va dirigido?<\/h3>\n<p>A personas residentes legales en Catalu\u00f1a y titulares de un contrato de alquiler o cesi\u00f3n de uso de una vivienda o habitaci\u00f3n que constituya su domicilio habitual y permanente y que en la fecha de 31 de enero de 2026, tengan 65 a\u00f1os y\/o m\u00e1s.<\/p>\n<p>Esta subvenci\u00f3n\u00a0<strong>no es compatible<\/strong>\u00a0para los arrendatarios o cesionarios de viviendas que gestiona o administra l&#8217;Ag\u00e8ncia d&#8217;Habitatge de Catalunya, directamente o a trav\u00e9s de otras administraciones p\u00fablicas o entidades sin \u00e1nimo de lucro. Tambi\u00e9n ser\u00e1\u00a0<strong>incompatible<\/strong>\u00a0con el cobro de otras ayudas por las mismas mensualidades y con la misma finalidad, provenientes de cualquier administraci\u00f3n p\u00fablica o entidad privada, donde la suma total de los importes a percibir en un mismo a\u00f1o natural sea superior a 4.500\u20ac.<\/p>\n<p>&nbsp;<\/p>\n<h3>Requisitos generales<\/h3>\n<ul>\n<li>Tener residencia legal en Catalu\u00f1a.<\/li>\n<li>Tener una edad de 65 a\u00f1os o m\u00e1s en fecha de 31\/01\/2026.<\/li>\n<li>Ser titular del contrato de alquiler o del contrato de cesi\u00f3n de uso de la vivienda o habitaci\u00f3n, y que constituya domicilio habitual, permanente y de empadronamiento.<\/li>\n<li>No pagar un alquiler o precio de cesi\u00f3n mensual superior a <strong>950\u20ac<\/strong> por una vivienda o <strong>450\u20ac<\/strong> por una habitaci\u00f3n. El tope se establece en <strong>1.100\u20ac<\/strong> para familias numerosas, familias monoparentales y\/o con discapacidad y baremo favorable (mobilidad reducida), en el \u00c1mbito metropolitano de Barcelona<\/li>\n<li>Estar al corriente de pago de las rentas en el momento de la presentaci\u00f3n de la solicitud.<\/li>\n<li>Pagar el alquiler o cesi\u00f3n mediante transferencia bancaria, recibo domiciliado, ingreso en cuenta, Bizum o recibo sellado por la administraci\u00f3n de la finca.<\/li>\n<li>Cumplir con las obligaciones tributarias frente al Estado, la Generalitat y la Seguridad Social.<\/li>\n<\/ul>\n<p>&nbsp;<\/p>\n<h3>Importe de la subvenci\u00f3n<\/h3>\n<p>El importe de la subvenci\u00f3n ser\u00e1 entre\u00a0<strong>20<\/strong> y <strong>200\u20ac<\/strong>\u00a0mensuales para el a\u00f1o de la convocatoria y se calcula en funci\u00f3n del porcentaje que representa el\u00a0<strong>pago del alquiler respecto a los ingresos de la unidad de convivencia y seg\u00fan los miembros que la integren<\/strong>.\u00a0No se incluir\u00e1 el importe que corresponda a plazas de aparcamiento, trasteros o similares.<\/p>\n<p>&nbsp;<\/p>\n<p>Para personas titulares de contratos de alquiler firmados <strong>entre el 1 de enero<\/strong> del a\u00f1o de la convocatoria y la fecha en que finaliza el <strong>plazo de presentaci\u00f3n de solicitudes<\/strong>, el importe de la subvenci\u00f3n ser\u00e1 por la cuantia correspondiente a las mensualidades\u00a0 incluidas <strong>entre el mes posterior a la fecha de vigencia del contrato<\/strong> presentado en el momento de realizar la solcitud y <strong>el mes de diciembre<\/strong> del a\u00f1o de la convocatoria, con un importe m\u00e1ximo mensual de <strong>200 euros<\/strong> y un importe m\u00ednimo mensual de <strong>20 euros<\/strong>.<\/p>\n<p>Si con posterioridad a la presentaci\u00f3n de la solicitud y antes de dictarse resoluci\u00f3n, el solicitante aporta un nuevo contrato de alquiler o cesi\u00f3n, adenda al contrato vigente o un pacto firmado entre las partes, siempre y cuando con la documentaci\u00f3n inicialmente aportada se cumplan los requisitos, se tendr\u00e1 en cuenta para el c\u00e1lculo de la subvenci\u00f3n el importe del \u00faltimo recibo de alquiler o precio de cesi\u00f3n pagado correspondiente al nuevo contrato, adenda o pacto.<\/p>\n<p>&nbsp;<\/p>\n<h3>Documentaci\u00f3n para realizar la solicitud<\/h3>\n<ul>\n<li><a href=\"https:\/\/www.gavahabitatge.cat\/wp-content\/uploads\/2026\/03\/RE-1259v3.pdf\">Solicitud de Subvenci\u00f3n correctamente completa.<\/a><\/li>\n<li>Contrato de alquiler vigente.<\/li>\n<li>Recibos pagados desde Enero de 2026.<\/li>\n<li>Certificado de titularidad bancaria \/ <a href=\"https:\/\/www.gavahabitatge.cat\/wp-content\/uploads\/2026\/03\/RE_704_sol_trans_banc-1.pdf\">Solicitud de transferencia bancaria para pagos de l&#8217;Ag\u00e8ncia de l&#8217;Habitatge de Catalunya (\u00e0rea SEPA).<\/a><\/li>\n<li>Documento nacional de identidad vigente (DNI).<\/li>\n<li>Ciudadanos de la Uni\u00f3n Europea: Certificado de registro de ciudadanos de la UE vigente.<\/li>\n<li>Extranjeros no comunitarios: NIE y tarjeta de identidad de extranjero (TIE)<\/li>\n<li>Justificante de ingresos de la persona solicitante i de los miembros de la unidad de convivencia en edad laboral aportando la Declaraci\u00f3n de la renta de persones f\u00edsicas o Certificado de imputaciones de la Agencia Estatal de la Administraci\u00f3n Tributaria de 2024.<\/li>\n<li>Libro de familia si es necesario.<\/li>\n<\/ul>\n<p>.<\/p>\n<p>&nbsp;<\/p>\n<h3>Tramitaci\u00f3n<\/h3>\n<p>Telem\u00e1tica a trav\u00e9s de\u00a0<a href=\"https:\/\/habitatge.gencat.cat\/ca\/detalls\/Tramits\/20246_Subvencions-per-al-pagament-del-lloguer?moda=3\" target=\"_blank\" rel=\"noopener\">gencat<\/a>, como opci\u00f3n preferente.<\/p>\n<p>Telem\u00e1tica a trav\u00e9s de\u00a0la\u00a0<a href=\"https:\/\/eseu.gava.cat\/sta\/CarpetaPublic\/doEvent?APP_CODE=STA&amp;PAGE_CODE=PTS2_HOME&amp;lang=CA\" target=\"_blank\" rel=\"noopener\">Seu electr\u00f2nica &#8211; Ajuntament de Gav\u00e0<\/a>\u00a0\u00a0o presencial accediendo a la Oficina Local d\u2019Habitatge de Gav\u00e0.<\/p>\n<ul>\n<li>\n<p id=\"tw-target-text\" class=\"tw-data-text tw-text-large tw-ta\" dir=\"ltr\" tabindex=\"-1\" role=\"text\" data-placeholder=\"Traducci\u00f3n\" data-ved=\"2ahUKEwidiMvtl8eTAxX0RaQEHWqxK0wQ3ewLegQIDBAX\" aria-label=\"Texto traducido: Para realizar el tr\u00e1mite de la solicitud electr\u00f3nica se debe estar dado de alta en el idCAT m\u00f3vil.\nSi no est\u00e1 dado de alta se debe realizar el registro presencial en la oficina para la identificaci\u00f3n digital.\nSe puede presentar por medio de un presentante (representante), que lo har\u00e1 desde su idCAT\nm\u00f3vil, pero con los datos de la persona solicitante.\nEn este link puede consultar d\u00f3nde se puede hacer el tr\u00e1mite.\nhttps:\/\/web.gencat.cat\/ca\/atenem\/suport-tramitacio\/durante-la-tramitacio\/firmar-e-identificar-\ndigitalmente\/idcat-mobil\/com-dar-alta-idcat-mobil\nDebe guardar el acuse de recibo que se genera una vez enviada la solicitud.\n\u00c9ste es el \u00fanico justificante que verifica la solicitud como presentada.\nEn ning\u00fan caso se aceptar\u00e1 un borrador como solicitud.\nSino, puede presentar la solicitud presencialmente en su oficina gestora\"><strong><span class=\"Y2IQFc\" lang=\"es\">Para realizar el tr\u00e1mite de la solicitud electr\u00f3nica se debe estar dado de alta en el idCAT m\u00f3vil. Si no est\u00e1 dado de alta se debe realizar el registro presencial en la oficina para la identificaci\u00f3n digital. Se puede presentar por medio de un presentante (representante), que lo har\u00e1 desde su idCAT m\u00f3vil, pero con los datos de la persona solicitante. En este link puede consultar d\u00f3nde se puede hacer el tr\u00e1mite. https:\/\/web.gencat.cat\/ca\/atenem\/suport-tramitacio\/durante-la-tramitacio\/firmar-e-identificar- digitalmente\/idcat-mobil\/com-dar-alta-idcat-mobil Debe guardar el acuse de recibo que se genera una vez enviada la solicitud. \u00c9ste es el \u00fanico justificante que verifica la solicitud como presentada. En ning\u00fan caso se aceptar\u00e1 un borrador como solicitud. Sino, puede presentar la solicitud presencialmente en su oficina gestora<\/span><\/strong><\/p>\n<\/li>\n<\/ul>\n<h4><\/h4>\n","protected":false},"excerpt":{"rendered":"<p>El plazo de presentaci\u00f3n de solicitudes se incia el 31 <a href=\"https:\/\/www.gavahabitatge.cat\/es\/alquiler-y-ayudas\/subvenciones\/subvencion-para-el-pago-del-alquiler-y-cesion-de-uso-para-mayores-de-65-anos\/\"><\/p>\n<div id=\"ves-hi\">Llegir m\u00e9s<\/div>\n<p><\/a><\/p>\n","protected":false},"author":1,"featured_media":1571,"parent":1063,"menu_order":0,"comment_status":"closed","ping_status":"closed","template":"100-width.php","meta":{"_acf_changed":false,"footnotes":""},"class_list":["post-1065","page","type-page","status-publish","has-post-thumbnail","hentry"],"acf":[],"_links":{"self":[{"href":"https:\/\/www.gavahabitatge.cat\/es\/wp-json\/wp\/v2\/pages\/1065","targetHints":{"allow":["GET"]}}],"collection":[{"href":"https:\/\/www.gavahabitatge.cat\/es\/wp-json\/wp\/v2\/pages"}],"about":[{"href":"https:\/\/www.gavahabitatge.cat\/es\/wp-json\/wp\/v2\/types\/page"}],"author":[{"embeddable":true,"href":"https:\/\/www.gavahabitatge.cat\/es\/wp-json\/wp\/v2\/users\/1"}],"replies":[{"embeddable":true,"href":"https:\/\/www.gavahabitatge.cat\/es\/wp-json\/wp\/v2\/comments?post=1065"}],"version-history":[{"count":3,"href":"https:\/\/www.gavahabitatge.cat\/es\/wp-json\/wp\/v2\/pages\/1065\/revisions"}],"predecessor-version":[{"id":1853,"href":"https:\/\/www.gavahabitatge.cat\/es\/wp-json\/wp\/v2\/pages\/1065\/revisions\/1853"}],"up":[{"embeddable":true,"href":"https:\/\/www.gavahabitatge.cat\/es\/wp-json\/wp\/v2\/pages\/1063"}],"wp:featuredmedia":[{"embeddable":true,"href":"https:\/\/www.gavahabitatge.cat\/es\/wp-json\/wp\/v2\/media\/1571"}],"wp:attachment":[{"href":"https:\/\/www.gavahabitatge.cat\/es\/wp-json\/wp\/v2\/media?parent=1065"}],"curies":[{"name":"wp","href":"https:\/\/api.w.org\/{rel}","templated":true}]}}