{"id":1053,"date":"2024-04-02T11:41:17","date_gmt":"2024-04-02T09:41:17","guid":{"rendered":"https:\/\/www.gavahabitatge.cat\/?page_id=1053"},"modified":"2026-02-26T16:36:54","modified_gmt":"2026-02-26T15:36:54","slug":"registro-de-solicitantes-de-viviendas-de-proteccion-oficial","status":"publish","type":"page","link":"https:\/\/www.gavahabitatge.cat\/es\/alquiler-y-ayudas\/alquiler-social\/registro-de-solicitantes-de-viviendas-de-proteccion-oficial\/","title":{"rendered":"Registro de solicitantes de viviendas de protecci\u00f3n oficial"},"content":{"rendered":"<p>Para poder acceder a una vivienda de protecci\u00f3n oficial, es necesario inscribirse previamente en el Registro de Solicitantes de Vivienda de Protecci\u00f3n Oficial. Este registro proporciona informaci\u00f3n sobre las necesidades reales y la distribuci\u00f3n territorial de las viviendas. Tambi\u00e9n permite agilizar los procesos de adjudicaci\u00f3n garantizando la m\u00e1xima transparencia.<\/p>\n<p>La inscripci\u00f3n en el registro se puede realizar en cualquier momento y tiene una vigencia de un a\u00f1o, pasado este per\u00edodo se puede renovar. Los solicitantes de esta tipolog\u00eda de viviendas deber\u00e1n destinarla a residencia habitual y permanente, y no podr\u00e1n ni cederla o alquilarla a otras personas. Tambi\u00e9n se incluyen garajes y trasteros siempre que est\u00e9n vinculados a una vivienda protegida.<\/p>\n<p>Para buscar una vivienda de protecci\u00f3n oficial deber\u00e1 dirigirse a la oficina local de vivienda m\u00e1s cercana a su domicilio.<\/p>\n<p>&nbsp;<\/p>\n<h3>\u00bfA qui\u00e9n va dirigido?<\/h3>\n<p>Va dirigido a la poblaci\u00f3n que est\u00e9 interesada en la oferta de viviendas con precios m\u00e1s asequibles, teniendo en cuenta el l\u00edmite m\u00e1ximo de ingresos calculado de acuerdo con el \u00edndice de renta de suficiencia de Catalu\u00f1a (IRSC), el n\u00famero de miembros de la unidad familiar y la zona geogr\u00e1fica en la que se encuentra el municipio de la vivienda.<\/p>\n<p>En el siguiente enlace se pueden consultar las tablas de ingresos de referencia para acceder a una vivienda protegida as\u00ed como el mapa de las zonas geogr\u00e1ficas y las \u00e1reas de demanda residencial fuerte y acreditada:<\/p>\n<ul>\n<li><a href=\"https:\/\/habitatge.gencat.cat\/ca\/ambits\/Preus-ingressos-i-zones\/taules-dingressos-de-referencia-en-materia-dhabitatge-\/taules-dingressos-per-accedir-a-un-habitatge-protegit\/\" target=\"_blank\" rel=\"noopener\">Tablas de ingresos de referencia.<\/a><\/li>\n<li><a href=\"https:\/\/habitatge.gencat.cat\/ca\/ambits\/Preus-ingressos-i-zones\/mapa-de-les-zones-geografiques-i-les-arees-de-demanda-residencial-forta-i-acreditada\/\" target=\"_blank\" rel=\"noopener\">Mapa de las zonas y \u00e1reas de demanda residencial.<\/a><\/li>\n<\/ul>\n<p>&nbsp;<\/p>\n<h3>Requisitos<\/h3>\n<p>Cualquier persona f\u00edsica deber\u00e1 cumplir con las siguientes condiciones:<\/p>\n<ul>\n<li>Ser mayor de edad o estar emancipado, con residencia legal en territorio espa\u00f1ol.<\/li>\n<li>Estar empadronado en un municipio de Catalu\u00f1a (este requisito no se exige a las personas originarias de Catalu\u00f1a o antiguas residentes siempre que acrediten tener presentada la solicitud de reconocimiento de la condici\u00f3n de persona devuelta).<\/li>\n<li>No hallarse incapacidad para obligarse contractualmente, salvo representaci\u00f3n legal o autorizaci\u00f3n judicial sustitutoria.<\/li>\n<li>No ser titular de una vivienda protegida.<\/li>\n<li>No ser titular de una vivienda libre, o en caso de serlo que la vivienda de la que se dispone no sea adecuada o no se encuentre a disposici\u00f3n del solicitante.<\/li>\n<\/ul>\n<p>&nbsp;<\/p>\n<h3>Tr\u00e1mites<\/h3>\n<p>En la Agencia de la Vivienda de Catalu\u00f1a encontrar\u00e1 la <a href=\"https:\/\/www.registresolicitants.cat\/registre\/solicitud\/index.jsp\" target=\"_blank\" rel=\"noopener\">solicitud de inscripci\u00f3n<\/a> al registro de solicitante de vivienda de protecci\u00f3n oficial, de forma telem\u00e1tica (opci\u00f3n A) y de forma presencial (Opci\u00f3n C). En el caso de tramitaci\u00f3n presencial se deber\u00e1 presentar la documentaci\u00f3n requerida en la Oficina Local de Vivienda, de forma telem\u00e1tica por la Sede del Ayuntamiento con Presentaci\u00f3n de instancias y Documentos, o presencialmente en la planta baja de la Ayuntamiento.<\/p>\n<p>Para realizar la renovaci\u00f3n como solicitante, si no se ha producido ninguna variaci\u00f3n en los datos aportados inicialmente s\u00f3lo ser\u00e1 necesario facilitar la Declaraci\u00f3n Responsable, sino se tendr\u00e1 que modificar los datos y tramitar de nuevo en el siguiente enlace: <a href=\"https:\/\/www.registresolicitants.cat\/registre\/solicitud\/renovacion.jsp\" target=\"_blank\" rel=\"noopener\">Solicitud de renovaci\u00f3n.<\/a><\/p>\n<h4><\/h4>\n<h4>Para m\u00e1s informaci\u00f3n sobre vivienda de protecci\u00f3n oficial puede acceder al\u00a0siguiente <a href=\"http:\/\/www.registresolicitants.cat\/registre\/paginas\/02_Sghp.jsp\" target=\"_blank\" rel=\"noopener\">enlace<\/a>.<\/h4>\n","protected":false},"excerpt":{"rendered":"<p>Para poder acceder a una vivienda de protecci\u00f3n oficial, es <a href=\"https:\/\/www.gavahabitatge.cat\/es\/alquiler-y-ayudas\/alquiler-social\/registro-de-solicitantes-de-viviendas-de-proteccion-oficial\/\"><\/p>\n<div id=\"ves-hi\">Llegir m\u00e9s<\/div>\n<p><\/a><\/p>\n","protected":false},"author":1,"featured_media":1571,"parent":1059,"menu_order":0,"comment_status":"closed","ping_status":"closed","template":"100-width.php","meta":{"_acf_changed":false,"footnotes":""},"class_list":["post-1053","page","type-page","status-publish","has-post-thumbnail","hentry"],"acf":[],"_links":{"self":[{"href":"https:\/\/www.gavahabitatge.cat\/es\/wp-json\/wp\/v2\/pages\/1053","targetHints":{"allow":["GET"]}}],"collection":[{"href":"https:\/\/www.gavahabitatge.cat\/es\/wp-json\/wp\/v2\/pages"}],"about":[{"href":"https:\/\/www.gavahabitatge.cat\/es\/wp-json\/wp\/v2\/types\/page"}],"author":[{"embeddable":true,"href":"https:\/\/www.gavahabitatge.cat\/es\/wp-json\/wp\/v2\/users\/1"}],"replies":[{"embeddable":true,"href":"https:\/\/www.gavahabitatge.cat\/es\/wp-json\/wp\/v2\/comments?post=1053"}],"version-history":[{"count":1,"href":"https:\/\/www.gavahabitatge.cat\/es\/wp-json\/wp\/v2\/pages\/1053\/revisions"}],"predecessor-version":[{"id":1804,"href":"https:\/\/www.gavahabitatge.cat\/es\/wp-json\/wp\/v2\/pages\/1053\/revisions\/1804"}],"up":[{"embeddable":true,"href":"https:\/\/www.gavahabitatge.cat\/es\/wp-json\/wp\/v2\/pages\/1059"}],"wp:featuredmedia":[{"embeddable":true,"href":"https:\/\/www.gavahabitatge.cat\/es\/wp-json\/wp\/v2\/media\/1571"}],"wp:attachment":[{"href":"https:\/\/www.gavahabitatge.cat\/es\/wp-json\/wp\/v2\/media?parent=1053"}],"curies":[{"name":"wp","href":"https:\/\/api.w.org\/{rel}","templated":true}]}}